{"id":950,"date":"2012-06-18T12:08:51","date_gmt":"2012-06-18T10:08:51","guid":{"rendered":"http:\/\/www.unnouveaumonde.org\/site\/?page_id=950"},"modified":"2018-02-16T11:45:50","modified_gmt":"2018-02-16T09:45:50","slug":"manipulateurs-danger","status":"publish","type":"page","link":"http:\/\/www.unnouveaumonde.org\/site\/humeur-et-humour\/manipulateurs-danger\/","title":{"rendered":"Manipulateurs&#8230;Danger"},"content":{"rendered":"<p><br class=\"spacer_\" \/><\/p>\n<p><br class=\"spacer_\" \/><\/p>\n<p><span style=\"font-size: x-large;\"><strong>Qui sont les manipulateurs ? <\/strong><\/span><\/p>\n<p><span style=\"font-size: x-large;\"><strong>Comment leur r\u00e9sister ?<\/strong><\/span><\/p>\n<p><br class=\"spacer_\" \/><\/p>\n<p>17 mars 2011 | Class\u00e9 dans: <a title=\"Voir tous les articles dans &gt;BlogNote\" href=\"http:\/\/www.neotrouve.com\/?cat=31\">&gt;BlogNote<\/a>,<a title=\"Voir tous les articles dans Psycho\" href=\"http:\/\/www.neotrouve.com\/?cat=6\">Psycho<\/a> | Publi\u00e9 par: <a title=\"Articles par N\u00e9o Trouvetout\" href=\"http:\/\/www.neotrouve.com\/?author=1\">N\u00e9o Trouvetout<\/a><\/p>\n<p>Qui sont les manipulateurs et comment agissent-ils ? Pourquoi tombons-nous dans leurs panneaux et surtout comment faire pour interrompre ce fonctionnement.<\/p>\n<p>Ci-dessous six portraits de manipulateurs avec des fonctionnements diff\u00e9rents et quelques conseils pour ne pas vous laisser faire.<\/p>\n<p align=\"center\"><img decoding=\"async\" loading=\"lazy\" class=\"aligncenter size-medium wp-image-955\" title=\"mann\" src=\"http:\/\/www.unnouveaumonde.org\/site\/wp-content\/uploads\/mann1-300x224.jpg\" alt=\"mann\" width=\"300\" height=\"224\" srcset=\"http:\/\/www.unnouveaumonde.org\/site\/wp-content\/uploads\/mann1-300x224.jpg 300w, http:\/\/www.unnouveaumonde.org\/site\/wp-content\/uploads\/mann1.jpg 440w\" sizes=\"(max-width: 300px) 100vw, 300px\" \/><\/p>\n<p style=\"text-align: justify;\">\u00a0<\/p>\n<p style=\"text-align: justify;\"><strong>1 \u2013 Le manipulateur sympathique<\/strong><br \/>\n Il est souvent autour de nous, agr\u00e9able, bon vivant et dr\u00f4le, souvent attentif aux autres. Il parle facilement, se positionne, prend sa place. Toutes les personnes gentilles et sympathiques ne sont pas des manipulatrices, mais le manipulateur sympathique lui a un objectif : vous mettre dans sa poche et cr\u00e9er une sorte de d\u00e9pendance affective, psychologique ou mat\u00e9rielle. En fait, il cherche la d\u00e9pendance de sa \u00ab victime \u00bb en la faisant changer de travail par exemple, ou en l\u2019incitant \u00e0 ne pas travailler \u00ab puisque lui peut subvenir \u00e0 ses besoins \u00bb, c\u2019est lui qui va payer la voiture, puisque en ce moment il a de l\u2019argent\u2026 mais ensuite elle est \u00e0 lui !<\/p>\n<p style=\"text-align: justify;\">\u25a0Comment r\u00e9sister : en identifiant, en vous, quels sont vos objectifs de vie, vos priorit\u00e9s, ce qui est important pour vous et ensuite, le lui dire avec beaucoup de gentillesse, puisque c\u2019est quelqu\u2019un d\u2019agr\u00e9able. Vous constaterez alors qu\u2019il r\u00e9siste, insiste, cherche \u00e0 vous convaincre, puis joue \u00e0 celui ou celle qui ne comprend pas votre attitude, puisqu\u2019il fait tout pour vous. Il tente alors de vous culpabiliser.<\/p>\n<p style=\"text-align: justify;\"><strong>2 \u2013 Le manipulateur s\u00e9ducteur<\/strong><br \/>\n Cette personne a du charme, du charisme, souvent un physique agr\u00e9able. Elle sait se mettre en valeur et est capable d\u2019exercer une v\u00e9ritable fascination sur son entourage, qu\u2019il soit professionnel ou amical. Son but : obtenir le maximum des autres : informations, aides, services, argent. Il ne r\u00e9pond pas directement aux questions que vous posez, il les \u00e9lude, mais lui ne se g\u00e8ne pas pour questionner.<\/p>\n<p style=\"text-align: justify;\">\u25a0Comment r\u00e9sister : Rendez service si cela vous fait plaisir, mais sachez dire non, sans vous justifier ni culpabiliser quand cette demande n\u2019est pas opportune.<\/p>\n<p style=\"text-align: justify;\"><strong>3 \u2013 Le manipulateur altruiste<\/strong><br \/>\n Le manipulateur altruiste fait de nombreux cadeaux, est tr\u00e8s attentionn\u00e9, il rend service avant m\u00eame qu\u2019on lui demande quoi que ce soit. Attention les gens gentils et attentionn\u00e9s ne sont pas n\u00e9cessairement des manipulateurs, cependant, vous identifierez facilement celui-ci lorsqu\u2019il vous dira ou vous fera comprendre \u00ab que c\u2019est le moment de renvoyer l\u2019ascenseur\u2026 \u00bb. Il d\u00e9cide alors pour vous de la r\u00e9ciprocit\u00e9 : en ce sens qu\u2019il impose le moment et la nature de cette r\u00e9ciprocit\u00e9 et s\u2019arrangera pour vous faire culpabiliser.<\/p>\n<p style=\"text-align: justify;\">\u25a0Comment r\u00e9sister distinguez dans votre esprit, ce qu\u2019il a choisi de faire pour vous et mettez en \u00e9vidence que vous ne lui avez rien demand\u00e9\u2026 mais que l\u00e0, franchement, vous ne pouvez pas acc\u00e9der \u00e0 sa demande. Et ne culpabilisez pas justement ! ! !<\/p>\n<p style=\"text-align: justify;\"><strong>4 \u2013 Le manipulateur cultiv\u00e9<\/strong><br \/>\n Le manipulateur cultiv\u00e9 est subtilement m\u00e9prisant. Il vous fait remarquer que \u00ab tu ne sais pas \u00e7a\u2026 mais c\u2019est \u00e9vident ? \u00bb, et si possible devant d\u2019autres. Eventuellement, m\u00eame il en parlera plusieurs fois afin de bien insister\u2026 Par ailleurs, il mentionne des dates, des lieux, des noms, que vous \u00eates sens\u00e9 conna\u00eetre, mais il ne donne pas les d\u00e9tails et les pr\u00e9cisions n\u00e9cessaires \u00e0 votre compr\u00e9hension. Il mise sur votre pseudo ignorance pour renforcer son influence et son autorit\u00e9.<\/p>\n<p style=\"text-align: justify;\">\u25a0Comment r\u00e9sister : Avec beaucoup de gentillesse, questionnez pour vous int\u00e9resser \u00e0 son sujet, et demandez des \u00e9claircissements, des d\u00e9tails, \u00ab car c\u2019est vraiment int\u00e9ressant \u00bb. Vous d\u00e9jouez alors la manipulation, vous assumez ce que le manipulateur pense \u00eatre vos faiblesses, et il se peut que vous mettiez en \u00e9vidence les siennes\u2026<\/p>\n<p style=\"text-align: justify;\"><strong>5 \u2013 Le manipulateur timide<\/strong><br \/>\n Celui-ci est presque le pire ! Il est silencieux dans un coin, ne se m\u00eale pas aux autres, ne monopolise pas la parole, n\u2019\u00e9tale pas sa science\u2026 mais son silence masque en r\u00e9alit\u00e9 une tr\u00e8s forte capacit\u00e9 de nuisance. En effet, il agit par influence, questionnement, en face \u00e0 face et distille un venin terrible. Il s\u00e8me la zizanie, le doute, par derri\u00e8re.<\/p>\n<p style=\"text-align: justify;\">\u25a0Comment r\u00e9sister :Ne laissez pas le doute vous p\u00e9n\u00e9trer, affirmez vos opinions de fa\u00e7on claire, et surtout ne faites pas circuler ce que cet individu vous a \u00ab confi\u00e9 \u00bb sur les autres pour dissocier le groupe. Restez int\u00e8gre et remettez-le \u00e0 sa place en lui signifiant que ces \u00e9l\u00e9ments ne vous int\u00e9ressent pas !<\/p>\n<p style=\"text-align: justify;\"><strong>6 \u2013 Le manipulateur dictateur.<\/strong><br \/>\n Facilement rep\u00e9rable le manipulateur dictateur est agressif, utilise chantage et col\u00e8re pour obtenir des autres ce qu\u2019il souhaite. Il g\u00e9n\u00e8re un climat de peur, d\u2019inqui\u00e9tude.<\/p>\n<p style=\"text-align: justify;\">\u25a0Comment r\u00e9sister : Ne vous laissez pas impressionner ! Il peut demander ce qu\u2019il veut, il suffit qu\u2019il le fasse d\u2019une autre mani\u00e8re\u2026 expliquez-le lui ! Son comportement est purement inacceptable.<\/p>\n<p style=\"text-align: justify;\"><strong> <\/strong><\/p>\n<p style=\"text-align: justify;\"><strong> <\/strong><\/p>\n<p style=\"text-align: center;\">\u00a0<\/p>\n<p style=\"text-align: center;\"><strong><span style=\"color: #888888;\"><span style=\"font-size: x-large;\">*\u00a0\u00a0 *\u00a0\u00a0 *\u00a0\u00a0 *\u00a0\u00a0 *\u00a0\u00a0 *\u00a0\u00a0 *<\/span><\/span><\/strong><\/p>\n<p style=\"text-align: center;\">\u00a0<\/p>\n<p style=\"text-align: justify;\"><strong>INTERVIEW (Le Figaro) &#8211; Le docteur Marie-France Hirigoyen est psychiatre et psychanalyste victimologue. <\/strong><\/p>\n<p style=\"text-align: justify;\"><strong>Elle vient de publier Abus de faiblesse et autres manipulations (\u00c9d. JC Latt\u00e8s). <\/strong><\/p>\n<p style=\"text-align: justify;\"><strong><br \/>\n <\/strong><\/p>\n<p style=\"text-align: justify;\"><strong>Depuis 1998, o\u00f9 vous avez identifi\u00e9 et fait conna\u00eetre au grand public la notion de \u00abharc\u00e8lement moral\u00bb, quelle \u00e9volution observez-vous?<\/strong><\/p>\n<p style=\"text-align: justify;\">Marie-France Hirigoyen. &#8211; \u00c0 l&rsquo;\u00e9poque, on m&rsquo;a dit: \u00abil n&rsquo;y a pas tant de pervers narcissiques que vous l&rsquo;\u00e9crivez\u00bb, et, aussi, que les petites manipulations au quotidien ont toujours exist\u00e9. Mais aujourd&rsquo;hui, je peux dire que ces petits actes de tricherie se sont multipli\u00e9s \u00e0 vitesse grand V. C&rsquo;est notre soci\u00e9t\u00e9 qui induit ces comportements: pour r\u00e9ussir, il faut savoir influencer. Les politiques, les chefs d&rsquo;entreprise, les commerciaux, m\u00eame les demandeurs d&#8217;emploi aujourd&rsquo;hui doivent s\u00e9duire s&rsquo;ils veulent \u00eatre recrut\u00e9s. On peut m\u00eame dire qu&rsquo;avec les agences de communication la manipulation s&rsquo;est professionnalis\u00e9e! Et tout cela a amen\u00e9 un grand changement de valeurs, un durcissement de nos relations: comme il faut \u00eatre adaptable en magouillant, la m\u00e9fiance s&rsquo;est aussi g\u00e9n\u00e9ralis\u00e9e.<\/p>\n<p style=\"text-align: justify;\"><strong>Mais, dans ce contexte, qu&rsquo;est-ce qui caract\u00e9rise plus particuli\u00e8rement les pervers manipulateurs?<\/strong><\/p>\n<p style=\"text-align: justify;\">Contrairement aux apparences, ils ont une immense faille de leur estime de soi. Aussi sont-ils sans cesse oblig\u00e9s de se rehausser \u00e0 travers la m\u00e9galomanie, les mensonges, le baratin. Bien s\u00fbr, ils savent briller, ont une fine intuition de ce qui va plaire, mais cette belle image d&rsquo;eux-m\u00eames ne leur am\u00e8ne qu&rsquo;un \u00abfaux-self\u00bb. Ils ne se remettent jamais en question, contrairement aux n\u00e9vros\u00e9s, qui constituaient il y a trente ans la majorit\u00e9 de notre patient\u00e8le.<\/p>\n<p style=\"text-align: justify;\">Et puis Internet a donn\u00e9 une vitrine en or \u00e0 ces narcissiques: sur les r\u00e9seaux sociaux, on peut remarquer ces personnalit\u00e9s, finalement assez creuses, qui ne cessent de poster des informations sur elles-m\u00eames, et toujours \u00e0 leur avantage. Les manipulateurs excellent dans ces relations de surface, sans empathie.<\/p>\n<p style=\"text-align: justify;\"><strong>Quels m\u00e9canismes leur permettent d&rsquo;instaurer des relations destructrices?<\/strong><\/p>\n<p style=\"text-align: justify;\">D&rsquo;abord, la perte des limites: tous les crit\u00e8res moraux, culturels, dont nous disposions auparavant, les \u00abce qui se fait, ce qui ne se fait pas\u00bb, se sont transform\u00e9s. Tout ce qui n&rsquo;est pas interdit clairement par la loi devient possible\u2026 Et les pervers adorent justement ce jeu avec les limites. Et puis, aussi, nous avons perdu le sens du conflit. Regardez dans le monde du travail: on laisse couver les malentendus, on consid\u00e8re qu&rsquo;on ne peut s&rsquo;exprimer ni dire qu&rsquo;on n&rsquo;est pas d&rsquo;accord, on ne sait plus s&rsquo;opposer clairement. R\u00e9sultat, une communication toute de manipulation rampe sournoisement, et \u00e0 tous les \u00e9tages.<\/p>\n<p style=\"text-align: justify;\"><strong>Mais quand m\u00eame, votre action a d\u00fb porter ses fruits\u2026 La soci\u00e9t\u00e9 n&rsquo;est-elle pas plus vigilante?<\/strong><\/p>\n<p style=\"text-align: justify;\">Oui, heureusement, et je crois que nous ne reviendrons plus en arri\u00e8re. C&rsquo;est dans l&rsquo;entreprise que les choses ont le plus chang\u00e9: des managers bien intentionn\u00e9s ont mis en place des outils pour \u00e9viter les d\u00e9rives. Depuis dix ans, la jurisprudence reconna\u00eet qu&rsquo;un management destructeur et pervers, donc un syst\u00e8me, peut \u00eatre sanctionn\u00e9 \u00e0 l&rsquo;instar d&rsquo;un individu.\u00a0 On sait d\u00e9sormais que tous les lieux o\u00f9 il est plus facile de harceler sont ces lieux o\u00f9 ni la t\u00e2che de l&#8217;employ\u00e9, ni les territoires ne sont clairement d\u00e9finis. Enfin, le fait majeur, c&rsquo;est que les victimes sont plus vigilantes. Elles d\u00e9noncent plus rapidement, et demandent plus facilement de l&rsquo;aide.<\/p>\n<p style=\"text-align: justify;\">Autre parade: apprendre \u00e0 discuter, \u00e0 n\u00e9gocier. C&rsquo;est-\u00e0-dire savoir dire ses besoins, certes, mais aussi savoir entendre ceux de l&rsquo;autre. Toute une connaissance de soi qui, \u00adseule, permet peut-\u00eatre d&rsquo;\u00e9chapper aux filets des personnes les mieux intentionn\u00e9es.<\/p>\n<p style=\"text-align: justify;\"><br class=\"spacer_\" \/><\/p>\n<p style=\"text-align: justify;\"><strong>Les lois sur le harc\u00e8lement moral et la violence psychologique ont r\u00e9v\u00e9l\u00e9 la multiplication du nombre de ces personnalit\u00e9s perverses. <\/strong><\/p>\n<p style=\"text-align: justify;\">C&rsquo;est un sc\u00e9nario \u00e0 la <a href=\"http:\/\/plus.lefigaro.fr\/tag\/hitchcock\">Hitchcock <\/a>:  une nouvelle personne est entr\u00e9e dans votre vie (un sup\u00e9rieur hi\u00e9rar\u00adchique ou  une nouvelle amoureuse\u2026) et votre quotidien a soudain pris de magnifiques  couleurs. Vous vous sentez valoris\u00e9, reconnu, vous avez le sentiment d&rsquo;\u00eatre  comme \u00absur la m\u00eame longueur d&rsquo;onde\u00bb avec lui, ou elle. Vous vous confiez de  plus en plus intimement, m\u00eame au bureau, vous laissez entrevoir des pans  entiers de votre pass\u00e9. Vous \u00eates pr\u00eat \u00e0 r\u00e9pondre \u00e0 toutes les demandes de cet  interlocuteur, tellement il sublime vos \u00e9motions. Les mois, les ann\u00e9es  parfois, passent. Et peu \u00e0 peu, le climat change. Vous vous sentez de plus en  plus fragile face \u00e0 ce partenaire, comme d\u00e9vitalis\u00e9\u2026\u00a0\u00a0 \u00abC&rsquo;est alors qu&rsquo;on passe du paradis \u00e0  l&rsquo;enfer, t\u00e9moigne Jeanne, 45 ans, qui a v\u00e9cu une liaison passionnelle avec un  pervers narcissique. Pendant trois ans, je ne touchais plus terre, j&rsquo;\u00e9tais  capable de sauter dans un avion pour le rejoindre \u00e0 l&rsquo;autre bout du monde pour  un seul week-end, il \u00e9tait mon mentor.\u00bb Les choses se g\u00e2tent quand elle sent  comme des mensonges flotter dans l&rsquo;air\u2026 et qu&rsquo;elle, habituellement affirm\u00e9e,  n&rsquo;ose pas poser les questions qui f\u00e2chent. \u00abJe me retrouvais \u00e0 culpabiliser de  douter \u201ccomme \u00e7a\u201d de lui, se souvient-elle. Je ne savais plus quoi penser. En  plus, si jamais j&rsquo;osais r\u00e9clamer une information, je me faisais retourner  comme une cr\u00eape.\u00bb Les trois ans qui suivent n&rsquo;am\u00e8neront que d\u00e9solation,  violence, m\u00e9pris dans le couple. Mais Jeanne ne parvient pas \u00e0 quitter ce  \u00abmentor\u00bb qui la d\u00e9truit \u00e0 petit feu. Il lui faudra un nouvel amour, allant  jusqu&rsquo;\u00e0 menacer son pr\u00e9dateur, pour fuir et pouvoir s&rsquo;en lib\u00e9rer.<\/p>\n<p style=\"text-align: justify;\"><img decoding=\"async\" loading=\"lazy\" class=\"aligncenter size-full wp-image-961\" title=\"manip\" src=\"http:\/\/www.unnouveaumonde.org\/site\/wp-content\/uploads\/manip.jpg\" alt=\"manip\" width=\"201\" height=\"251\" \/><\/p>\n<h3 style=\"text-align: justify;\">Des \u00abvampires de l&rsquo;\u00e2me\u00bb<\/h3>\n<p style=\"text-align: justify;\">La th\u00e9rapeute et analyste Genevi\u00e8ve Schmit a connu personnellement une telle relation d&#8217;emprise. Elle a cr\u00e9\u00e9 le portail internet <a href=\"http:\/\/pervers-narcissiques.fr\/\" target=\"_blank\">pervers-narcissiques.fr<\/a>, ainsi que <a href=\"http:\/\/manipulateurs.wordpress.com\/\" target=\"_blank\">manipulateurs.wordpress.fr<\/a>, l&rsquo;un des blogs les plus visit\u00e9s (plus de 1000 visites par jour actuellement).\u00a0 Elle appelle ces manipulateurs, dont le nombre serait en nette augmentation dans nos soci\u00e9t\u00e9s sans rep\u00e8res, \u00ables vampires de l&rsquo;\u00e2me\u00bb.\u00abIls savent de mani\u00e8re tr\u00e8s intuitive ce \u00e0 quoi leurs victimes aspirent secr\u00e8tement, explique-t-elle. Alors ils se pr\u00e9sentent tels que leurs proies ont envie qu&rsquo;ils soient. C&rsquo;est le professionnel qui pr\u00e9tend conna\u00eetre le m\u00e9tier dix fois mieux que vous et va vous \u201cprendre en charge\u201d, vous faire profiter de ses r\u00e9seaux ; c&rsquo;est le parent divorc\u00e9 qui sait que son enfant, il vaut mieux le \u201cprot\u00e9ger\u201d de l&rsquo;autre parent ; c&rsquo;est l&rsquo;amant protecteur qui, toujours aux petits soins, comble la jeune femme ayant eu un p\u00e8re tr\u00e8s absent\u2026\u00bb<\/p>\n<h3 style=\"text-align: justify;\">Perte de confiance en soi<\/h3>\n<p style=\"text-align: justify;\">Ce sixi\u00e8me sens particuli\u00e8rement d\u00e9velopp\u00e9 chez les personnalit\u00e9s manipulatrices explique pourquoi leurs vic\u00adtimes avouent toutes une \u00abfascination imm\u00e9diate\u00bb au d\u00e9but de la relation. Mais la suite est toujours la m\u00eame: aux compliments succ\u00e8dent les d\u00e9valorisations, la \u00abdisgr\u00e2ce\u00bb. Au niveau professionnel, par exemple, ces pr\u00e9dateurs s&rsquo;approprient les id\u00e9es de leurs \u00abprot\u00e9g\u00e9s\u00bb, tout en les d\u00e9nigrant. \u00abLa plupart du temps, les futures victimes captent certains signaux d&rsquo;alerte (violence verbale, rejet puis demande vibrante de retrouvailles, sentiment de malaise), mais elles n&rsquo;en tiennent pas compte\u00bb, observe Genevi\u00e8ve Schmit.<\/p>\n<p style=\"text-align: justify;\">Un signe qui ne trompe pas, toutefois: la victime perd totalement confiance en elle, devient irri\u00adtable, s&rsquo;effondre progressivement, ses amis disent ne plus la reconna\u00eetre. Il est alors plus que temps de demander de l&rsquo;aide \u00e0 un tiers: avocat, DRH, psychoth\u00e9rapeute\u2026 L&rsquo;important est de ne plus rester seul avec cette sale impression d&rsquo;\u00eatre d\u00e9vor\u00e9 de l&rsquo;int\u00e9rieur.\u00a0 Si ces relations d&#8217;emprise concernent tout un chacun, on peut toutefois se demander ce qui nous en prot\u00e8ge. Pour le psychanalyste Jean-Michel Fourcade, auteur de <em>Les Personnalit\u00e9s limites<\/em>(\u00c9d. Eyrolles), il faut se d\u00e9gager du \u00abpacte inconscient\u00bb que nous pouvons avoir sign\u00e9 avec un manipulateur ou une manipulatrice. \u00abPendant longtemps, chacun trouve son compte \u00e0 la relation. Le pr\u00e9dateur a d\u00e9tect\u00e9 un besoin auquel il a apport\u00e9 une r\u00e9ponse. Plus ce besoin est archa\u00efque et inconscient, plus la victime se retrouve \u201cagie\u201d \u00e0 son insu\u00bb, explique Jean-Michel Fourcade. Par cons\u00e9quent, \u00eatre conscient de ses propres d\u00e9sirs et besoins est une premi\u00e8re protection face \u00e0 des personnalit\u00e9s perverses. \u00abPlus on est autonome, moins on risque d&rsquo;\u00eatre victime, ajoute le psychanalyste. Si nous ne pouvons pas nous-m\u00eames donner un sens \u00e0 notre existence, nous serons vuln\u00e9\u00adrables au chant de ceux qui affirment savoir pour nous\u2026\u00bb<\/p>\n<p style=\"text-align: justify;\">\u00a0<\/p>\n<p style=\"text-align: justify;\"><img decoding=\"async\" loading=\"lazy\" class=\"aligncenter size-full wp-image-960\" title=\"manipulateurs\" src=\"http:\/\/www.unnouveaumonde.org\/site\/wp-content\/uploads\/manipulateurs1.jpg\" alt=\"manipulateurs\" width=\"300\" height=\"452\" srcset=\"http:\/\/www.unnouveaumonde.org\/site\/wp-content\/uploads\/manipulateurs1.jpg 300w, http:\/\/www.unnouveaumonde.org\/site\/wp-content\/uploads\/manipulateurs1-199x300.jpg 199w\" sizes=\"(max-width: 300px) 100vw, 300px\" \/><\/p>\n<p><strong> <\/strong><\/p>\n<p><strong>Extraits du livre \u00ab\u00a0Les manipulateurs sont parmi nous\u00a0\u00bb d&rsquo;Isabelle Nazare-Aga<\/strong><strong><\/p>\n<p> Ces 30 crit\u00e8res permettent de d\u00e9celer un manipulateur.<br \/>\n Si quelqu&rsquo;un r\u00e9pond \u00e0 14 de ces crit\u00e8res, il est manipulateur.<\/strong><strong> <\/strong><\/p>\n<p><strong>01.Il culpabilise les autres au nom du lien familial, de l&rsquo;amiti\u00e9, de l&rsquo;amour, de la conscience professionnelle<br \/>\n 02.Il reporte sa responsabilit\u00e9 sur les autres, ou se d\u00e9met des siennes <br \/>\n 03.Il ne communique pas clairement ses demandes, ses besoins, ses sentiments et opinions <br \/>\n 04.Il r\u00e9pond tr\u00e8s souvent de fa\u00e7on floue <br \/>\n 05.Il change ses opinions, ses comportements, ses sentiments selon les personnes ou les situations<br \/>\n 06.Il invoque des raisons logiques pour d\u00e9guiser ses demandes<br \/>\n 07.Il fait croire aux autres qu&rsquo;ils doivent \u00eatre parfaits, qu&rsquo;ils ne doivent jamais changer d&rsquo;avis, qu&rsquo;ils doivent tout savoir et r\u00e9pondre imm\u00e9diatement aux demandes et questions <br \/>\n 08.Il met en doute les qualit\u00e9s, la comp\u00e9tence, la personnalit\u00e9 des autres : il critique sans en avoir l&rsquo;air, d\u00e9valorise et juge <br \/>\n 09.Il fait faire ses messages par autrui <br \/>\n 10.Il s\u00e8me la zizanie et cr\u00e9e la suspicion, divise pour mieux r\u00e9gner <br \/>\n 11.Il sait se placer en victime pour qu&rsquo;on le plaigne <br \/>\n 12.Il ignore les demandes m\u00eame s&rsquo;il dit s&rsquo;en occuper <br \/>\n 13.Il utilise les principes moraux des autres pour assouvir ses besoins <br \/>\n 14.Il menace de fa\u00e7on d\u00e9guis\u00e9e, ou pratique un chantage ouvert <br \/>\n 15.Il change carr\u00e9ment de sujet au cours d&rsquo;une conversation <br \/>\n 16.Il \u00e9vite ou s&rsquo;\u00e9chappe de l&rsquo;entretien, de la r\u00e9union <br \/>\n 17.Il mise sur l&rsquo;ignorance des autres et fait croire en sa sup\u00e9riorit\u00e9 <br \/>\n 18.Il ment <br \/>\n 19.Il pr\u00eache le faux pour savoir le vrai <br \/>\n 20.Il est \u00e9gocentrique <br \/>\n 21.Il peut \u00eatre jaloux <br \/>\n 22.Il ne supporte pas la critique et nie les \u00e9vidences<br \/>\n 23.Il ne tient pas compte des droits, des besoins et des d\u00e9sirs des autres <br \/>\n 24.Il utilise souvent le dernier moment pour ordonner ou faire agir autrui <br \/>\n 25.Son discours para\u00eet logique ou coh\u00e9rent alors que ses attitudes r\u00e9pondent au sch\u00e9ma oppos\u00e9 <br \/>\n 26.Il flatte pour vous plaire, fait des cadeaux, se met soudain aux petits soins pour vous <br \/>\n 27.Il produit un sentiment de malaise ou de non-libert\u00e9 <br \/>\n 28.Il est parfaitement efficace pour atteindre ses propres buts mais aux d\u00e9pens d&rsquo;autrui <br \/>\n 29.Il nous fait faire des choses que nous n&rsquo;aurions probablement pas fait de notre propre gr\u00e9 <br \/>\n 30.Il fait constamment l&rsquo;objet des conversations, m\u00eame lorsqu&rsquo;il n&rsquo;est pas l\u00e0.<\/strong><strong> <\/strong><\/p>\n<p><strong>Si vous en rencontrez un(e)&#8230; watch out !<\/strong><strong> <\/strong><\/p>\n","protected":false},"excerpt":{"rendered":"<p>Qui sont les manipulateurs ? Comment leur r\u00e9sister ? 17 mars 2011 | Class\u00e9 dans: &gt;BlogNote,Psycho | Publi\u00e9 par: N\u00e9o Trouvetout Qui sont les manipulateurs et comment agissent-ils ? Pourquoi <a class=\"more-link\" href=\"http:\/\/www.unnouveaumonde.org\/site\/humeur-et-humour\/manipulateurs-danger\/\">&#8230; Lire plus \u2192<\/a><\/p>\n","protected":false},"author":1,"featured_media":0,"parent":376,"menu_order":0,"comment_status":"open","ping_status":"closed","template":"","meta":[],"_links":{"self":[{"href":"http:\/\/www.unnouveaumonde.org\/site\/wp-json\/wp\/v2\/pages\/950"}],"collection":[{"href":"http:\/\/www.unnouveaumonde.org\/site\/wp-json\/wp\/v2\/pages"}],"about":[{"href":"http:\/\/www.unnouveaumonde.org\/site\/wp-json\/wp\/v2\/types\/page"}],"author":[{"embeddable":true,"href":"http:\/\/www.unnouveaumonde.org\/site\/wp-json\/wp\/v2\/users\/1"}],"replies":[{"embeddable":true,"href":"http:\/\/www.unnouveaumonde.org\/site\/wp-json\/wp\/v2\/comments?post=950"}],"version-history":[{"count":1,"href":"http:\/\/www.unnouveaumonde.org\/site\/wp-json\/wp\/v2\/pages\/950\/revisions"}],"predecessor-version":[{"id":1827,"href":"http:\/\/www.unnouveaumonde.org\/site\/wp-json\/wp\/v2\/pages\/950\/revisions\/1827"}],"up":[{"embeddable":true,"href":"http:\/\/www.unnouveaumonde.org\/site\/wp-json\/wp\/v2\/pages\/376"}],"wp:attachment":[{"href":"http:\/\/www.unnouveaumonde.org\/site\/wp-json\/wp\/v2\/media?parent=950"}],"curies":[{"name":"wp","href":"https:\/\/api.w.org\/{rel}","templated":true}]}}