{"id":778,"date":"2011-06-24T17:17:37","date_gmt":"2011-06-24T15:17:37","guid":{"rendered":"http:\/\/www.unnouveaumonde.org\/site\/?page_id=778"},"modified":"2018-02-16T11:45:41","modified_gmt":"2018-02-16T09:45:41","slug":"produire-de-la-richesse-autrement","status":"publish","type":"page","link":"http:\/\/www.unnouveaumonde.org\/site\/humeur-et-humour\/produire-de-la-richesse-autrement\/","title":{"rendered":"Produire de la richesse autrement"},"content":{"rendered":"<p><br class=\"spacer_\" \/><\/p>\n<p>Quel point commun y-a-t-il entre les militantes du Cercle d&rsquo;auto promotion pour un d\u00e9veloppement durable au B\u00e9nin, les \u00ab\u00a0piqueteros\u00a0\u00bb d&rsquo;Argentine, les activistes du mouvement social de micro-\u00e9pargne Nigera Kori au Bangladesh, les \u00ab\u00a0socios\u00a0\u00bb des coop\u00e9ratives Mondragon en Espagne, les ouvriers de l&rsquo;usine r\u00e9cup\u00e9r\u00e9e Zanon en Argentine &#8230; ?<\/p>\n<p>Elles et ils sont investis dans une exp\u00e9rience d&rsquo;\u00e9conomie sociale et solidaire collective, v\u00e9ritable laboratoire d&rsquo;alternative sociale. On en recense des milliers. Souvent impuls\u00e9es par la n\u00e9cessit\u00e9 de survivre, elles existent et produisent autrement sans avoir n\u00e9cessairement attendu une situation politique favorable.<\/p>\n<p>Elles font rarement la une des journaux alors qu&rsquo;elles pr\u00e9sentent des \u00e9l\u00e9ments positifs, voire subversifs, servant \u00e0 la construction d&rsquo;un monde plus solidaire et juste.\u00a0 Le livre \u00ab\u00a0Produire de la richesse autrement\u00a0\u00bb nous parle de ces usines r\u00e9cup\u00e9r\u00e9es, coop\u00e9ratives, micro-finance &#8230;Ce sont des r\u00e9volutions silencieuses. Il relate quelques-unes de ces pratiques relev\u00e9es \u00e0 travers le monde.<\/p>\n<p>Quel est le rapport de ces exp\u00e9riences \u00e0 la mondialisation, \u00e0 l&rsquo;Etat, au pouvoir ? Peuvent-elles g\u00e9n\u00e9rer une croissance endog\u00e8ne ? Quels enseignements g\u00e9n\u00e9raux tirer ? Quelle pourrait \u00eatre une politique d&rsquo;Etat favorisant le d\u00e9veloppement de l&rsquo;\u00e9conomie sociale et solidaire ?<\/p>\n<p>Des \u00e9l\u00e9ments de r\u00e9ponse existent pour le public \u00e0 la recherche d&rsquo;alternatives et d&rsquo;autres modes de production et de consommation ou pr\u00eat \u00e0 s&rsquo;investir dans le domaine de l&rsquo;\u00e9conomie sociale et solidaire.<\/p>\n<p><br class=\"spacer_\" \/><\/p>\n<p><br class=\"spacer_\" \/><\/p>\n<p><br class=\"spacer_\" \/><\/p>\n","protected":false},"excerpt":{"rendered":"<p>Quel point commun y-a-t-il entre les militantes du Cercle d&rsquo;auto promotion pour un d\u00e9veloppement durable au B\u00e9nin, les \u00ab\u00a0piqueteros\u00a0\u00bb d&rsquo;Argentine, les activistes du mouvement social de micro-\u00e9pargne Nigera Kori au <a class=\"more-link\" href=\"http:\/\/www.unnouveaumonde.org\/site\/humeur-et-humour\/produire-de-la-richesse-autrement\/\">&#8230; Lire plus \u2192<\/a><\/p>\n","protected":false},"author":1,"featured_media":0,"parent":376,"menu_order":0,"comment_status":"open","ping_status":"closed","template":"","meta":[],"_links":{"self":[{"href":"http:\/\/www.unnouveaumonde.org\/site\/wp-json\/wp\/v2\/pages\/778"}],"collection":[{"href":"http:\/\/www.unnouveaumonde.org\/site\/wp-json\/wp\/v2\/pages"}],"about":[{"href":"http:\/\/www.unnouveaumonde.org\/site\/wp-json\/wp\/v2\/types\/page"}],"author":[{"embeddable":true,"href":"http:\/\/www.unnouveaumonde.org\/site\/wp-json\/wp\/v2\/users\/1"}],"replies":[{"embeddable":true,"href":"http:\/\/www.unnouveaumonde.org\/site\/wp-json\/wp\/v2\/comments?post=778"}],"version-history":[{"count":1,"href":"http:\/\/www.unnouveaumonde.org\/site\/wp-json\/wp\/v2\/pages\/778\/revisions"}],"predecessor-version":[{"id":1826,"href":"http:\/\/www.unnouveaumonde.org\/site\/wp-json\/wp\/v2\/pages\/778\/revisions\/1826"}],"up":[{"embeddable":true,"href":"http:\/\/www.unnouveaumonde.org\/site\/wp-json\/wp\/v2\/pages\/376"}],"wp:attachment":[{"href":"http:\/\/www.unnouveaumonde.org\/site\/wp-json\/wp\/v2\/media?parent=778"}],"curies":[{"name":"wp","href":"https:\/\/api.w.org\/{rel}","templated":true}]}}