{"id":700,"date":"2011-03-11T20:20:43","date_gmt":"2011-03-11T18:20:43","guid":{"rendered":"http:\/\/www.unnouveaumonde.org\/site\/?page_id=700"},"modified":"2011-12-30T04:00:04","modified_gmt":"2011-12-30T02:00:04","slug":"quelques-jeux-de-mots","status":"publish","type":"page","link":"http:\/\/www.unnouveaumonde.org\/site\/quelques-jeux-de-mots\/","title":{"rendered":"Jeux de mots &#8230;"},"content":{"rendered":"<p style=\"font-size: 18px; text-align: left;\"><strong>\u00a0<\/strong><\/p>\n<p style=\"font-size: 18px; text-align: left;\"><strong>A CONTRESENS<\/strong><\/p>\n<p style=\"text-align: left;\"><strong>\u00a0<\/strong><strong>Chambres occup\u00e9es<\/strong><\/p>\n<p>Essayez de trouver un g\u00eete pour la nuit sur la C\u00f4te d\u2019Azur en plein mois d\u2019ao\u00fbt. A la question\u00a0: \u00ab\u00a0Avez-vous une chambre\u00a0?\u00a0\u00bb neuf fois sur dix, l\u2019h\u00f4telier vous r\u00e9pondra\u00a0: \u00ab\u00a0il n\u2019y a pas une seule chambre libre, elles sont toutes occup\u00e9es\u00a0\u00bb. Vous n\u2019avez alors d\u2019autres solutions que le repli sans gloire vers le terrain de camping qui affiche complet\u2026.\u00a0<\/p>\n<p><img decoding=\"async\" loading=\"lazy\" class=\"alignleft size-thumbnail wp-image-703\" title=\"Diogenes\" src=\"http:\/\/www.unnouveaumonde.org\/site\/wp-content\/uploads\/Diogenes-150x148.jpg\" alt=\"Diogenes\" width=\"150\" height=\"148\" \/>Pourquoi les chambres de nos h\u00f4tels ne sont-elles pas disponibles\u00a0? Qui les occupent ind\u00fbment\u00a0? Pourquoi leurs portes restent-elles ferm\u00e9es\u00a0? A quoi bon attirer les touristes s\u2019il n\u2019y a pas d\u2019abris pour les accueillir\u00a0! On ne peut d\u00e9cemment leur proposer l\u2019h\u00f4tel \u00ab\u00a0multiple \u00e9toiles\u00a0\u00bb\u00a0: en l\u2019occurrence, la belle \u00e9toile\u2026 Pas d\u2019autres solutions que d\u2019appeler \u00e0 une insurrection des chambres pour qu\u2019elles chassent l\u2019occupant. Des tracts furent placard\u00e9s sur toutes les portes\u00a0:\u00a0\u00abChambres occup\u00e9es, lib\u00e9rez-vous, sortez de vos gonds, vos portes ne sont pas condamn\u00e9es alors d\u00e9foncez-les au besoin et expulsez les importuns !\u00a0\u00bb Sur tout le territoire, la r\u00e9volte gronda\u00a0: un pays dont toutes les chambres sont accapar\u00e9es par on ne sait qui, est une honte nationale. Sentant son pouvoir vaciller car la situation lui \u00e9chappait, le gouvernement lan\u00e7a solennellement cet ultimatum\u00a0: \u00ab\u00a0Toutes les chambres doivent \u00eatre \u00e9vacu\u00e9es avant midi, sinon les portes seront forc\u00e9es et, si n\u00e9cessaire, on p\u00e9n\u00e9trera par la fen\u00eatre.\u00a0\u00bb \u00a0<\/p>\n<p>Ainsi, un vent de libert\u00e9 souffla : d\u2019abord les chambres \u00e0 air se d\u00e9gonfl\u00e8rent les premi\u00e8res, en sifflotant. Les chambres de commerce et d\u2019industrie, les chambres de m\u00e9tiers et d\u2019artisanat et les chambres d\u2019agriculture ouvrirent leurs portes au public. La chambre des d\u00e9put\u00e9s, il est vrai, peu occup\u00e9e et devenue depuis des lustres, simple chambre d\u2019enregistrement, s\u2019\u00e9tait dissoute d\u2019elle-m\u00eame. La chambre bleu horizon resta introuvable. Malgr\u00e9 quelques r\u00e9calcitrantes comme la chambre forte, la chambre froide et la chambre noire, toutes les chambres furent d\u00e9livr\u00e9es et chaque h\u00f4telier put d\u00e9clarer fi\u00e8rement\u00a0: \u00ab\u00a0Oui, toutes mes chambres sont libres\u00a0\u00bb.<\/p>\n<p>Quant \u00e0 moi, pour qu\u2019elle ne soit plus abusivement occup\u00e9e, je garde la chambre.<\/p>\n<p>\u00a0\u00a0\u00a0\u00a0\u00a0\u00a0\u00a0\u00a0\u00a0\u00a0\u00a0\u00a0\u00a0\u00a0\u00a0\u00a0\u00a0\u00a0\u00a0\u00a0\u00a0\u00a0\u00a0\u00a0\u00a0\u00a0\u00a0\u00a0\u00a0\u00a0\u00a0\u00a0\u00a0\u00a0\u00a0\u00a0\u00a0\u00a0\u00a0\u00a0\u00a0\u00a0\u00a0\u00a0\u00a0\u00a0\u00a0\u00a0\u00a0\u00a0\u00a0\u00a0\u00a0\u00a0\u00a0\u00a0\u00a0\u00a0\u00a0\u00a0\u00a0\u00a0\u00a0\u00a0\u00a0\u00a0\u00a0\u00a0\u00a0\u00a0\u00a0\u00a0\u00a0\u00a0\u00a0\u00a0\u00a0\u00a0\u00a0\u00a0\u00a0\u00a0\u00a0\u00a0\u00a0\u00a0\u00a0\u00a0\u00a0\u00a0\u00a0\u00a0\u00a0\u00a0 \u00a0\u00a0\u00a0\u00a0\u00a0\u00a0\u00a0\u00a0\u00a0\u00a0\u00a0\u00a0\u00a0\u00a0\u00a0\u00a0\u00a0\u00a0\u00a0\u00a0\u00a0\u00a0\u00a0\u00a0\u00a0\u00a0\u00a0\u00a0\u00a0\u00a0\u00a0\u00a0\u00a0\u00a0\u00a0\u00a0\u00a0\u00a0\u00a0\u00a0\u00a0\u00a0\u00a0\u00a0\u00a0\u00a0\u00a0\u00a0\u00a0\u00a0\u00a0\u00a0\u00a0\u00a0\u00a0\u00a0\u00a0\u00a0\u00a0\u00a0\u00a0\u00a0\u00a0\u00a0\u00a0\u00a0\u00a0\u00a0\u00a0\u00a0\u00a0\u00a0\u00a0\u00a0\u00a0\u00a0\u00a0\u00a0\u00a0\u00a0\u00a0\u00a0\u00a0\u00a0\u00a0\u00a0\u00a0\u00a0\u00a0\u00a0\u00a0\u00a0\u00a0\u00a0\u00a0\u00a0\u00a0\u00a0\u00a0\u00a0\u00a0\u00a0\u00a0\u00a0\u00a0\u00a0\u00a0\u00a0\u00a0\u00a0\u00a0\u00a0\u00a0\u00a0\u00a0\u00a0\u00a0\u00a0\u00a0\u00a0\u00a0\u00a0\u00a0\u00a0\u00a0\u00a0\u00a0\u00a0\u00a0 \u00a0\u00a0\u00a0\u00a0 G\u00e9rard<\/p>\n<p>***********************************************************************************************<\/p>\n<p style=\"font-size: 16px;\"><strong><em>T<span style=\"font-family: times new roman,times;\">rop mignon la langue fran\u00e7aise &#8230;\u00a0\u00a0\u00a0<\/span><\/em><\/strong><\/p>\n<p><span style=\"font-family: times new roman,times;\"><em><strong>\u00a0\u00a0\u00a0\u00a0\u00a0\u00a0\u00a0\u00a0\u00a0\u00a0\u00a0\u00a0\u00a0\u00a0\u00a0\u00a0\u00a0\u00a0\u00a0\u00a0\u00a0\u00a0\u00a0\u00a0\u00a0\u00a0\u00a0\u00a0\u00a0\u00a0\u00a0\u00a0\u00a0\u00a0\u00a0\u00a0\u00a0\u00a0\u00a0\u00a0\u00a0\u00a0\u00a0\u00a0\u00a0\u00a0\u00a0\u00a0\u00a0\u00a0\u00a0\u00a0\u00a0\u00a0\u00a0\u00a0\u00a0\u00a0\u00a0\u00a0\u00a0\u00a0\u00a0\u00a0\u00a0\u00a0\u00a0\u00a0\u00a0\u00a0\u00a0\u00a0\u00a0\u00a0\u00a0\u00a0\u00a0 \u00a0\u00a0\u00a0\u00a0\u00a0\u00a0\u00a0\u00a0 <\/strong><span style=\"font-size: large;\"><span style=\"font-size: large;\">AVOIR et \u00caTRE<\/span><\/span><\/em><\/span><\/p>\n<p><span style=\"font-family: times new roman,times;\"><em><span style=\"font-size: large;\"><span style=\"font-size: large;\">\u00a0<\/span><\/span><\/em><\/span><\/p>\n<p style=\"font-size: 16px;\"><span style=\"font-family: times new roman,times;\"><em><span style=\"font-family: book antiqua,palatino;\">Loin des vieux livrees de grammaire, \u00e9coutez comment un beau soir<\/span><\/em><\/span><\/p>\n<p style=\"font-size: 16px;\"><span style=\"font-family: times new roman,times;\"><em><span style=\"font-family: book antiqua,palatino;\">Ma m\u00e8re m&rsquo;enseigna les myst\u00e8res du verbe \u00eatre et du verbe avoir.<\/span><\/em><\/span><\/p>\n<p style=\"font-size: 16px;\"><span style=\"font-family: times new roman,times;\"><em><span style=\"font-family: book antiqua,palatino;\">Parmi mes meilleurs auxiliaires, il est deux verbes originaux<\/span><\/em><\/span><\/p>\n<p style=\"font-size: 16px;\"><span style=\"font-family: times new roman,times;\"><em><span style=\"font-family: book antiqua,palatino;\">Avoir et \u00catre \u00e9taient deux fr\u00e8res que j&rsquo;ai connu d\u00e8s le berceau.<\/span><\/em><\/span><\/p>\n<p style=\"font-size: 16px;\"><span style=\"font-family: times new roman,times;\"><em><span style=\"font-family: book antiqua,palatino;\">Bien qu&rsquo;oppos\u00e9s de caract\u00e8re, on pouvait les croire jumeaux<\/span><\/em><\/span><\/p>\n<p style=\"font-size: 16px;\"><span style=\"font-family: times new roman,times;\"><em><span style=\"font-family: book antiqua,palatino;\">Tant leur histoire est singuli\u00e8re mais ces deux fr\u00e8res \u00e9taient rivaux.<\/span><\/em><\/span><\/p>\n<p style=\"font-size: 16px;\"><span style=\"font-family: times new roman,times;\"><em><span style=\"font-family: book antiqua,palatino;\">Ce qu&rsquo;Avoir aurait voulu \u00eatre, \u00catre voulait toujours l&rsquo;avoir<\/span><\/em><\/span><\/p>\n<p style=\"font-size: 16px;\"><span style=\"font-family: times new roman,times;\"><em><span style=\"font-family: book antiqua,palatino;\">A\u00a0ne vouloir ni dieu ni ma\u00eetre, le verbe \u00catre s&rsquo;est fait avoir.<\/span><\/em><\/span><\/p>\n<p><br class=\"spacer_\" \/><\/p>\n<p style=\"font-size: 16px;\"><span style=\"font-family: times new roman,times;\"><em><span style=\"font-family: book antiqua,palatino;\"><img decoding=\"async\" loading=\"lazy\" class=\"alignleft size-thumbnail wp-image-706\" title=\"tirelire\" src=\"http:\/\/www.unnouveaumonde.org\/site\/wp-content\/uploads\/tirelire3-150x150.jpg\" alt=\"tirelire\" width=\"150\" height=\"150\" \/>Son fr\u00e8re Avoir \u00e9tait<\/span><\/em><\/span><span style=\"font-family: times new roman,times;\"><em><span style=\"font-family: book antiqua,palatino;\"> en banque<\/span><\/em><\/span>\u00a0<\/p>\n<p style=\"font-size: 16px;\"><span style=\"font-family: times new roman,times;\"><em><span style=\"font-family: book antiqua,palatino;\">Et fai<\/span><\/em><\/span><span style=\"font-family: times new roman,times;\"><em><span style=\"font-family: book antiqua,palatino;\">sait un grand num\u00e9ro<\/span><\/em><\/span><\/p>\n<p style=\"font-size: 16px;\"><span style=\"font-family: times new roman,times;\"><em><span style=\"font-family: book antiqua,palatino;\">Alors<\/span><\/em><\/span><span style=\"font-family: times new roman,times;\"><em><span style=\"font-family: book antiqua,palatino;\"> qu&rsquo;\u00catre, toujours en manque<\/span><\/em><\/span><\/p>\n<p style=\"font-size: 16px;\"><span style=\"font-family: times new roman,times;\"><em><span style=\"font-family: book antiqua,palatino;\">Souffrait<\/span><\/em><\/span><span style=\"font-family: times new roman,times;\"><em><span style=\"font-family: book antiqua,palatino;\"> beaucoup dans son ego.<\/span><\/em><\/span><\/p>\n<p><span style=\"font-family: times new roman,times;\"><em><span style=\"font-family: book antiqua,palatino;\">\u00a0<\/span><\/em><\/span><\/p>\n<p style=\"font-size: 16px;\"><span style=\"font-family: times new roman,times;\"><em><span style=\"font-family: book antiqua,palatino;\">Pendant<\/span><\/em><\/span><span style=\"font-family: times new roman,times;\"><em><span style=\"font-family: book antiqua,palatino;\"> qu&rsquo;\u00catre apprenait \u00e0 lire et faisait ses humanit\u00e9s<\/span><\/em><\/span><\/p>\n<p style=\"font-size: 16px;\"><span style=\"font-family: times new roman,times;\"><em><span style=\"font-family: book antiqua,palatino;\">De son<\/span><\/em><\/span><span style=\"font-family: times new roman,times;\"><em><span style=\"font-family: book antiqua,palatino;\"> c\u00f4t\u00e9 sans rien lui dire, Avoir apprenait \u00e0 compter.<\/span><\/em><\/span><\/p>\n<p style=\"font-size: 16px;\"><span style=\"font-family: times new roman,times;\"><em><span style=\"font-family: book antiqua,palatino;\">Et il<\/span><\/em><\/span><span style=\"font-family: times new roman,times;\"><em><span style=\"font-family: book antiqua,palatino;\"> amassait des fortunes, en avoirs, en liquidit\u00e9s<\/span><\/em><\/span><\/p>\n<p style=\"font-size: 16px;\"><span style=\"font-family: times new roman,times;\"><em><span style=\"font-family: book antiqua,palatino;\">Pendant<\/span><\/em><\/span><span style=\"font-family: times new roman,times;\"><em><span style=\"font-family: book antiqua,palatino;\"> qu&rsquo;\u00catre, un peu dans la lune, s&rsquo;\u00e9tait laiss\u00e9 d\u00e9poss\u00e9der.<\/span><\/em><\/span><\/p>\n<p style=\"font-size: 16px;\"><span style=\"font-family: times new roman,times;\"><em><span style=\"font-family: book antiqua,palatino;\">Avoir<\/span><\/em><\/span><em><span style=\"font-family: book antiqua,palatino;\"> \u00e9tait ostentatoire lorsqu&rsquo;il se montrait g\u00e9n\u00e9reux<\/span><\/em><\/p>\n<p style=\"font-size: 16px;\"><em><span style=\"font-family: book antiqua,palatino;\">Etre<\/span><\/em><em><span style=\"font-family: book antiqua,palatino;\"> en revanche, et c&rsquo;est notoire, \u00e9tait bien souvent pr\u00e9somptueux.<\/span><\/em><\/p>\n<p style=\"font-size: 16px;\"><em><span style=\"font-family: book antiqua,palatino;\">Avoir<\/span><\/em><em><span style=\"font-family: book antiqua,palatino;\"> voyage en\u00a0classe Affaires et met ses titres \u00e0 l&rsquo;abri<\/span><\/em><\/p>\n<p style=\"font-size: 16px;\"><em><span style=\"font-family: book antiqua,palatino;\">Alors<\/span><\/em><em><span style=\"font-family: book antiqua,palatino;\"> qu&rsquo;\u00catre\u00a0plus d\u00e9bonnaire, ne garde vraiment rien pour lui.<\/span><\/em><\/p>\n<p><br class=\"spacer_\" \/><\/p>\n<p style=\"font-size: 16px;\"><em><span style=\"font-family: book antiqua,palatino;\"><img decoding=\"async\" loading=\"lazy\" class=\"alignleft size-thumbnail wp-image-707\" title=\"tigres joueurs\" src=\"http:\/\/www.unnouveaumonde.org\/site\/wp-content\/uploads\/tigres-joueurs2-150x150.jpg\" alt=\"tigres joueurs\" width=\"150\" height=\"150\" \/>Sa<\/span><\/em><em><span style=\"font-family: book antiqua,palatino;\"> richesse est tout int\u00e9rieure<\/span><\/em><\/p>\n<p style=\"font-size: 16px;\"><em><span style=\"font-family: book antiqua,palatino;\">Ce sont les choses de l&rsquo;esprit<\/span><\/em><\/p>\n<p style=\"font-size: 16px;\"><em><span style=\"font-family: book antiqua,palatino;\">Le<\/span><\/em><em><span style=\"font-family: book antiqua,palatino;\"> verbe \u00catre est tout en pudeur<\/span><\/em><\/p>\n<p style=\"font-size: 16px;\"><em><span style=\"font-family: book antiqua,palatino;\">Et<\/span><\/em><em><span style=\"font-family: book antiqua,palatino;\"> sa noblesse est \u00e0 ce prix.<\/span><\/em><\/p>\n<p><em><span style=\"font-family: book antiqua,palatino;\">\u00a0<\/span><\/em><\/p>\n<p style=\"font-size: 16px;\"><em><span style=\"font-family: book antiqua,palatino;\">Un jour<\/span><\/em><em><span style=\"font-family: book antiqua,palatino;\"> \u00e0 force de chim\u00e8res pour parvenir \u00e0 un accord<\/span><\/em><\/p>\n<p style=\"font-size: 16px;\"><em><span style=\"font-family: book antiqua,palatino;\">Entre<\/span><\/em><em><span style=\"font-family: book antiqua,palatino;\"> verbes \u00e7a peut se faire, ils conjugu\u00e8rent leurs efforts.<\/span><\/em><\/p>\n<p style=\"font-size: 16px;\"><em><span style=\"font-family: book antiqua,palatino;\">Et<\/span><\/em><em><span style=\"font-family: book antiqua,palatino;\"> pour ne pas perdre la face au milieu des mots rassembl\u00e9s<\/span><\/em><\/p>\n<p style=\"font-size: 16px;\"><em><span style=\"font-family: book antiqua,palatino;\">Ils<\/span><\/em><em><span style=\"font-family: book antiqua,palatino;\"> se sont r\u00e9partis les t\u00e2ches pour enfin se r\u00e9concilier.<\/span><\/em><\/p>\n<p style=\"font-size: 16px;\"><em><span style=\"font-family: book antiqua,palatino;\">Le<\/span><\/em><em><span style=\"font-family: book antiqua,palatino;\"> verbe Avoir a besoin d&rsquo;\u00catre, parce qu&rsquo;\u00eatre c&rsquo;est exister<\/span><\/em><\/p>\n<p style=\"font-size: 16px;\"><em><span style=\"font-family: book antiqua,palatino;\">Le<\/span><\/em><em><span style=\"font-family: book antiqua,palatino;\"> verbe \u00catre a besoin d&rsquo;avoirs pour enrichir ses bons c\u00f4t\u00e9s.<\/span><\/em><\/p>\n<p style=\"font-size: 16px;\"><em><span style=\"font-family: book antiqua,palatino;\">Et<\/span><\/em><em><span style=\"font-family: book antiqua,palatino;\"> de palabres interminables en arguties alambiqu\u00e9es<\/span><\/em><\/p>\n<p style=\"font-size: 16px;\"><em><span style=\"font-family: book antiqua,palatino;\">Nos<\/span><\/em><em><span style=\"font-family: book antiqua,palatino;\"> deux fr\u00e8res ins\u00e9parables ont pu \u00eatre et avoir \u00e9t\u00e9.<\/span><\/em><\/p>\n<p style=\"font-size: 16px;\"><em><span style=\"font-family: book antiqua,palatino;\">\u00a0\u00a0\u00a0\u00a0\u00a0\u00a0\u00a0\u00a0\u00a0\u00a0\u00a0\u00a0\u00a0\u00a0\u00a0\u00a0\u00a0\u00a0\u00a0\u00a0\u00a0\u00a0\u00a0\u00a0\u00a0\u00a0\u00a0\u00a0\u00a0\u00a0\u00a0\u00a0\u00a0\u00a0\u00a0\u00a0\u00a0\u00a0\u00a0\u00a0\u00a0\u00a0\u00a0\u00a0\u00a0\u00a0\u00a0\u00a0\u00a0\u00a0\u00a0\u00a0\u00a0\u00a0\u00a0\u00a0\u00a0\u00a0\u00a0\u00a0\u00a0\u00a0\u00a0\u00a0\u00a0\u00a0\u00a0\u00a0\u00a0\u00a0\u00a0\u00a0\u00a0\u00a0\u00a0 <\/span><\/em><em><span style=\"font-family: book antiqua,palatino;\">\u00a0Yves Dutheil<\/span><\/em><\/p>\n<p style=\"font-size: 16px;\"><em><span style=\"font-family: book antiqua,palatino;\">Joli non ?\u00a0\u00a0\u00a0\u00a0\u00a0<\/span><\/em><\/p>\n<p style=\"font-size: 16px;\"><em><span style=\"font-family: book antiqua,palatino;\">*******************************************************************************<\/span><\/em><\/p>\n<p><br class=\"spacer_\" \/><\/p>\n<p><br class=\"spacer_\" \/><\/p>\n","protected":false},"excerpt":{"rendered":"<p>\u00a0 A CONTRESENS \u00a0Chambres occup\u00e9es Essayez de trouver un g\u00eete pour la nuit sur la C\u00f4te d\u2019Azur en plein mois d\u2019ao\u00fbt. A la question\u00a0: \u00ab\u00a0Avez-vous une chambre\u00a0?\u00a0\u00bb neuf fois sur <a class=\"more-link\" href=\"http:\/\/www.unnouveaumonde.org\/site\/quelques-jeux-de-mots\/\">&#8230; Lire plus \u2192<\/a><\/p>\n","protected":false},"author":1,"featured_media":0,"parent":0,"menu_order":0,"comment_status":"open","ping_status":"open","template":"","meta":[],"_links":{"self":[{"href":"http:\/\/www.unnouveaumonde.org\/site\/wp-json\/wp\/v2\/pages\/700"}],"collection":[{"href":"http:\/\/www.unnouveaumonde.org\/site\/wp-json\/wp\/v2\/pages"}],"about":[{"href":"http:\/\/www.unnouveaumonde.org\/site\/wp-json\/wp\/v2\/types\/page"}],"author":[{"embeddable":true,"href":"http:\/\/www.unnouveaumonde.org\/site\/wp-json\/wp\/v2\/users\/1"}],"replies":[{"embeddable":true,"href":"http:\/\/www.unnouveaumonde.org\/site\/wp-json\/wp\/v2\/comments?post=700"}],"version-history":[{"count":0,"href":"http:\/\/www.unnouveaumonde.org\/site\/wp-json\/wp\/v2\/pages\/700\/revisions"}],"wp:attachment":[{"href":"http:\/\/www.unnouveaumonde.org\/site\/wp-json\/wp\/v2\/media?parent=700"}],"curies":[{"name":"wp","href":"https:\/\/api.w.org\/{rel}","templated":true}]}}