{"id":376,"date":"2010-12-03T17:40:15","date_gmt":"2010-12-03T15:40:15","guid":{"rendered":"http:\/\/www.unnouveaumonde.org\/site\/?page_id=376"},"modified":"2011-03-14T13:33:05","modified_gmt":"2011-03-14T11:33:05","slug":"humeur-et-humour","status":"publish","type":"page","link":"http:\/\/www.unnouveaumonde.org\/site\/humeur-et-humour\/","title":{"rendered":"Humeur et Humour"},"content":{"rendered":"<p align=\"left\"><strong>\u00a0<\/strong><strong><span style=\"text-decoration: underline;\"> <\/span><\/strong><\/p>\n<p style=\"font-size: 18px;\"><strong><em>L&rsquo;\u00e2ne au fond du puits<\/em><\/strong><\/p>\n<p style=\"font-size: 18px;\">\u00a0<\/p>\n<p><img decoding=\"async\" loading=\"lazy\" class=\"alignleft size-full wp-image-697\" title=\"puits\" src=\"http:\/\/www.unnouveaumonde.org\/site\/wp-content\/uploads\/puits.jpg\" alt=\"puits\" width=\"119\" height=\"89\" \/>Un jour, l&rsquo;\u00e2ne d&rsquo;un fermier est tomb\u00e9 dans un puits. L&rsquo;animal g\u00e9missait pitoyablement, et le fermier se demandait quoi faire. Finalement, il a d\u00e9cid\u00e9 que l&rsquo;animal \u00e9tait vieux, que le puits devait dispara\u00eetre de toute fa\u00e7on, et que ce n&rsquo;\u00e9tait pas rentable pour lui de r\u00e9cup\u00e9rer l&rsquo;\u00e2ne. Il a invit\u00e9 tous ses voisins \u00e0 venir et \u00e0 l&rsquo;aider. Ils ont tous saisi une pelle et ont commenc\u00e9 \u00e0 enterrer l&rsquo;\u00e2ne dans le puits.<\/p>\n<p>Au d\u00e9but, l&rsquo;\u00e2ne a r\u00e9alis\u00e9 ce qui se produisait et il s\u2019est mis \u00e0 crier terriblement. Puis \u00e0 la stup\u00e9faction de chacun, il s&rsquo;est tu. Quelques pellet\u00e9es plus tard, le fermier a finalement regard\u00e9 dans le fond du puits et il a\u00a0\u00e9t\u00e9 bien \u00e9tonn\u00e9 de ce qu&rsquo;il a vu. Avec chaque pellet\u00e9e de terre qui tombait sur lui, l&rsquo;\u00e2ne faisait quelque chose de stup\u00e9fiant. Il se secouait pour enlever la terre de son dos et montait dessus. Pendant que les voisins du fermier continuaient \u00e0 pelleter sur l&rsquo;animal, il restait calme, se secouait et montait sur le tas de terre tranquillement. Au bout d&rsquo;un moment,\u00a0chacun fut stup\u00e9fait de voir l\u2019\u00e2ne sortir du puits et se mettre \u00e0 trotter!<\/p>\n<p>Qui a dit que les \u00e2nes \u00e9taient des animaux stupides ?\u00a0 <img decoding=\"async\" loading=\"lazy\" class=\"alignright size-full wp-image-698\" title=\"images3\" src=\"http:\/\/www.unnouveaumonde.org\/site\/wp-content\/uploads\/images31.jpg\" alt=\"images3\" width=\"94\" height=\"132\" \/><\/p>\n<p><br class=\"spacer_\" \/><\/p>\n<p>La vie essaie souvent de nous engloutir sous toutes sortes d&rsquo;ordures. Le truc pour se sortir du trou est de se secouer pour avancer. Chacun des ennuis est une pierre qui permet de progresser.<\/p>\n<p>Nous pouvons sortir des puits les plus profonds en n&rsquo;arr\u00eatant jamais, en n&rsquo;abandonnant jamais, en ne renon\u00e7ant jamais ! Il faut se secouer et foncer sans cesse\u00a0! Cinq r\u00e8gles simples, \u00e0 ne jamais oublier, surtout dans les moments les plus sombres. Pour \u00eatre heureuse \/ heureux :<\/p>\n<p>\u00a0\u00a0 * Lib\u00e8re ton c\u0153ur de la haine.<\/p>\n<p>\u00a0\u00a0 * Lib\u00e8re ton esprit des inqui\u00e9tudes.<\/p>\n<p>\u00a0\u00a0 * Vis simplement.<\/p>\n<p>\u00a0\u00a0 * Donne plus.<\/p>\n<p>\u00a0\u00a0 * Attends moins.<\/p>\n<p align=\"left\"><strong>*****************************************************************************************<\/strong><\/p>\n<p style=\"font-size: 16px;\"><strong><em>La Folie et l&rsquo;Amour<\/em><\/strong><\/p>\n<table border=\"0\" cellspacing=\"0\" cellpadding=\"0\">\n<tbody>\n<tr>\n<td valign=\"top\">\n<p>La Folie d\u00e9cida d&rsquo;inviter ses amis pour prendre un caf\u00e9 chez elle.\u00a0<\/p>\n<p>Tous les invit\u00e9s y all\u00e8rent. Apr\u00e8s le caf\u00e9 la Folie proposa :<\/p>\n<p>&#8211; On joue \u00e0 cache-cache ?<br \/>\n&#8211; Cache-cache ? C&rsquo;est quoi, \u00e7a ? demanda la Curiosit\u00e9.<\/p>\n<p>&#8211; Cache-cache est un jeu. Je compte jusqu&rsquo;\u00e0 cent et vous vous cachez. Quand j&rsquo;ai fini de compter je cherche, et le premier que je trouve sera le prochain \u00e0 compter.<br \/>\nTous accept\u00e8rent, sauf la Peur et la Paresse.<br \/>\n&#8211; 1, 2, 3,&#8230; la Folie commen\u00e7a \u00e0 compter.<br \/>\nL&rsquo;Empressement se cacha le premier, n&rsquo;importe o\u00f9. <br \/>\nLa Timidit\u00e9, timide comme toujours, se cacha dans une touffe\u00a0d&rsquo;arbre.<br \/>\nLa Joie courut au milieu du jardin. <br \/>\nLa Tristesse commen\u00e7a \u00e0 pleurer, car elle ne trouvait pas\u00a0d&rsquo;endroit appropri\u00e9 pour se cacher. <br \/>\nL&rsquo;Envie accompagna le Triomphe et se cacha pr\u00e8s de lui derri\u00e8re\u00a0un rocher. La Folie continuait de compter tandis que ses amis se\u00a0cachaient. <br \/>\nLe D\u00e9sespoir \u00e9tait d\u00e9sesp\u00e9r\u00e9 en voyant que la Folie \u00e9tait d\u00e9j\u00e0 \u00e0 99.<br \/>\n&#8211; CENT ! cria la Folie, je vais commencer \u00e0 chercher&#8230;<\/p>\n<p><img decoding=\"async\" loading=\"lazy\" class=\"aligncenter size-full wp-image-641\" title=\"loup\" src=\"http:\/\/www.unnouveaumonde.org\/site\/wp-content\/uploads\/loup.jpg\" alt=\"loup\" width=\"150\" height=\"99\" \/><\/p>\n<p>La premi\u00e8re \u00e0 \u00eatre trouv\u00e9e fut la Curiosit\u00e9, car elle n&rsquo;avait\u00a0pu s&#8217;emp\u00eacher de sortir de sa cachette pour voir qui serait le\u00a0premier d\u00e9couvert. <br \/>\nEn regardant sur le c\u00f4t\u00e9, la Folie vit le Doute au-dessus d&rsquo;une\u00a0cl\u00f4ture ne sachant pas de quel c\u00f4t\u00e9 il serait mieux cach\u00e9.<br \/>\nEt ainsi de suite, elle d\u00e9couvrit la Joie, la Tristesse, la\u00a0Timidit\u00e9&#8230; Quand ils \u00e9taient tous r\u00e9unis, la Curiosit\u00e9 demanda :<br \/>\n&#8211; O\u00f9 est l&rsquo;Amour ?<br \/>\nPersonne ne l&rsquo;avait vu.<br \/>\nLa Folie commen\u00e7a \u00e0 le chercher. Elle chercha au-dessus d&rsquo;une\u00a0montagne, dans les rivi\u00e8res au pied des rochers. Mais elle ne\u00a0trouvait pas l&rsquo;Amour.<br \/>\nCherchant de tous c\u00f4t\u00e9s, la Folie vit un rosier, prit un bout de\u00a0bois et commen\u00e7a \u00e0 chercher parmi les branches, lorsque soudain\u00a0elle entendit un cri. C&rsquo;\u00e9tait l&rsquo;Amour, qui criait parce qu&rsquo;une\u00a0\u00e9pine lui avait crev\u00e9 un \u0153il.<br \/>\n\u00a0La Folie ne savait pas quoi faire. Elle s&rsquo;excusa, implora\u00a0l&rsquo;Amour pour avoir son pardon et alla jusqu&rsquo;\u00e0 lui promettre de\u00a0le suivre pour toujours.<br \/>\nL&rsquo;Amour accepta les excuses.<\/p>\n<p style=\"font-size: 14px;\"><em><strong>Aujourd&rsquo;hui, l&rsquo;Amour est aveugle et la Folie l&rsquo;accompagne\u00a0toujours !<\/strong><\/em><\/p>\n<\/td>\n<\/tr>\n<\/tbody>\n<\/table>\n<p><strong><em>*********************************************************************************************<\/em><\/strong><\/p>\n<p style=\"font-size: 18px; font-style: italic;\" align=\"left\"><strong>LE\u00a0 BONHEUR\u00a0<\/strong><\/p>\n<p>On se persuade souvent soi-m\u00eame que la vie sera meilleure apr\u00e8s s&rsquo;\u00eatre mari\u00e9, apr\u00e8s avoir eu un enfant, et ensuite, apr\u00e8s en \u00a0avoir eu un autre&#8230;\u00a0<\/p>\n<p>Plus tard, on se sent frustr\u00e9, parce que nos enfants ne sont pas encore assez grands et on pense que l&rsquo;on sera mieux quand ils le seront. On est alors convaincu que l&rsquo;on sera plus heureux quand ils auront pass\u00e9 cette \u00e9tape.\u00a0<\/p>\n<p>On se dit que notre vie sera compl\u00e8te quand les choses iront mieux pour notre conjoint, quand on poss\u00e9dera une plus belle voiture ou une plus grande maison, quand on pourra aller en vacances, quand on sera \u00e0 la retraite&#8230;\u00a0<\/p>\n<p><img decoding=\"async\" loading=\"lazy\" class=\"alignleft size-thumbnail wp-image-683\" title=\"bonheur\" src=\"http:\/\/www.unnouveaumonde.org\/site\/wp-content\/uploads\/bonheur2-150x150.jpg\" alt=\"bonheur\" width=\"150\" height=\"150\" \/>La v\u00e9rit\u00e9 est qu&rsquo;il n&rsquo;y a pas de meilleur moment pour \u00eatre heureux que le moment pr\u00e9sent.\u00a0Si ce n&rsquo;est pas maintenant, quand serait-ce ? La vie sera toujours pleine de d\u00e9fis \u00e0 atteindre et de projets \u00e0 terminer. Il est pr\u00e9f\u00e9rable de l&rsquo;admettre et de d\u00e9cider d&rsquo;\u00eatre heureux maintenant qu&rsquo;il est encore temps.\u00a0\u00a0<\/p>\n<p>Pendant longtemps, j&rsquo;ai pens\u00e9 que ma vie allait enfin commencer\u00a0 \u00ab\u00a0La Vraie Vie!\u00a0\u00bb\u00a0\u00a0 mais il y avait toujours un obstacle sur le chemin, un probl\u00e8me qu&rsquo;il fallait r\u00e9soudre en premier, un th\u00e8me non termin\u00e9, un temps \u00e0 passer, une dette \u00e0 payer.\u00a0Et alors la vie allait commencer ! ! !\u00a0\u00a0 Jusqu&rsquo;\u00e0 ce que je me rende compte que ces obstacles \u00e9taient justement ma vie.\u00a0<\/p>\n<p>Cette perspective m&rsquo;a aid\u00e9 \u00e0 comprendre qu&rsquo;il n&rsquo;y a pas un chemin qui m\u00e8ne au bonheur.\u00a0Le bonheur est le chemin.\u00a0Ainsi passe chaque moment que nous avons et plus encore : quand on partage ce moment avec quelqu&rsquo;un de sp\u00e9cial, suffisamment sp\u00e9cial pour partager notre temps et, que l&rsquo;on se rappelle que le temps n&rsquo;attend pas.\u00a0<\/p>\n<p>Alors, il faut arr\u00eater d&rsquo;attendre de terminer ses \u00e9tudes, d&rsquo;augmenter son salaire, de se marier, d&rsquo;avoir des enfants, que ses enfants partent de la maison ou, simplement, le vendredi soir, le dimanche matin, le printemps, l&rsquo;\u00e9t\u00e9, l&rsquo;automne ou l&rsquo;hiver, pour d\u00e9cider qu&rsquo;il n&rsquo;y a pas de meilleur moment que maintenant pour \u00eatre heureux.\u00a0<\/p>\n<p align=\"center\"><strong>LE BONHEUR EST UNE TRAJECTOIRE ET NON PAS UNE DESTINATION !<\/strong>\u00a0<\/p>\n<p style=\"text-align: left;\">Il n&rsquo;en faut pas beaucoup pour \u00eatre heureux.<\/p>\n<p style=\"text-align: left;\">Il suffit juste d&rsquo;appr\u00e9cier chaque petit moment et de le sacrer comme l&rsquo;un des meilleurs moments de sa vie.<\/p>\n<p style=\"font-size: 18px;\" align=\"left\"><strong>*********************************************************************<\/strong><\/p>\n<p style=\"font-size: 16px; font-style: italic;\" align=\"left\"><strong>LE NOUVEAU DELUGE<\/strong><\/p>\n<p>D\u00e9but\u00a02010, Dieu revisita No\u00e9 qui n&rsquo;habitait pas tr\u00e8s loin de la mer et lui dit\u00a0:<\/p>\n<p align=\"left\">\u00ab\u00a0Une fois encore, la terre est devenue invivable et surpeupl\u00e9e et je dois agir. Construis une arche et rassemble un couple de chaque \u00eatre vivant, ainsi que quelques bons humains. Tu as six mois pour cela avant que je n&rsquo;envoie la pluie pendant 40 jours et 40 nuits\u00a0\u00bb<\/p>\n<p>\u00a0<img decoding=\"async\" loading=\"lazy\" class=\"alignleft size-thumbnail wp-image-381\" title=\"soleil No\u00e9\" src=\"http:\/\/www.unnouveaumonde.org\/site\/wp-content\/uploads\/soleil-No\u00e93-140x150.jpg\" alt=\"soleil No\u00e9\" width=\"140\" height=\"150\" \/>La derni\u00e8re semaine, Dieu regarda en bas et vit No\u00e9 balayant sa cour&#8230; mais aucune arche.<\/p>\n<p>\u00a0<em>\u00ab\u00a0No\u00e9, <\/em>gronda-t-il<em>, je vais bient\u00f4t envoyer la pluie, o\u00f9 est l&rsquo;arche?\u00a0\u00bb<\/em><\/p>\n<p><em>\u00ab\u00a0Pardonne-moi mon Dieu, <\/em>implora No\u00e9<em>, mais les temps ont chang\u00e9 depuis la derni\u00e8re fois. J&rsquo;avais besoin d&rsquo;un permis de construire pour commencer l&rsquo;arche. J&rsquo;ai d\u00fb me battre plusieurs mois avec l&rsquo;inspecteur au sujet du syst\u00e8me d&rsquo;alarme pour l&rsquo;incendie.<\/em><\/p>\n<p><em>Pendant ce temps, mes voisins se sont r\u00e9unis en association parce que je violais les r\u00e8gles du lotissement en construisant une arche dans ma cour et que j&rsquo;allais obstruer la vue. On a d\u00fb aller devant le Conciliateur pour avoir un accord.<\/em><\/p>\n<p><em>Ensuite, l&rsquo;Urbanisme a d\u00e9pos\u00e9 un m\u00e9moire sur les co\u00fbts des travaux n\u00e9cessaires pour permettre \u00e0 l&rsquo;arche d&rsquo;arriver jusqu&rsquo;\u00e0 la mer. J&rsquo;ai eu beau leur dire que c&rsquo;est la mer qui viendrait \u00e0 l&rsquo;arche, ils n&rsquo;ont pas voulu me croire.<\/em><\/p>\n<p><em>Obtenir du bois en quantit\u00e9 suffisante fut un autre probl\u00e8me. Les Associations pour la Protection de l&rsquo;Environnement se sont ligu\u00e9es pour emp\u00eacher la coupe des arbres, sous pr\u00e9texte qu&rsquo;on allait d\u00e9truire l&rsquo;habitat de plusieurs esp\u00e8ces animales et ainsi les mettre en danger. J&rsquo;ai tent\u00e9 d&rsquo;expliquer qu&rsquo;au contraire tout ce bois servirait \u00e0 sauver ces esp\u00e8ces, rien n&rsquo;y a fait.<\/em><\/p>\n<p><em>Quand j&rsquo;ai commenc\u00e9 \u00e0 rassembler les couples de diff\u00e9rentes esp\u00e8ces animales, la SPA, le WWF et Brigitte Bardot me sont tomb\u00e9s sur le dos, sous pr\u00e9texte que j&rsquo;enfermais des animaux sauvages contre leur gr\u00e9 dans des pi\u00e8ces trop petites pour eux. Qu&rsquo;en agissant ainsi, je faisais acte de cruaut\u00e9 envers les animaux.<\/em><\/p>\n<p><em>Ensuite, l&rsquo;Agence Gouvernementale pour le D\u00e9veloppement Durable a voulu lancer une \u00e9tude sur l&rsquo;impact pour l&rsquo;environnement de ce fameux d\u00e9luge.<\/em><\/p>\n<p><em>Dans le m\u00eame temps, je me d\u00e9battais avec l&rsquo;Administration sur l&#8217;emploi de travailleurs b\u00e9n\u00e9voles dans la construction de l&rsquo;arche. Je les avais embauch\u00e9s car les Syndicats m&rsquo;avaient interdit d&#8217;employer mes propres fils, disant que je ne devais faire appel qu&rsquo;\u00e0 des travailleurs hautement qualifi\u00e9s dans la construction d&rsquo;arche et, si possible, syndiqu\u00e9s.<\/em><\/p>\n<p><em>Pour arranger les choses, le Fisc a saisi tous mes avoirs, pr\u00e9tendant que je tentais de fuir le pays ill\u00e9galement, suivi en cela par les Douanes qui ont ajout\u00e9 que je voulais faire passer les fronti\u00e8res \u00e0 des esp\u00e8ces reconnues comme dangereuses.<\/em><\/p>\n<p><em>Aussi, pardonne-moi, mon Dieu, mais je ne sais m\u00eame pas si 10 ans auraient suffit pour faire avancer la construction de cette arche\u00a0\u00bb.<\/em><\/p>\n<p><img decoding=\"async\" loading=\"lazy\" class=\"alignleft size-thumbnail wp-image-383\" title=\"arc en ciel\" src=\"http:\/\/www.unnouveaumonde.org\/site\/wp-content\/uploads\/arc-en-ciel-150x150.jpg\" alt=\"arc en ciel\" width=\"150\" height=\"150\" \/><\/p>\n<p><br class=\"spacer_\" \/><\/p>\n<p>Aussit\u00f4t, les nuages se dissip\u00e8rent et un magnifique arc-en-ciel apparut. \u00a0No\u00e9 leva la t\u00eate et dit:<\/p>\n<p>\u00a0<em>\u00ab\u00a0Tu ne vas pas d\u00e9truire le monde?\u00a0\u00bb<\/em><\/p>\n<p><em>\u00a0<\/em><strong><em>\u00ab\u00a0Pas la peine, <\/em><\/strong><strong>r\u00e9pondit Dieu<em>, l&rsquo;administration s&rsquo;en charge\u00a0!!!\u00a0\u00bb.<\/em><\/strong><\/p>\n<p><strong><em>\u00a0<\/em><\/strong><\/p>\n<p><strong><em>\u00a0********************************************************************************************<\/em><\/strong><\/p>\n<p><strong>ECOUTEZ CETTE HISTOIRE D&rsquo;UN VIEUX RABBIN :<\/strong><\/p>\n<p><em>Il demande \u00e0 ses \u00e9l\u00e8ves \u00e0 quoi l&rsquo;on peut reconna\u00eetre le moment o\u00f9 la nuit s&rsquo;ach\u00e8ve et o\u00f9 le jour commence.<\/em><\/p>\n<p><em>&#8211; Est-ce lorsqu&rsquo;on peut sans peine distinguer de loin un chien d&rsquo;un mouton ?<\/em><\/p>\n<p><em>&#8211; Non dit le rabbin<\/em><\/p>\n<p><em><img decoding=\"async\" loading=\"lazy\" class=\"alignleft size-thumbnail wp-image-717\" title=\"carr_emily31117\" src=\"http:\/\/www.unnouveaumonde.org\/site\/wp-content\/uploads\/carr_emily31117-150x150.jpg\" alt=\"carr_emily31117\" width=\"150\" height=\"150\" \/>&#8211; Est-ce quand on peut distinguer un dattier d&rsquo;un figuier ?<\/em><\/p>\n<p><em>&#8211; Non dit le rabbin.<\/em><\/p>\n<p><em>\u00a0<\/em><\/p>\n<p><em>&#8211; Mais alors, quand est-ce donc ? demandent les \u00e9l\u00e8ves.<\/em><\/p>\n<p><em>Le rabin r\u00e9pondit :<\/em><\/p>\n<p><em>&#8211; C&rsquo;est lorsqu&rsquo;en regardant le visage de n&rsquo;importe quel homme tu reconnais ton fr\u00e8re ou ta soeur. Jusque l\u00e0, il fait encore nuit dans ton coeur.<\/em><\/p>\n<p><em>Pour qu&rsquo;une aube nouvelle se l\u00e8ve, n&rsquo;oublions pas cette histoire (Voeux 2010).<\/em><\/p>\n<p><strong><em>*********************************************************************************************<\/em><\/strong><\/p>\n<p><br class=\"spacer_\" \/><\/p>\n<p><br class=\"spacer_\" \/><\/p>\n<p><br class=\"spacer_\" \/><\/p>\n<p><br class=\"spacer_\" \/><\/p>\n<p><br class=\"spacer_\" \/><\/p>\n<p><br class=\"spacer_\" \/><\/p>\n<p><br class=\"spacer_\" \/><\/p>\n<p><div><span style=\"font-size: medium; font-family: Times New Roman,Times New Roman;\"><span style=\"font-size: medium; font-family: Times New Roman,Times New Roman;\">\u00a0<\/span><\/span><\/div><\/p>\n","protected":false},"excerpt":{"rendered":"<p>\u00a0 L&rsquo;\u00e2ne au fond du puits \u00a0 Un jour, l&rsquo;\u00e2ne d&rsquo;un fermier est tomb\u00e9 dans un puits. L&rsquo;animal g\u00e9missait pitoyablement, et le fermier se demandait quoi faire. Finalement, il a <a class=\"more-link\" href=\"http:\/\/www.unnouveaumonde.org\/site\/humeur-et-humour\/\">&#8230; Lire plus \u2192<\/a><\/p>\n","protected":false},"author":1,"featured_media":0,"parent":0,"menu_order":0,"comment_status":"open","ping_status":"open","template":"","meta":[],"_links":{"self":[{"href":"http:\/\/www.unnouveaumonde.org\/site\/wp-json\/wp\/v2\/pages\/376"}],"collection":[{"href":"http:\/\/www.unnouveaumonde.org\/site\/wp-json\/wp\/v2\/pages"}],"about":[{"href":"http:\/\/www.unnouveaumonde.org\/site\/wp-json\/wp\/v2\/types\/page"}],"author":[{"embeddable":true,"href":"http:\/\/www.unnouveaumonde.org\/site\/wp-json\/wp\/v2\/users\/1"}],"replies":[{"embeddable":true,"href":"http:\/\/www.unnouveaumonde.org\/site\/wp-json\/wp\/v2\/comments?post=376"}],"version-history":[{"count":0,"href":"http:\/\/www.unnouveaumonde.org\/site\/wp-json\/wp\/v2\/pages\/376\/revisions"}],"wp:attachment":[{"href":"http:\/\/www.unnouveaumonde.org\/site\/wp-json\/wp\/v2\/media?parent=376"}],"curies":[{"name":"wp","href":"https:\/\/api.w.org\/{rel}","templated":true}]}}