{"id":338,"date":"2010-11-26T01:26:42","date_gmt":"2010-11-25T23:26:42","guid":{"rendered":"http:\/\/www.unnouveaumonde.org\/site\/?page_id=338"},"modified":"2018-02-16T11:44:20","modified_gmt":"2018-02-16T09:44:20","slug":"coup-de-coeur-jj-zindo-2","status":"publish","type":"page","link":"http:\/\/www.unnouveaumonde.org\/site\/decouvrir\/coup-de-coeur-jj-zindo-2\/","title":{"rendered":"Jean-Jacques Zindo"},"content":{"rendered":"<p><br class=\"spacer_\" \/><\/p>\n<p style=\"font-size: 14px;\"><span style=\"text-decoration: underline;\"><strong>Jean-Jacques Zindo, un auteur-compositeur-interpr\u00e8te de tr\u00e8s grand talent<\/strong>\u00a0<\/span><\/p>\n<p style=\"font-size: 16px; font-family: Times New Roman, Times, serif; text-align: justify;\"><em>D\u00e8s l&rsquo;\u00e2ge de 7 ans, il se fait remarquer pour sa voix et d\u00e9bute \u00e0 la chorale paroissiale de son quartier d&rsquo;Allauch.<\/em><\/p>\n<p style=\"font-size: 16px; font-family: Times New Roman, Times, serif; text-align: justify;\"><em>Il sera l&rsquo;\u00e9l\u00e8ve de Madame Aillaud, Professeur de chant et chanteuse \u00e0 l&rsquo;Op\u00e9ra de Marseille. Je passe sur ses prix \u00e0 diff\u00e9rents concours, sur ses premi\u00e8res parties de spectacles avec Yves Lecop, Herv\u00e9 Villard, Pascal Sevran, &#8230; et sur ses trois albums&#8230;<\/em><\/p>\n<p style=\"font-size: 16px; font-family: Times New Roman, Times, serif; text-align: justify;\"><em>Son caract\u00e8re volontaire, passionn\u00e9, tenace, le poussera \u00e0 apprendre, en plus du piano,\u00a0\u00a0la guitare, le saxophone,\u00a0l&rsquo;accord\u00e9on &#8230; Il veut toujours plus &#8230; Il chante, il compose, il interpr\u00e8te &#8230; C&rsquo;est un perfectionniste.<\/em><\/p>\n<p style=\"font-size: 16px; font-family: Times New Roman, Times, serif; text-align: justify;\"><em>Parmi ses propres compositions, j\u2019ai choisi pour vous\u00a0neuf vid\u00e9os, qui toucheront certainement\u00a0votre coeur<\/em><em>\u00a0et j\u2019esp\u00e8re que le timbre de sa voix vous portera dans un ailleurs \u00e9tincelant\u00a0\u2026<\/em><\/p>\n<p style=\"font-size: 16px; font-family: Times New Roman, Times, serif; text-align: justify;\"><em>Dans la rubrique : liens\u00a0\u00e0 la page d&rsquo;accueil, vous aurez nos trois derni\u00e8res cr\u00e9ations en cliquant sur \u00ab\u00a0youtube-jjzindo\u00a0\u00bb.<\/em><\/p>\n<p style=\"font-size: 16px; font-family: Times New Roman, Times, serif; text-align: justify;\"><em>Apr\u00e8s mai 2009, il s&rsquo;est produit le\u00a010 d\u00e9cembre 2010 au Creuset des Arts \u00e0 Marseille, o\u00f9 il a \u00ab\u00a0enflamm\u00e9\u00a0\u00bb la salle et apr\u00e8s nous avoir fait go\u00fbt\u00e9 aux plus belles chansons de Francis Cabrel, il nous a chant\u00e9 du \u00ab\u00a0Zindo\u00a0\u00bb avec \u00ab\u00a0une grande lumi\u00e8re\u00a0\u00bb en avant-premi\u00e8re. Un public enthousiaste l&rsquo;a salu\u00e9 pour sa prestation, son\u00a0talent et son humanit\u00e9.<\/em><\/p>\n<p style=\"font-size: 16px; font-family: Times New Roman, Times, serif; text-align: justify;\"><em>\u00a0<\/em><\/p>\n<p style=\"font-size: 14px; text-align: center;\"><img decoding=\"async\" loading=\"lazy\" class=\"aligncenter size-thumbnail wp-image-352\" title=\"Quebec\" src=\"http:\/\/www.unnouveaumonde.org\/site\/wp-content\/uploads\/Quebec2-150x97.gif\" alt=\"Quebec\" width=\"150\" height=\"97\" \/><\/p>\n<p style=\"FONT-SIZE: 14px\">\u00a0<\/p>\n<p style=\"font-size: 12px;\">La petite derni\u00e8re : \u00ab\u00a0Mon \u00e2me\u00a0\u00bb<\/p>\n<p style=\"font-size: 12px;\"><a href=\"http:\/\/www.youtube.com\/watch?v=c6P_O57i26s&amp;list=UL1tupuXrijDw&amp;playnext=1\">http:\/\/www.youtube.com\/watch?v=c6P_O57i26s&amp;list=UL1tupuXrijDw&amp;playnext=1<\/a><\/p>\n<p style=\"font-size: 12px;\">\u00a0Le toit du monde<\/p>\n<p><a href=\"http:\/\/www.youtube.com\/watch?v=Aju2Fi4qUeY&amp;feature=related\">http:\/\/www.youtube.com\/watch?v=Aju2Fi4qUeY&amp;feature=related<\/a><\/p>\n<p>Quel est ce monde\u00a0?<\/p>\n<p><a href=\"http:\/\/www.youtube.com\/watch?v=ncZeDIoz3Gs&amp;feature=related\">http:\/\/www.youtube.com\/watch?v=ncZeDIoz3Gs&amp;feature=related<\/a><\/p>\n<p>Ils mangent et dorment dehors<\/p>\n<p><a href=\"http:\/\/www.youtube.com\/watch?v=3VoEgjn53k8&amp;feature=related\">http:\/\/www.youtube.com\/watch?v=3VoEgjn53k8&amp;feature=related<\/a><\/p>\n<p>Soleil du Nil<\/p>\n<p><a href=\"http:\/\/www.youtube.com\/watch?v=GwR5Yo-7XyQ&amp;feature=related\">http:\/\/www.youtube.com\/watch?v=GwR5Yo-7XyQ&amp;feature=related<\/a><\/p>\n<p>Vincent Van Gogh (1853-1890)<\/p>\n<p><a href=\"http:\/\/www.youtube.com\/watch?v=toHLqDXLUt4&amp;feature=BF&amp;list=UL1tupuXrijDw&amp;index=9\">http:\/\/www.youtube.com\/watch?v=toHLqDXLUt4&amp;feature=BF&amp;list=UL1tupuXrijDw&amp;index=9<\/a><\/p>\n<p>Po\u00e9sie<\/p>\n<p><a href=\"http:\/\/www.youtube.com\/watch?v=cDGlsP82Y8o&amp;feature=related\">http:\/\/www.youtube.com\/watch?v=cDGlsP82Y8o&amp;feature=related<\/a><\/p>\n<p>Ne m\u2019abandonnez pas<\/p>\n<p><a href=\"http:\/\/www.youtube.com\/watch?v=0HBkT_k7Hx0&amp;feature=related\">http:\/\/www.youtube.com\/watch?v=0HBkT_k7Hx0&amp;feature=related<\/a><\/p>\n<p>Soleil sanglant<\/p>\n<p><a href=\"http:\/\/www.youtube.com\/watch?v=4Q_zlhnpagA&amp;feature=related\">http:\/\/www.youtube.com\/watch?v=4Q_zlhnpagA&amp;feature=related<\/a><\/p>\n<p><br class=\"spacer_\" \/><\/p>\n<p>Et pour finir :<br \/>\nDans ce clip, il nous interpr\u00e8te la chanson de Francis Cabrel\u00a0 \u00ab\u00a0Les cathares\u00a0\u00bb<\/p>\n<p><a href=\"http:\/\/www.youtube.com\/watch?v=YrCBq-wSlVI&amp;feature=BF&amp;list=UL1tupuXrijDw&amp;index=11\">http:\/\/www.youtube.com\/watch?v=YrCBq-wSlVI&amp;feature=BF&amp;list=UL1tupuXrijDw&amp;index=11<\/a><\/p>\n<p><br class=\"spacer_\" \/><\/p>\n<p><br class=\"spacer_\" \/><\/p>\n","protected":false},"excerpt":{"rendered":"<p>Jean-Jacques Zindo, un auteur-compositeur-interpr\u00e8te de tr\u00e8s grand talent\u00a0 D\u00e8s l&rsquo;\u00e2ge de 7 ans, il se fait remarquer pour sa voix et d\u00e9bute \u00e0 la chorale paroissiale de son quartier d&rsquo;Allauch. <a class=\"more-link\" href=\"http:\/\/www.unnouveaumonde.org\/site\/decouvrir\/coup-de-coeur-jj-zindo-2\/\">&#8230; Lire plus \u2192<\/a><\/p>\n","protected":false},"author":1,"featured_media":0,"parent":332,"menu_order":0,"comment_status":"open","ping_status":"closed","template":"","meta":[],"_links":{"self":[{"href":"http:\/\/www.unnouveaumonde.org\/site\/wp-json\/wp\/v2\/pages\/338"}],"collection":[{"href":"http:\/\/www.unnouveaumonde.org\/site\/wp-json\/wp\/v2\/pages"}],"about":[{"href":"http:\/\/www.unnouveaumonde.org\/site\/wp-json\/wp\/v2\/types\/page"}],"author":[{"embeddable":true,"href":"http:\/\/www.unnouveaumonde.org\/site\/wp-json\/wp\/v2\/users\/1"}],"replies":[{"embeddable":true,"href":"http:\/\/www.unnouveaumonde.org\/site\/wp-json\/wp\/v2\/comments?post=338"}],"version-history":[{"count":1,"href":"http:\/\/www.unnouveaumonde.org\/site\/wp-json\/wp\/v2\/pages\/338\/revisions"}],"predecessor-version":[{"id":1823,"href":"http:\/\/www.unnouveaumonde.org\/site\/wp-json\/wp\/v2\/pages\/338\/revisions\/1823"}],"up":[{"embeddable":true,"href":"http:\/\/www.unnouveaumonde.org\/site\/wp-json\/wp\/v2\/pages\/332"}],"wp:attachment":[{"href":"http:\/\/www.unnouveaumonde.org\/site\/wp-json\/wp\/v2\/media?parent=338"}],"curies":[{"name":"wp","href":"https:\/\/api.w.org\/{rel}","templated":true}]}}