{"id":336,"date":"2010-11-26T01:21:38","date_gmt":"2010-11-25T23:21:38","guid":{"rendered":"http:\/\/www.unnouveaumonde.org\/site\/?page_id=336"},"modified":"2018-02-16T11:42:54","modified_gmt":"2018-02-16T09:42:54","slug":"quelques-messages","status":"publish","type":"page","link":"http:\/\/www.unnouveaumonde.org\/site\/quelques-jeux-de-mots\/quelques-messages\/","title":{"rendered":"Messages"},"content":{"rendered":"<p><br class=\"spacer_\" \/><\/p>\n<p style=\"font-size: 18px;\">A m\u00e9diter &#8230;\u00a0 d\u00e8s que l&rsquo;on a un peu de temps de libre !<\/p>\n<p style=\"font-size: 18px;\">\u00a0<\/p>\n<p style=\"font-size: 14px;\"><em>\u00ab\u00a0Faire parler un homme politique sur ses projets et son programme, c&rsquo;est comme demander \u00e0 un gar\u00e7on de restaurant si le menu est bon\u00a0\u00bb\u00a0\u00a0\u00a0\u00a0\u00a0\u00a0\u00a0\u00a0 (Jean Dutourd)<\/em><\/p>\n<p style=\"font-size: 14px;\"><em>\u00ab\u00a0Seuls ceux qui sont assez fous pour penser qu&rsquo;ils peuvent changer le monde y parviennent\u00a0\u00bb\u00a0\u00a0 (Henri Dunant)<\/em><\/p>\n<p style=\"font-size: 14px;\">\u00a0<\/p>\n<p style=\"font-size: 14px;\"><em><img decoding=\"async\" loading=\"lazy\" class=\"alignleft size-thumbnail wp-image-671\" title=\"tulipes\" src=\"http:\/\/www.unnouveaumonde.org\/site\/wp-content\/uploads\/tulipes-150x150.jpg\" alt=\"tulipes\" width=\"150\" height=\"150\" \/>\u00ab\u00a0Les religions sont comme des routes diff\u00e9rentes convergeant vers un m\u00eame point. Qu&rsquo;importe que nous empruntions des voies diff\u00e9rentes, pourvu que nous arrivions au m\u00eame but\u00a0\u00bb\u00a0\u00a0 (Gandhi)<\/em><\/p>\n<p style=\"font-size: 14px;\"><em>\u00ab\u00a0Le po\u00e8te choisit, \u00e9lit, dans la masse du monde, ce qu&rsquo;il lui faut pr\u00e9server, chanter, sauver, et qui s&rsquo;accorde \u00e0 son chant\u00a0\u00bb\u00a0\u00a0\u00a0 (Edouard Glissant)<\/em><\/p>\n<p style=\"font-size: 14px;\">\u00a0<\/p>\n<p style=\"font-size: 14px;\"><em>\u00ab\u00a0Soyons un peu moins dans le verbe et un peu plus dans l&rsquo;action\u00a0\u00bb\u00a0\u00a0\u00a0 (Val\u00e9rie Danne)<\/em><\/p>\n<p style=\"font-size: 14px;\"><em>\u00a0<\/em><em>\u00ab\u00a0L&rsquo;amour est aveugle ? Quelle plaisanterie ! Dans un domaine o\u00f9 tout est regard !\u00a0\u00bb\u00a0\u00a0 (Philippe Sollers)<\/em><\/p>\n<p style=\"font-size: 14px;\"><em>\u00ab\u00a0On trouve toujours de l&rsquo;argent pour faire la guerre, jamais pour vivre en paix\u00a0\u00bb\u00a0\u00a0 (Albert Brie)<\/em><\/p>\n<p style=\"font-size: 14px;\"><em>\u00ab\u00a0Aujourd&rsquo;hui, tout le monde pose. L&rsquo;homme propose, la femme dispose, l&rsquo;industrie expose, le commerce d\u00e9pose, les sciences composent, et les grands hommes reposent\u00a0\u00bb\u00a0\u00a0\u00a0 (Louis Auguste Commerson)<\/em><\/p>\n<p style=\"font-size: 14px;\"><em>\u00a0<\/em><em>\u00ab\u00a0L&rsquo;art ne fait que des vers, le coeur seul est po\u00e8te\u00a0\u00bb \u00a0(Andr\u00e9 Ch\u00e9nier)<\/em><\/p>\n<p style=\"font-size: 14px;\"><em>\u00a0<\/em><\/p>\n<p style=\"font-size: 14px;\"><em><img decoding=\"async\" loading=\"lazy\" class=\"alignleft size-thumbnail wp-image-347\" title=\"N\u00e9nuphars\" src=\"http:\/\/www.unnouveaumonde.org\/site\/wp-content\/uploads\/N\u00e9nuphars-150x150.jpg\" alt=\"N\u00e9nuphars\" width=\"150\" height=\"150\" \/><\/em><\/p>\n<p style=\"font-size: 14px;\"><em>\u00a0<\/em><em>\u00ab\u00a0Ce qu&rsquo;il faudrait, c&rsquo;est toujours conc\u00e9der \u00e0 son prochain qu&rsquo;il a une parcelle de v\u00e9rit\u00e9 et non pas dire que toute la v\u00e9rit\u00e9 est \u00e0 moi, \u00e0 mon pays, \u00e0 ma race, \u00e0 ma religion\u00a0\u00bb\u00a0 (Amadou Hamp\u00e2t\u00e9 B\u00e2)<\/em><\/p>\n<p style=\"font-size: 14px;\"><em>\u00a0<\/em><em>\u00ab\u00a0Veux-tu vivre heureux ? Voyage avec deux sacs, l&rsquo;un pour donner, l&rsquo;autre pour recevoir\u00a0\u00bb\u00a0\u00a0 (Johann Wolfgang von Goethe)<\/em><\/p>\n<p style=\"font-size: 14px;\"><em>\u00a0<\/em><\/p>\n<p style=\"font-size: 14px;\"><em>\u00a0<\/em><em>\u00ab\u00a0Ce qui m&rsquo;effraie, ce n&rsquo;est pas l&rsquo;oppression des m\u00e9chants; c&rsquo;est l&rsquo;indiff\u00e9rence des bons\u00a0\u00bb\u00a0\u00a0 (Martin Luther King)<\/em><\/p>\n<p style=\"font-size: 14px;\"><em>\u00ab\u00a0Ce n&rsquo;est pas parce qu&rsquo;un probl\u00e8me n&rsquo;a pas \u00e9t\u00e9 r\u00e9solu qu&rsquo;il est impossible \u00e0 r\u00e9soudre\u00a0\u00bb\u00a0 (Agatha Christie)<\/em><\/p>\n<p><br class=\"spacer_\" \/><\/p>\n","protected":false},"excerpt":{"rendered":"<p>A m\u00e9diter &#8230;\u00a0 d\u00e8s que l&rsquo;on a un peu de temps de libre ! \u00a0 \u00ab\u00a0Faire parler un homme politique sur ses projets et son programme, c&rsquo;est comme demander \u00e0 <a class=\"more-link\" href=\"http:\/\/www.unnouveaumonde.org\/site\/quelques-jeux-de-mots\/quelques-messages\/\">&#8230; Lire plus \u2192<\/a><\/p>\n","protected":false},"author":1,"featured_media":0,"parent":700,"menu_order":0,"comment_status":"open","ping_status":"closed","template":"","meta":[],"_links":{"self":[{"href":"http:\/\/www.unnouveaumonde.org\/site\/wp-json\/wp\/v2\/pages\/336"}],"collection":[{"href":"http:\/\/www.unnouveaumonde.org\/site\/wp-json\/wp\/v2\/pages"}],"about":[{"href":"http:\/\/www.unnouveaumonde.org\/site\/wp-json\/wp\/v2\/types\/page"}],"author":[{"embeddable":true,"href":"http:\/\/www.unnouveaumonde.org\/site\/wp-json\/wp\/v2\/users\/1"}],"replies":[{"embeddable":true,"href":"http:\/\/www.unnouveaumonde.org\/site\/wp-json\/wp\/v2\/comments?post=336"}],"version-history":[{"count":1,"href":"http:\/\/www.unnouveaumonde.org\/site\/wp-json\/wp\/v2\/pages\/336\/revisions"}],"predecessor-version":[{"id":1821,"href":"http:\/\/www.unnouveaumonde.org\/site\/wp-json\/wp\/v2\/pages\/336\/revisions\/1821"}],"up":[{"embeddable":true,"href":"http:\/\/www.unnouveaumonde.org\/site\/wp-json\/wp\/v2\/pages\/700"}],"wp:attachment":[{"href":"http:\/\/www.unnouveaumonde.org\/site\/wp-json\/wp\/v2\/media?parent=336"}],"curies":[{"name":"wp","href":"https:\/\/api.w.org\/{rel}","templated":true}]}}