{"id":1900,"date":"2018-03-23T12:26:05","date_gmt":"2018-03-23T10:26:05","guid":{"rendered":"http:\/\/www.unnouveaumonde.org\/site\/?page_id=1900"},"modified":"2018-03-23T12:26:05","modified_gmt":"2018-03-23T10:26:05","slug":"commentaires-devangiles-2018","status":"publish","type":"page","link":"http:\/\/www.unnouveaumonde.org\/site\/spiritualite\/commentaires-devangiles-2018\/","title":{"rendered":"Commentaires d&rsquo;\u00e9vangiles 2018"},"content":{"rendered":"<p><a href=\"http:\/\/www.unnouveaumonde.org\/site\/wp-content\/uploads\/merveilleux.jpg\"><img decoding=\"async\" loading=\"lazy\" class=\"aligncenter wp-image-1736\" src=\"http:\/\/www.unnouveaumonde.org\/site\/wp-content\/uploads\/merveilleux-300x231.jpg\" alt=\"merveilleux\" width=\"356\" height=\"277\" \/><\/a><strong><em><br \/>\n<\/em><\/strong><\/p>\n<p><strong><em>Merveilleux\u2026\u00a0<\/em><\/strong><\/p>\n<p>&nbsp;<\/p>\n<p>On parle sur ce mont de \u00abtransfiguration\u00bb<\/p>\n<p>Nos trois \u00abterriens\u00bb ont peur \u2026 c\u2019est la stup\u00e9faction<\/p>\n<p>Mais ils sont dans la joie d\u2019approcher un instant<\/p>\n<p>Un \u00abdivin\u00bb incarn\u00e9 dans son repr\u00e9sentant<\/p>\n<p>&nbsp;<\/p>\n<p>Il y a un \u00abavant\u00bb \u2026 il y a un \u00abapr\u00e8s\u00bb<\/p>\n<p>Pour ceux qui sont pr\u00e9sents et qui sont l\u00e0 aupr\u00e8s<\/p>\n<p>De gens comme Mo\u00efse et du Proph\u00e8te Elie<\/p>\n<p>Ils sont dans la magie d\u2019une Loi accomplie<\/p>\n<p>&nbsp;<\/p>\n<p>Il est bien \u00e9vident qu\u2019ils soient alors tent\u00e9s<\/p>\n<p>De rester tout l\u00e0-haut \u2026 loin des \u00abpestif\u00e9r\u00e9s\u00bb<\/p>\n<p>Loin de ce quotidien aux clameurs tumultueuses<\/p>\n<p>Loin des conflits de vies tantinet malheureuses<\/p>\n<p>&nbsp;<\/p>\n<p>La transfiguration est \u00abcommunion\u00bb r\u00e9elle<\/p>\n<p>Entre l\u2019\u00e2me \u2026 l\u2019Esprit \u2026 l\u2019enveloppe charnelle<\/p>\n<p>Dans l\u2019harmonisation d\u2019un corps vraiment c\u00e9leste<\/p>\n<p>Une \u00abm\u00e9tamorphose\u00bb \u2026 inou\u00efe et manifeste<\/p>\n<p>&nbsp;<\/p>\n<p>On aimerait comme eux \u00eatre pr\u00e8s du sommet<\/p>\n<p>Dans sa proximit\u00e9 en un confort douillet<\/p>\n<p>Mais notre vie elle est h\u00e9las \u2026 en ce bas monde<\/p>\n<p>Haut lieu de tentations et de vies moribondes<\/p>\n<p>&nbsp;<\/p>\n<p>La transfiguration sur le mont interroge<\/p>\n<p>C\u2019est l\u2019\u00e9nergie de vie dont on fait tant \u2026 l\u2019\u00e9loge<\/p>\n<p>La r\u00e9alisation d\u2019un \u00abInd\u00e9finissable\u00bb<\/p>\n<p>Qui para\u00eet merveilleux mais pas du tout palpable<\/p>\n<p>&nbsp;<\/p>\n<p>A nous \u00abtransfigurer\u00bb nous sommes appel\u00e9s<\/p>\n<p>C\u2019est l\u2019illumination des \u00eatres \u00abtranscend\u00e9s\u00bb<\/p>\n<p>Qui rayonnent de joie \u2026 d\u2019Amour et de bonheur<\/p>\n<p>Car ils ont accompli leur mission dans le c\u0153ur<\/p>\n<p>&nbsp;<\/p>\n<p>Kristo<\/p>\n<p><em>Marseille le 25 F\u00e9vrier 2018<\/em><\/p>\n<p><em>Evangile selon Saint Marc (9, 2-10)<\/em><\/p>\n<p>**********************************************************************<\/p>\n<p>.<\/p>\n<p><a href=\"http:\/\/www.unnouveaumonde.org\/site\/wp-content\/uploads\/dans-le-silence.jpg\"><img decoding=\"async\" loading=\"lazy\" class=\"aligncenter wp-image-1737\" src=\"http:\/\/www.unnouveaumonde.org\/site\/wp-content\/uploads\/dans-le-silence-300x225.jpg\" alt=\"dans le silence\" width=\"371\" height=\"282\" \/><\/a><\/p>\n<p><strong><em>\u00a0<\/em><\/strong><\/p>\n<p><strong><em>Dans le silence\u2026\u00a0<\/em><\/strong><\/p>\n<p>&nbsp;<\/p>\n<p>Son bapt\u00eame a eu lieu \u2026 Il part vers le d\u00e9sert<\/p>\n<p>L\u2019Esprit est avec lui naviguant de concert<\/p>\n<p>Pendant quarante jours il va \u00eatre tent\u00e9<\/p>\n<p>Mais il ne \u00abflanche\u00bb pas car il est \u00abhabit\u00e9\u00bb<\/p>\n<p>&nbsp;<\/p>\n<p>Ce chiffre de quarante est choisi \u00e0 dessein<\/p>\n<p>Dans une symbolique ancienne c\u2019est certain<\/p>\n<p>Il \u00e9voque \u00abSatan\u00bb c\u2019est juste un \u00abadversaire\u00bb<\/p>\n<p>Camp\u00e9 notre route et qui doit nous distraire<\/p>\n<p>&nbsp;<\/p>\n<p>Machiav\u00e9liquement \u2026 pour que notre mission<\/p>\n<p>Ne puisse s\u2019accomplir dans une \u00abcogestion\u00bb<\/p>\n<p>Avec un pied en haut et un pied bien ancr\u00e9<\/p>\n<p>Dans le magma humain o\u00f9 l\u2019on s\u2019est incarn\u00e9<\/p>\n<p>&nbsp;<\/p>\n<p>On a souvent envie de \u00abprendre la tangente\u00bb<\/p>\n<p>Pour \u00e9chapper bien s\u00fbr \u00e0 l\u2019\u00e9preuve violente<\/p>\n<p>Et c\u2019est l\u00e0 au \u00abd\u00e9sert\u00bb b\u00e9ni par excellence<\/p>\n<p>Qu\u2019il y a l\u2019\u00abEssentiel\u00bb \u2026 la paix dans le silence<\/p>\n<p>&nbsp;<\/p>\n<p>Alors quarante jours en fait pour faire quoi\u00a0?<\/p>\n<p>Pour une \u00abconversion\u00bb \u2026 d\u00e9passement de soi ?<\/p>\n<p>Pour un vrai changement d\u2019optique et de mani\u00e8re<\/p>\n<p>Qui nous verrait \u00abreli\u00e9s\u00bb de fa\u00e7on plus enti\u00e8re<\/p>\n<p>&nbsp;<\/p>\n<p>Pour se poser questions dans retours en arri\u00e8re<\/p>\n<p>Faut-il donc y rester dans cette p\u00e9taudi\u00e8re\u00a0?<\/p>\n<p>Pourquoi courir ainsi? Que cherche-t-on enfin?<\/p>\n<p>Et va-t-on le trouver au hasard d\u2019un chemin\u00a0?<\/p>\n<p>&nbsp;<\/p>\n<p>Ce sont quarante jours o\u00f9 l\u2019on est invit\u00e9<\/p>\n<p>A se perdre au \u00abd\u00e9sert\u00bb pour \u00eatre \u00abpurifi\u00e9\u00bb<\/p>\n<p>Dans un \u00ablaisser aller\u00bb qui nous est propos\u00e9<\/p>\n<p>Pour quitter le \u00abtombeau\u00bb et sortir \u00ablib\u00e9r\u00e9\u00bb<\/p>\n<p>&nbsp;<\/p>\n<p>Kristo<\/p>\n<p><em>Marseille le 18 F\u00e9vrier 2018<\/em><\/p>\n<p><em>Evangile selon Saint Marc (1, 12-15)\u00a0\u00a0<\/em><\/p>\n<p>***************************************************************************<\/p>\n<p>.<\/p>\n<p><a href=\"http:\/\/www.unnouveaumonde.org\/site\/wp-content\/uploads\/\u00e9videmment.jpg\"><img decoding=\"async\" loading=\"lazy\" class=\"aligncenter wp-image-1738\" src=\"http:\/\/www.unnouveaumonde.org\/site\/wp-content\/uploads\/\u00e9videmment-300x169.jpg\" alt=\"Rohingya Refugee Crisis\" width=\"422\" height=\"245\" \/><\/a><\/p>\n<p>.<strong><em>\u00a0<\/em><\/strong><\/p>\n<p><strong><em>\u00c9videmment\u2026<\/em><\/strong><\/p>\n<p>&nbsp;<\/p>\n<p>\u00abSurtout ne touche pas \u00bb car tu vas te salir<\/p>\n<p>Oui d\u00e8s le plus jeune \u00e2ge il faut se pr\u00e9munir<\/p>\n<p>Contre la \u00absalet\u00e9\u00bb d\u00e9finie chaque fois<\/p>\n<p>Par des r\u00e8gles d&rsquo;humains et qui servent de lois<\/p>\n<p>&nbsp;<\/p>\n<p>Le \u00abl\u00e9preux\u00bb dans le texte est vraiment symbolique<\/p>\n<p>C&rsquo;est l&rsquo;humain r\u00e9pugnant\u2026contagieux\u2026\u00abdiabolique\u00bb<\/p>\n<p>Qu&rsquo;il ne faut approcher car pour \u00abmorfler\u00bb autant<\/p>\n<p>C&rsquo;est qu&rsquo;il a fort p\u00e9ch\u00e9 \u2026 tant il est repoussant<\/p>\n<p>&nbsp;<\/p>\n<p>De nos jours c\u2019est pareil l&rsquo;interdit est transmis<\/p>\n<p>Il faut se pr\u00e9server de ce qui n&rsquo;est compris<\/p>\n<p>On a peur du \u00absida\u00bb \u2026 on a peur de celui<\/p>\n<p>Qui pourrait nous donner un mal non d\u00e9fini<\/p>\n<p>&nbsp;<\/p>\n<p>On a peur de ce qui ne rentre dans la \u00abnorme\u00bb<\/p>\n<p>Des \u00abbien pensants\u00bb actuels et qui n&rsquo;est pas conforme<\/p>\n<p>A la d\u00e9finition de l&rsquo;\u00abhygi\u00e8ne\u00bb et du \u00absain\u00bb<\/p>\n<p>Que l&rsquo;on a dans \u00absalus\u00bb \u2026 la \u00absant\u00e9\u00bb en latin<\/p>\n<p>&nbsp;<\/p>\n<p>Cet \u00abexclu\u00bb n&rsquo;a eu peur de s&rsquo;approcher de Lui<\/p>\n<p>Il sera son \u00abt\u00e9moin\u00bb \u2026 il sera son \u00abami\u00bb<\/p>\n<p>Il va braver la \u00abloi\u00bb qui l&rsquo;oblige \u00e0 rester<\/p>\n<p>A l&rsquo;\u00e9cart des \u00abadmis\u00bb et qu&rsquo;il doit respecter<\/p>\n<p>&nbsp;<\/p>\n<p>Un message donn\u00e9 pour tous les \u00abnaufrag\u00e9s\u00bb<\/p>\n<p>De la vie \u2026 de l&rsquo;Amour \u2026 pour tous les \u00abpi\u00e9tin\u00e9s\u00bb<\/p>\n<p>Pour tous les \u00abdiff\u00e9rents\u00bb que l\u2019on rejette car<\/p>\n<p>Ils ne sont comme nous \u2026 et qu\u2019on met \u00e0 l\u2019\u00e9cart\u00a0!<\/p>\n<p>&nbsp;<\/p>\n<p>Le \u00abl\u00e9preux\u00bb nous renvoie \u00e0 nous-m\u00eames certain<\/p>\n<p>Aurons-nous cette audace en essayant demain<\/p>\n<p>D&rsquo;aller \u00e0 leur rencontre en se faisant \u00abcomplices\u00bb<\/p>\n<p>De ces \u00abpestif\u00e9r\u00e9s\u00bb \u2026 A bas les \u00abinjustices\u00bb<\/p>\n<p>&nbsp;<\/p>\n<p>Kristo<\/p>\n<p><em>Marseille le 11 f\u00e9vrier 2018<\/em><\/p>\n<p><em>Evangile selon Saint Marc (1, 40-45)\u00a0<\/em><\/p>\n<p>***************************************************************************<\/p>\n<p>.<\/p>\n<p><a href=\"http:\/\/www.unnouveaumonde.org\/site\/wp-content\/uploads\/gu\u00e9rir.jpg\"><img decoding=\"async\" loading=\"lazy\" class=\"aligncenter wp-image-1739\" src=\"http:\/\/www.unnouveaumonde.org\/site\/wp-content\/uploads\/gu\u00e9rir-300x200.jpg\" alt=\"gu\u00e9rir\" width=\"362\" height=\"246\" \/><\/a><\/p>\n<p>.<strong><em>\u00a0<\/em><\/strong><\/p>\n<p><strong><em>Gu\u00e9rir \u2026\u00a0<\/em><\/strong><\/p>\n<p>&nbsp;<\/p>\n<p>Quittant Capharna\u00fcm J\u00e9sus reprend sa route<\/p>\n<p>Et entre chez Simon qui vraiment ne se doute<\/p>\n<p>Qu\u2019Il va faire lever la malade du lit<\/p>\n<p>En lui prenant la main par gr\u00e2ce de l\u2019Esprit<\/p>\n<p>&nbsp;<\/p>\n<p>Pourquoi la maladie et pourquoi la souffrance\u00a0?<\/p>\n<p>Pourquoi la mort? La vie? Ce chemin de l\u2019errance?<\/p>\n<p>Pourquoi tant de malheur? De tr\u00e8s vieilles questions<\/p>\n<p>Qui restent \u00e0 ce jour des interrogations<\/p>\n<p>&nbsp;<\/p>\n<p>Nous sommes l\u00e0 au c\u0153ur d\u2019un d\u00e9bat au plus haut<\/p>\n<p>Et que l\u2019on croit ou pas en fait rien ne pr\u00e9vaut<\/p>\n<p>Toutes les religions ont pourtant essay\u00e9<\/p>\n<p>De chercher la r\u00e9ponse \u2026 O\u00f9 est la \u00abV\u00e9rit\u00e9\u00bb\u00a0?<\/p>\n<p>&nbsp;<\/p>\n<p>Y aurait-il un lien entre cause et effet\u00a0?<\/p>\n<p>La mort d\u2019un innocent est un fait bien concret<\/p>\n<p>Qui n\u2019a d\u2019explication humaine rationnelle<\/p>\n<p>Et en col\u00e8re alors l\u2019humain \u2026 il s\u2019interpelle<\/p>\n<p>&nbsp;<\/p>\n<p>Devant la ville enti\u00e8re attendant \u00e0 sa porte<\/p>\n<p>Il n\u2019avait pu gu\u00e9rir cette immense cohorte<\/p>\n<p>Qui \u00e9tait l\u00e0 \u2026 mass\u00e9e \u2026 pour une d\u00e9livrance<\/p>\n<p>De ces esprits mauvais que l\u2019on porte en souffrance<\/p>\n<p>&nbsp;<\/p>\n<p>Aussi le lendemain \u2026 il s\u2019\u00e9tait retir\u00e9<\/p>\n<p>En un endroit d\u00e9sert et s\u2019\u00e9tait ressourc\u00e9<\/p>\n<p>L\u2019Ap\u00f4tre n\u2019a de port\u2026il chemine sans cesse<\/p>\n<p>Guid\u00e9 par l\u2019infini\u2026dans sa d\u00e9licatesse<\/p>\n<p>&nbsp;<\/p>\n<p>On peut imaginer \u2026 sa demande du jour<\/p>\n<p>\u00abD\u00e9livre-les du mal\u00bb pour qu\u2019advienne l\u2019Amour<\/p>\n<p>C\u2019est maintenant \u00e0 nous d\u2019\u00e9laborer ce monde<\/p>\n<p>De justice et de paix dans une joie profonde<\/p>\n<p>&nbsp;<\/p>\n<p>Kristo<\/p>\n<p><em>Marseille le 4 F\u00e9vrier 2018<\/em><\/p>\n<p><em>Evangile selon Saint Marc (1, 29-39)\u00a0<\/em><\/p>\n<p>***************************************************************************<\/p>\n<p>.<\/p>\n<p><a href=\"http:\/\/www.unnouveaumonde.org\/site\/wp-content\/uploads\/lautorit\u00e9.jpg\"><img decoding=\"async\" loading=\"lazy\" class=\"aligncenter wp-image-1740\" src=\"http:\/\/www.unnouveaumonde.org\/site\/wp-content\/uploads\/lautorit\u00e9-205x300.jpg\" alt=\"l'autorit\u00e9\" width=\"293\" height=\"421\" \/><\/a><\/p>\n<p><em>\u00a0<\/em><\/p>\n<p><strong><em>L\u2019\u00abautorit\u00e9\u00bb \u2026<\/em><\/strong><\/p>\n<p>&nbsp;<\/p>\n<p>Dans le texte du jour \u2026 \u00e0 quelle \u00abautorit\u00e9\u00bb<\/p>\n<p>Fait-il donc r\u00e9f\u00e9rence \u2026 en cette Galil\u00e9e<\/p>\n<p>Car encore aujourd\u2019hui des \u00abstructures\u00bb s\u2019octroient<\/p>\n<p>Certaine \u00abautorit\u00e9\u00bb en fonction de leurs choix\u00a0!<\/p>\n<p>&nbsp;<\/p>\n<p>Tous ces dogmes cr\u00e9\u00e9s pour asseoir un pouvoir<\/p>\n<p>Ont-ils \u00abautorit\u00e9\u00bb \u00e0 g\u00e9rer le \u00abfoutoir\u00bb\u00a0?<\/p>\n<p>Ce \u00abfoutoir\u00bb o\u00f9 l\u2019on vit chaque jour en l\u2019instant<\/p>\n<p>Car on s\u2019y entretue au nom d\u2019un \u00abDieu vivant\u00bb<\/p>\n<p>&nbsp;<\/p>\n<p>Il y a deux mille ans \u00abgroupuscules chr\u00e9tiens\u00bb<\/p>\n<p>Se d\u00e9chiraient d\u00e9j\u00e0 dans un lourd quotidien<\/p>\n<p>Il fallut \u00abConstantin\u00bb\u2026 au Concile \u2026 \u00e0 Nic\u00e9e<\/p>\n<p>Pour les rassembler tous \u2026 sous son autorit\u00e9<\/p>\n<p>&nbsp;<\/p>\n<p>Mais quelle autorit\u00e9\u00a0? L\u2019autorit\u00e9 romaine<\/p>\n<p>Qui avait verrouill\u00e9 pour contr\u00f4ler \u00abdomaine\u00bb<\/p>\n<p>Si bien qu\u2019en l\u2019aujourd\u2019hui on essaie de s\u2019entendre<\/p>\n<p>Pour un \u0153cum\u00e9nisme \u00e9volu\u00e9 et comprendre<\/p>\n<p>&nbsp;<\/p>\n<p>Car le \u00abMa\u00eetre\u00bb d\u2019alors en n\u2019ayant rien \u00e9crit<\/p>\n<p>Avait laiss\u00e9 un \u00abflou\u00bb en ceux qui l\u2019ont suivi<\/p>\n<p>De quelle \u00abautorit\u00e9\u00bb parlait-il en ces temps\u00a0?<\/p>\n<p>Mais de l\u2019\u00abUniversel\u00bb qui est \u00e0 contretemps<\/p>\n<p>&nbsp;<\/p>\n<p>De cette \u00abautorit\u00e9\u00bb bienveillante et discr\u00e8te<\/p>\n<p>Qui habite en chacun sur la ch\u00e8re plan\u00e8te<\/p>\n<p>La \u00abparole du c\u0153ur\u00bb r\u00e9veillera toujours<\/p>\n<p>Celui qui s\u2019endormait durant de longs discours<\/p>\n<p>&nbsp;<\/p>\n<p>\u00abVraie\u00bb est l\u2019\u00abautorit\u00e9\u00bb qui guide et qui conseille<\/p>\n<p>Face \u00e0 l\u2019\u00abesprit mauvais\u00bb dans la pure merveille<\/p>\n<p>Mais h\u00e9las trop souvent elle est loin de cela<\/p>\n<p>La \u00abfausse\u00bb autorit\u00e9 \u2026 qui multiplie combats<\/p>\n<p>&nbsp;<\/p>\n<p>Kristo<\/p>\n<p><em>Marseille le 28 Janvier 2018<\/em><\/p>\n<p><em>Evangile selon Saint Marc (1, 21-28)\u00a0<\/em><\/p>\n<p>*****************************************************************************<\/p>\n<p>.<\/p>\n<p><a href=\"http:\/\/www.unnouveaumonde.org\/site\/wp-content\/uploads\/retournement.jpg\"><img decoding=\"async\" loading=\"lazy\" class=\"aligncenter size-full wp-image-1741\" src=\"http:\/\/www.unnouveaumonde.org\/site\/wp-content\/uploads\/retournement.jpg\" alt=\"retournement\" width=\"305\" height=\"428\" srcset=\"http:\/\/www.unnouveaumonde.org\/site\/wp-content\/uploads\/retournement.jpg 305w, http:\/\/www.unnouveaumonde.org\/site\/wp-content\/uploads\/retournement-214x300.jpg 214w\" sizes=\"(max-width: 305px) 100vw, 305px\" \/><\/a><\/p>\n<p><strong><em>\u00a0<\/em><\/strong><\/p>\n<p><strong><em>Retournement \u2026\u00a0<\/em><\/strong><\/p>\n<p>&nbsp;<\/p>\n<p>\u00abVieux temps sont accomplis\u00bb un changement est proche<\/p>\n<p>Le \u00abbip\u00e8de\u00bb survit mais bien souvent s\u2019accroche<\/p>\n<p>Aux rep\u00e8res connus car c\u2019est plus confortable<\/p>\n<p>Que d\u2019aborder de front \u2026 cet \u00abind\u00e9finissable\u00bb<\/p>\n<p>&nbsp;<\/p>\n<p>Dans ce qu\u2019Il annon\u00e7ait il y a deux mille ans<\/p>\n<p>Cette vraie \u00abmutation\u00bb \u2026 Est-ce qu\u2019on est dedans\u00a0?<\/p>\n<p>Le \u00abtout proche\u00bb pour Lui n\u2019\u00e9tait bien s\u00fbr le m\u00eame<\/p>\n<p>Que notre \u00abtemps\u00bb \u00e0 nous\u2026ce qui est\u2026le probl\u00e8me<\/p>\n<p>&nbsp;<\/p>\n<p>\u00abIl faut se convertir\u00bb \u2026 Cela veut dire quoi\u00a0?<\/p>\n<p>Tout quitter d\u2019un seul coup\u2026la famille et l\u2019emploi\u00a0?<\/p>\n<p>Pour \u00eatre diff\u00e9rent\u2026 dans un vrai changement<\/p>\n<p>En un chamboulement du quotidien pr\u00e9sent\u00a0?<\/p>\n<p>&nbsp;<\/p>\n<p>Il faut juste passer du \u00abgain\u00bb et de l\u2019\u00abavoir\u00bb<\/p>\n<p>A une autre logique inh\u00e9rente \u00e0 l\u2019espoir<\/p>\n<p>C\u2019est \u00abpenser autrement\u00bb en \u00e9tant dans le monde<\/p>\n<p>Mais \u00abreli\u00e9\u00bb au divin dans une \u00abfoi\u00bb profonde<\/p>\n<p>&nbsp;<\/p>\n<p>Qui est \u00abnon r\u00e9fl\u00e9chie\u00bb mais s\u00fbre \u00abinstantan\u00e9e\u00bb<\/p>\n<p>Avec un \u00abc\u0153ur\u00bb qui croit en la gr\u00e2ce donn\u00e9e<\/p>\n<p>Pas de mental bien s\u00fbr dans cette mutation<\/p>\n<p>Ils avaient tous suivi \u2026 sans aucune question<\/p>\n<p>&nbsp;<\/p>\n<p>C\u2019est l\u2019\u00abappel\u00bb imm\u00e9diat tr\u00e8s fort\u2026sans concession<\/p>\n<p>Qui est irr\u00e9sistible \u2026 en totale \u2026 \u00abattraction\u00bb<\/p>\n<p>Seuls ceux qui l\u2019ont v\u00e9cu peuvent en t\u00e9moigner<\/p>\n<p>Et les autres \u2026 \u00abjaloux\u00bb \u2026 sont l\u00e0 \u00e0 \u00abp\u00e9rorer\u00bb<\/p>\n<p>&nbsp;<\/p>\n<p>C\u2019est une \u00abintimit\u00e9\u00bb qui vous tombe dessus<\/p>\n<p>Vraiment \u00abinexplicable\u00bb et s\u00fbr \u00abinattendue\u00bb<\/p>\n<p>Nul n\u2019en conna\u00eet le jour\u2026ni l\u2019heure\u2026et c\u2019est tant mieux<\/p>\n<p>La \u00abconversion\u00bb \u2026 un lien \u2026 extra et \u2026 myst\u00e9rieux<\/p>\n<p>&nbsp;<\/p>\n<p>Kristo<\/p>\n<p><em>Marseille le 21 Janvier 2018<\/em><\/p>\n<p><em>Evangile selon Saint Marc (1, 14-20)\u00a0<\/em><\/p>\n<p>*****************************************************************************<\/p>\n<p>.<\/p>\n<p><a href=\"http:\/\/www.unnouveaumonde.org\/site\/wp-content\/uploads\/signes.jpg\"><img decoding=\"async\" loading=\"lazy\" class=\"aligncenter wp-image-1742\" src=\"http:\/\/www.unnouveaumonde.org\/site\/wp-content\/uploads\/signes-300x225.jpg\" alt=\"signes\" width=\"382\" height=\"290\" \/><\/a><\/p>\n<p><strong><em>\u00a0<\/em><\/strong><\/p>\n<p><strong><em>Signes\u2026<\/em><\/strong><\/p>\n<p>&nbsp;<\/p>\n<p>Ils sont int\u00e9ressants tous ces \u00abindicateurs\u00bb<\/p>\n<p>Qui provoquent \u00abd\u00e9clics\u00bb en purs commutateurs<\/p>\n<p>\u00abAndr\u00e9\u00bb en fait partie \u2026 ce tout premier disciple<\/p>\n<p>Dont on a peu parl\u00e9 durant tout le p\u00e9riple<\/p>\n<p>&nbsp;<\/p>\n<p>Un contexte social pas vraiment tr\u00e8s glorieux<\/p>\n<p>L\u2019occupation romaine \u2026 un triste religieux<\/p>\n<p>Alors il va le suivre pour changer de \u00abdestin\u00bb<\/p>\n<p>Plut\u00f4t que de pleurer sur le bord du chemin<\/p>\n<p>&nbsp;<\/p>\n<p>La pierre c\u2019est \u00abKepha\u00bb\u2026un fondement de base<\/p>\n<p>Pour la fraternit\u00e9 qu\u2019Il aimerait en phase<\/p>\n<p>Symbolique est ce mot car tout humain est \u00abpierre\u00bb<\/p>\n<p>De cette humanit\u00e9 \u2026 chacun \u2026 \u00e0 sa mani\u00e8re<\/p>\n<p>&nbsp;<\/p>\n<p>Sans d\u00e9sir on ne peut avancer et l\u2019on stagne<\/p>\n<p>Et pas question alors d\u2019escalader montagne<\/p>\n<p>Mais si l\u2019on cherche bien on a certains \u00abpoteaux\u00bb<\/p>\n<p>Plac\u00e9s sur notre route aux endroits o\u00f9 il faut<\/p>\n<p>&nbsp;<\/p>\n<p>Cela peut \u00eatre un mot \u2026 un regard ou un signe<\/p>\n<p>Ou m\u00eame un num\u00e9ro \u2026 un petit \u0153il qui cligne<\/p>\n<p>Une phrase insolite \u2026 un geste inopin\u00e9<\/p>\n<p>Et en une seconde on se trouve \u00ab\u00e9clair\u00e9\u00bb<\/p>\n<p>&nbsp;<\/p>\n<p>Il fut presqu\u2019anonyme au cours des trois ann\u00e9es<\/p>\n<p>O\u00f9 il suivit le Ma\u00eetre au cours de ses journ\u00e9es<\/p>\n<p>Pourtant il sut g\u00e9rer en tr\u00e8s fin \u00abm\u00e9diateur\u00bb<\/p>\n<p>Dures situations \u2026 dans l\u2019intuition du c\u0153ur<\/p>\n<p>&nbsp;<\/p>\n<p>Et nous que cherchons-nous durant notre parcours<\/p>\n<p>A prot\u00e9ger nos vies\u00a0? S\u2019abritant dans nos \u00abtours\u00bb<\/p>\n<p>Sans \u00abd\u00e9sirs\u00bb\u2026sans \u00abpassions\u00bb\u2026ainsi que des cloportes<\/p>\n<p>Ce n\u2019est pas la vraie vie\u2026il faut \u00abfranchir\u00bb les portes<\/p>\n<p>&nbsp;<\/p>\n<p>Kristo<\/p>\n<p><em>Marseille le 14 Janvier 2018<\/em><\/p>\n<p><em>Evangile selon Saint Jean (1, 35-42)\u00a0<\/em><\/p>\n<p>***************************************************************************<\/p>\n<p>.<\/p>\n<p><a href=\"http:\/\/www.unnouveaumonde.org\/site\/wp-content\/uploads\/dans-luniversel.jpg\"><img decoding=\"async\" loading=\"lazy\" class=\"aligncenter wp-image-1743\" src=\"http:\/\/www.unnouveaumonde.org\/site\/wp-content\/uploads\/dans-luniversel-254x300.jpg\" alt=\"dans l'universel\" width=\"301\" height=\"353\" \/><\/a><\/p>\n<p><strong><em>\u00a0<\/em><\/strong><\/p>\n<p><strong><em>Dans l\u2019Universel \u2026\u00a0<\/em><\/strong><\/p>\n<p>&nbsp;<\/p>\n<p>Les mages de ce jour \u2026 ils \u00e9taient \u00abinspir\u00e9s\u00bb<\/p>\n<p>En \u00abastrologues\u00bb vrais\u2026ils aimaient contempler<\/p>\n<p>Ce cosmos infini \u2026 d\u2019\u00e9toiles et de plan\u00e8tes<\/p>\n<p>Comme le font tous ceux qui vivent en po\u00e8tes<\/p>\n<p>&nbsp;<\/p>\n<p>H\u00e9rode avait tr\u00e8s peur de la belle promesse<\/p>\n<p>Que Nathan avait fait \u00e0 David en vieillesse<\/p>\n<p>Un de ses descendants devait r\u00e9gner un jour<\/p>\n<p>Un \u00abRoi\u00bb selon le c\u0153ur et la foi \u2026 \u00abTout amour\u00bb<\/p>\n<p>&nbsp;<\/p>\n<p>Et aujourd\u2019hui aussi nos \u00abchefs\u00bb craignent toujours<\/p>\n<p>De se voir d\u00e9tr\u00f4ner et de perdre leurs \u00abcours\u00bb<\/p>\n<p>Leur raison d\u2019exister \u2026 leur \u00abStatut\u00bb de seigneur<\/p>\n<p>Et d\u2019\u00eatre \u00e9limin\u00e9s en tout bien tout honneur<\/p>\n<p>&nbsp;<\/p>\n<p>Alors tout comme H\u00e9rode \u2026 agissant en secret<\/p>\n<p>Ils aiment conspirer tout en faisant le guet<\/p>\n<p>Consultant l\u2019audimat et m\u00eame en religion<\/p>\n<p>On compte ses brebis avec fascination<\/p>\n<p>&nbsp;<\/p>\n<p>C\u2019est quoi l\u2019\u00abEpiphanie\u00bb ? \u2026 L\u2019\u00abUniversalit\u00e9\u00bb<\/p>\n<p>La sortie d\u2019un \u00abtombeau\u00bb o\u00f9 l\u2019on vit \u00abenterr\u00e9\u00bb<\/p>\n<p>La \u00abmanifestation\u00bb d\u2019un \u00abInconnu\u00bb divin<\/p>\n<p>Hors de toute ob\u00e9dience en un esprit taquin<\/p>\n<p>&nbsp;<\/p>\n<p>Il avait bien parl\u00e9 en son temps \u00e0 nos \u00abp\u00e8res\u00bb<\/p>\n<p>Mo\u00efse et Abraham connus comme \u00abrep\u00e8res\u00bb<\/p>\n<p>Mais l\u00e0 il va plus loin dans une incarnation<\/p>\n<p>Qui d\u00e9fie le \u00abSavoir\u00bb et l\u2019\u00abimagination\u00bb<\/p>\n<p>&nbsp;<\/p>\n<p>Ces \u00abpa\u00efens\u00bb de couleur qu\u2019on appelait des \u00abrois\u00bb<\/p>\n<p>Avec un blanc \u2026 un noir \u2026 et peut-\u00eatre un chinois\u00a0?<\/p>\n<p>Etaient dans le \u00abcombat\u00bb entre nuit et lumi\u00e8re<\/p>\n<p>Qui est toujours actuel \u2026 de la m\u00eame mani\u00e8re<\/p>\n<p>&nbsp;<\/p>\n<p>Kristo<\/p>\n<p><em>Marseille le 7 Janvier 2018<\/em><\/p>\n<p><em>Evangile selon Saint Matthieu (2, 1-12)\u00a0<\/em><\/p>\n<p>************************************************************************<\/p>\n","protected":false},"excerpt":{"rendered":"<p>Merveilleux\u2026\u00a0 &nbsp; On parle sur ce mont de \u00abtransfiguration\u00bb Nos trois \u00abterriens\u00bb ont peur \u2026 c\u2019est la stup\u00e9faction Mais ils sont dans la joie d\u2019approcher un instant Un \u00abdivin\u00bb incarn\u00e9 <a class=\"more-link\" href=\"http:\/\/www.unnouveaumonde.org\/site\/spiritualite\/commentaires-devangiles-2018\/\">&#8230; Lire plus \u2192<\/a><\/p>\n","protected":false},"author":1,"featured_media":0,"parent":1895,"menu_order":1,"comment_status":"closed","ping_status":"closed","template":"","meta":[],"_links":{"self":[{"href":"http:\/\/www.unnouveaumonde.org\/site\/wp-json\/wp\/v2\/pages\/1900"}],"collection":[{"href":"http:\/\/www.unnouveaumonde.org\/site\/wp-json\/wp\/v2\/pages"}],"about":[{"href":"http:\/\/www.unnouveaumonde.org\/site\/wp-json\/wp\/v2\/types\/page"}],"author":[{"embeddable":true,"href":"http:\/\/www.unnouveaumonde.org\/site\/wp-json\/wp\/v2\/users\/1"}],"replies":[{"embeddable":true,"href":"http:\/\/www.unnouveaumonde.org\/site\/wp-json\/wp\/v2\/comments?post=1900"}],"version-history":[{"count":2,"href":"http:\/\/www.unnouveaumonde.org\/site\/wp-json\/wp\/v2\/pages\/1900\/revisions"}],"predecessor-version":[{"id":1902,"href":"http:\/\/www.unnouveaumonde.org\/site\/wp-json\/wp\/v2\/pages\/1900\/revisions\/1902"}],"up":[{"embeddable":true,"href":"http:\/\/www.unnouveaumonde.org\/site\/wp-json\/wp\/v2\/pages\/1895"}],"wp:attachment":[{"href":"http:\/\/www.unnouveaumonde.org\/site\/wp-json\/wp\/v2\/media?parent=1900"}],"curies":[{"name":"wp","href":"https:\/\/api.w.org\/{rel}","templated":true}]}}