{"id":1796,"date":"2018-02-07T19:04:32","date_gmt":"2018-02-07T17:04:32","guid":{"rendered":"http:\/\/www.unnouveaumonde.org\/site\/?page_id=1796"},"modified":"2018-02-16T16:08:20","modified_gmt":"2018-02-16T14:08:20","slug":"edito-daout","status":"publish","type":"page","link":"http:\/\/www.unnouveaumonde.org\/site\/editos\/editos-2017\/edito-daout\/","title":{"rendered":"Edito d&rsquo;Ao\u00fbt 2017"},"content":{"rendered":"<p><strong><em>\u00abCh\u00e8res\u00bb vacances<\/em><\/strong><\/p>\n<p>.<\/p>\n<p><a href=\"http:\/\/www.unnouveaumonde.org\/site\/wp-content\/uploads\/vacances3.jpg\"><img decoding=\"async\" loading=\"lazy\" class=\"alignleft size-thumbnail wp-image-1751\" src=\"http:\/\/www.unnouveaumonde.org\/site\/wp-content\/uploads\/vacances3-150x150.jpg\" alt=\"vacances3\" width=\"150\" height=\"150\" \/><\/a>Ao\u00fbt est le mois de l\u2019ann\u00e9e o\u00f9 il ne faut surtout avoir besoin de rien\u00a0!<\/p>\n<p>Tout s\u2019arr\u00eate \u2026 les administrations \u2026 la sant\u00e9 \u2026 la justice \u2026 etc.\u00a0 Alors il vaut mieux avoir la providence de son c\u00f4t\u00e9 pour s\u2019en sortir.<\/p>\n<p>Juste un peu d\u2019humour avec Olivero ci-contre. Cela ne fait pas de mal d\u2019autant plus que maintenant les th\u00e9rapies par le rire font recette.<\/p>\n<p>.<\/p>\n<p><strong><em>\u00a02 Ao\u00fbt\u00a0: jour o\u00f9 une seule Terre ne suffit plus \u00e0 l\u2019humanit\u00e9.<\/em><\/strong><\/p>\n<p>L\u2019humanit\u00e9 vit \u00e0 cr\u00e9dit. Ce jour est celui dit du \u00abd\u00e9passement de la Terre\u00bb, o\u00f9 toutes les ressources naturelles renouvelables en une ann\u00e9e ont \u00e9t\u00e9 \u00e9puis\u00e9es, qu\u2019il s\u2019agisse de la production des terres agricoles, des for\u00eats, des ressources qui concernent l\u2019ensemble des disciplines touchant de pr\u00e8s ou de loin \u00e0 la p\u00eache et qui sont primordiales pour pr\u00e9server les ressources vivantes aquatiques des r\u00e9gions.<\/p>\n<p>.<\/p>\n<p><a href=\"http:\/\/www.unnouveaumonde.org\/site\/wp-content\/uploads\/d\u00e9forestation.jpg\"><img decoding=\"async\" loading=\"lazy\" class=\"aligncenter size-medium wp-image-1752\" src=\"http:\/\/www.unnouveaumonde.org\/site\/wp-content\/uploads\/d\u00e9forestation-300x200.jpg\" alt=\"d\u00e9forestation\" width=\"300\" height=\"200\" srcset=\"http:\/\/www.unnouveaumonde.org\/site\/wp-content\/uploads\/d\u00e9forestation-300x200.jpg 300w, http:\/\/www.unnouveaumonde.org\/site\/wp-content\/uploads\/d\u00e9forestation.jpg 849w\" sizes=\"(max-width: 300px) 100vw, 300px\" \/><\/a><\/p>\n<p>.<\/p>\n<p>Chaque ann\u00e9e, 13 millions d\u2019hectares de for\u00eats disparaissent \u00e0 travers le monde, soit l\u2019\u00e9quivalent de quatre fois la superficie de la Belgique. L\u2019agriculture intensive, responsable \u00e0 80% des d\u00e9boisements dans les zones tropicales, l\u2019urbanisation et le commerce du bois, en sont les facteurs principaux.<\/p>\n<p><strong>Quarante terrains de football, c\u2019est ce que perdent les for\u00eats \u00abchaque minute\u00bb \u00e0 travers le monde\u00a0! <\/strong><\/p>\n<p>Au niveau de la d\u00e9forestation, trois zones sont tr\u00e8s pr\u00e9occupantes\u00a0: l\u2019Amazonie surtout br\u00e9silienne, l\u2019Afrique centrale et, en Asie du Sud-est, l\u2019Indon\u00e9sie et la Malaisie.<\/p>\n<p>Notons aussi qu\u2019en Indon\u00e9sie, des incendies criminels d\u00e9truisent chaque ann\u00e9e des milliers d\u2019arbres sur les \u00eeles de Sumatra et Born\u00e9o, au profit des industries de l\u2019huile de palme, du caoutchouc, de la p\u00e2te \u00e0 papier et du commerce du bois.<\/p>\n<p>.<\/p>\n<p>.<\/p>\n<p><a href=\"http:\/\/www.unnouveaumonde.org\/site\/wp-content\/uploads\/durable.png\"><img decoding=\"async\" loading=\"lazy\" class=\"aligncenter size-medium wp-image-1753\" src=\"http:\/\/www.unnouveaumonde.org\/site\/wp-content\/uploads\/durable-300x113.png\" alt=\"durable\" width=\"300\" height=\"113\" srcset=\"http:\/\/www.unnouveaumonde.org\/site\/wp-content\/uploads\/durable-300x113.png 300w, http:\/\/www.unnouveaumonde.org\/site\/wp-content\/uploads\/durable.png 800w\" sizes=\"(max-width: 300px) 100vw, 300px\" \/><\/a>.<\/p>\n<p>.<\/p>\n<p>Mais \u2026 de la p\u00e2te \u00e0 tartiner au diesel \u2026 \u00e0 quoi sert l\u2019huile de palme\u00a0?<\/p>\n<p>On la trouve dans les aliments transform\u00e9s de nos supermarch\u00e9s (chips, soupes lyophilis\u00e9es, biscuits, lait pour b\u00e9b\u00e9, sardines en boite, mayonnaise, c\u00e9r\u00e9ales, chocolat, fromage r\u00e2p\u00e9, p\u00e2tes \u00e0 tarte, plats pr\u00e9par\u00e9s, etc.).<\/p>\n<p>Et, pour ce qui est du \u00abbiodi\u00e9sel\u00bb en Europe, bien plus polluant que l\u2019essence, il repr\u00e9sente une v\u00e9ritable catastrophe pour les for\u00eats tropicales et les \u00e9missions de gaz \u00e0 effet de serre.<\/p>\n<p>Quant au lac Tanganyika qui d\u00e9tient pr\u00e8s de 20% des ressources d\u2019eau douce du monde, il a \u00e9t\u00e9 d\u00e9sign\u00e9 en 2017 comme le lac le plus menac\u00e9 de l\u2019ann\u00e9e alors que ses eaux paisibles ont symbolis\u00e9 durant des mill\u00e9naires la richesse de la biodiversit\u00e9 avec des milliers d\u2019esp\u00e8ces de poissons et de plantes qui y ont prosp\u00e9r\u00e9 jusqu\u2019\u00e0 ce qu\u2019il ne soit gravement affect\u00e9 par le changement climatique, la d\u00e9forestation, la surp\u00eache et la recherche d\u2019hydrocarbures.<\/p>\n<p>Les moyens mis en \u0153uvre sont inefficaces et l\u2019on recherche encore des solutions \u00e0 tous ces probl\u00e8mes actuels.<\/p>\n<p>Symphorien Ongolo, politique camerounais, mise sur \u00abun sursaut\u00bb de la soci\u00e9t\u00e9 civile, notamment en Afrique centrale, qui aurait pour but d\u2019\u00e9veiller les consciences.<\/p>\n<p>\u00abIl convient de montrer \u00e0 la population locale que la nature est un b\u00e9n\u00e9fice, qu\u2019elle les aide \u00e0 subsister, avant m\u00eame d\u2019expliquer qu\u2019elle est n\u00e9cessaire \u00e0 la survie de la Terre\u00bb explique-t-il, plaidant pour le retour \u00e0 une \u00abagriculture paysanne\u00bb \u00e0 taille humaine.<\/p>\n<p>.<\/p>\n<p><a href=\"http:\/\/www.unnouveaumonde.org\/site\/wp-content\/uploads\/g\u00e9nial.jpg\">.<img decoding=\"async\" loading=\"lazy\" class=\"aligncenter size-medium wp-image-1754\" src=\"http:\/\/www.unnouveaumonde.org\/site\/wp-content\/uploads\/g\u00e9nial-300x300.jpg\" alt=\"g\u00e9nial\" width=\"300\" height=\"300\" srcset=\"http:\/\/www.unnouveaumonde.org\/site\/wp-content\/uploads\/g\u00e9nial-300x300.jpg 300w, http:\/\/www.unnouveaumonde.org\/site\/wp-content\/uploads\/g\u00e9nial-150x150.jpg 150w, http:\/\/www.unnouveaumonde.org\/site\/wp-content\/uploads\/g\u00e9nial.jpg 600w\" sizes=\"(max-width: 300px) 100vw, 300px\" \/><\/a>.<\/p>\n","protected":false},"excerpt":{"rendered":"<p>\u00abCh\u00e8res\u00bb vacances . Ao\u00fbt est le mois de l\u2019ann\u00e9e o\u00f9 il ne faut surtout avoir besoin de rien\u00a0! Tout s\u2019arr\u00eate \u2026 les administrations \u2026 la sant\u00e9 \u2026 la justice \u2026 <a class=\"more-link\" href=\"http:\/\/www.unnouveaumonde.org\/site\/editos\/editos-2017\/edito-daout\/\">&#8230; Lire plus \u2192<\/a><\/p>\n","protected":false},"author":1,"featured_media":0,"parent":1842,"menu_order":8,"comment_status":"closed","ping_status":"closed","template":"","meta":[],"_links":{"self":[{"href":"http:\/\/www.unnouveaumonde.org\/site\/wp-json\/wp\/v2\/pages\/1796"}],"collection":[{"href":"http:\/\/www.unnouveaumonde.org\/site\/wp-json\/wp\/v2\/pages"}],"about":[{"href":"http:\/\/www.unnouveaumonde.org\/site\/wp-json\/wp\/v2\/types\/page"}],"author":[{"embeddable":true,"href":"http:\/\/www.unnouveaumonde.org\/site\/wp-json\/wp\/v2\/users\/1"}],"replies":[{"embeddable":true,"href":"http:\/\/www.unnouveaumonde.org\/site\/wp-json\/wp\/v2\/comments?post=1796"}],"version-history":[{"count":1,"href":"http:\/\/www.unnouveaumonde.org\/site\/wp-json\/wp\/v2\/pages\/1796\/revisions"}],"predecessor-version":[{"id":1800,"href":"http:\/\/www.unnouveaumonde.org\/site\/wp-json\/wp\/v2\/pages\/1796\/revisions\/1800"}],"up":[{"embeddable":true,"href":"http:\/\/www.unnouveaumonde.org\/site\/wp-json\/wp\/v2\/pages\/1842"}],"wp:attachment":[{"href":"http:\/\/www.unnouveaumonde.org\/site\/wp-json\/wp\/v2\/media?parent=1796"}],"curies":[{"name":"wp","href":"https:\/\/api.w.org\/{rel}","templated":true}]}}