{"id":1791,"date":"2018-02-07T18:47:07","date_gmt":"2018-02-07T16:47:07","guid":{"rendered":"http:\/\/www.unnouveaumonde.org\/site\/?page_id=1791"},"modified":"2018-02-16T16:09:20","modified_gmt":"2018-02-16T14:09:20","slug":"edito-de-juillet-2017","status":"publish","type":"page","link":"http:\/\/www.unnouveaumonde.org\/site\/editos\/editos-2017\/edito-de-juillet-2017\/","title":{"rendered":"Edito de Juillet 2017"},"content":{"rendered":"<div>\n<p><strong><em>Tr\u00e8s \u00abcher\u00bb Baccalaur\u00e9at<\/em><\/strong><\/p>\n<p>Bac 2016\u00a0: sur les 632 700 bacheliers fran\u00e7ais, une bonne moiti\u00e9 \u00e9tait des filles, mais cela n\u2019a pas toujours \u00e9t\u00e9 le cas.<\/p>\n<p><a href=\"http:\/\/www.unnouveaumonde.org\/site\/wp-content\/uploads\/1-J-V-daubi\u00e9.png\"><img decoding=\"async\" loading=\"lazy\" class=\"alignleft size-medium wp-image-1687\" src=\"http:\/\/www.unnouveaumonde.org\/site\/wp-content\/uploads\/1-J-V-daubi\u00e9-223x300.png\" sizes=\"(max-width: 223px) 100vw, 223px\" srcset=\"http:\/\/www.unnouveaumonde.org\/site\/wp-content\/uploads\/1-J-V-daubi\u00e9-223x300.png 223w, http:\/\/www.unnouveaumonde.org\/site\/wp-content\/uploads\/1-J-V-daubi\u00e9.png 473w\" alt=\"1-J-V daubi\u00e9\" width=\"223\" height=\"300\" \/><\/a>Il a fallu attendre <strong>1861 et <em>Julie-Victoire Daubi\u00e9<\/em><\/strong>, pour qu\u2019une premi\u00e8re femme obtienne ce dipl\u00f4me. Huiti\u00e8me et derni\u00e8re enfant d\u2019une famille vosgienne, c\u2019est sa m\u00e8re qui lui a appris \u00e0 lire et \u00e0 compter, car la loi Guizot de 1833, qui rendait l\u2019\u00e9cole obligatoire, ne concernait que les gar\u00e7ons. En 1844, elle obtiendra le Certificat de Capacit\u00e9, dipl\u00f4me obligatoire pour enseigner et le seul accessible aux jeunes filles, qui lui permettra de se rendre en Allemagne pour y donner des cours de fran\u00e7ais. Touch\u00e9e par la mis\u00e8re dans les campagnes, cela lui inspirera un essai sur \u00abLa Femme pauvre au XIXe si\u00e8cle\u00bb qui lui vaudra le premier prix de l\u2019Acad\u00e9mie des Sciences, belles lettre et arts de Lyon en 1859.<\/p>\n<p>Un industriel adepte du saint-simonisme, mouvement progressiste qui fut \u00e0 l\u2019origine du socialisme, Fran\u00e7ois Barth\u00e9l\u00e9my Arl\u00e8s-Dufour, la poussera \u00e0 passer son baccalaur\u00e9at qu\u2019elle obtiendra le <strong>17 Ao\u00fbt 1861 \u00e0 Lyon.<\/strong><\/p>\n<p>La presse de l\u2019\u00e9poque va la saluer par cet \u00e9crit\u00a0: <strong><em>\u00abc\u2019est la premi\u00e8re bacheli\u00e8re de sexe f\u00e9minin, ouvrant par l\u00e0-m\u00eame une nouvelle voie aux femmes\u00bb<\/em>\u00a0!<\/strong><\/p>\n<p>Elle s\u2019installera \u00e0 Paris o\u00f9 elle deviendra une journaliste sp\u00e9cialis\u00e9e en \u00e9conomie, reconnue jusqu\u2019aux Etats-Unis, dont le travail sera r\u00e9compens\u00e9 d\u2019une m\u00e9daille \u00e0 l\u2019Exposition universelle de Paris en 1867. Le 28 octobre 1872, elle sera la premi\u00e8re \u00ablicenci\u00e9\u00bb (sans e) \u00e8s lettres avant que la tuberculose ne l\u2019emporte le 25 ao\u00fbt 1874.<\/p>\n<p><strong>FELICITATIONS MADAME<\/strong><\/p>\n<p><strong>AU NOM DE TOUTES LES FEMMES D\u2019AUJOURD\u2019HUI<\/strong><\/p>\n<p>.<\/p>\n<p><em>Mais revenons \u00e0 nos moutons en Juillet 2017.<\/em><\/p>\n<p>.<\/p>\n<p>Qu\u2019est donc devenu ce tr\u00e8s \u00abcher\u00bb baccalaur\u00e9at\u00a0?<a href=\"http:\/\/www.unnouveaumonde.org\/site\/wp-content\/uploads\/3-bac3.jpg\"><img decoding=\"async\" loading=\"lazy\" class=\"alignright size-full wp-image-1688\" src=\"http:\/\/www.unnouveaumonde.org\/site\/wp-content\/uploads\/3-bac3.jpg\" alt=\"3-bac3\" width=\"297\" height=\"170\" \/><\/a><\/p>\n<p>Sans vouloir faire de jeu de mot, c\u2019est un peu cela.<\/p>\n<p><strong>Actuellement, le co\u00fbt cach\u00e9 du bac serait de 1,5 milliard d\u2019euros\u00a0!<\/strong><\/p>\n<p>L\u2019examen s\u2019est complexifi\u00e9, la suppression de 3 semaines de cours, les sessions \u00e0 organiser et \u00e0 s\u00e9curiser avec la pagaille qui s\u2019ensuit souvent,\u2026, co\u00fbtent cher, je dirai m\u00eame tr\u00e8s cher\u00a0!<\/p>\n<p>Faut-il continuer \u00e0 d\u00e9penser autant, alors que l\u2019argent public est rare, pour un examen que plus de 8 candidats sur 10 d\u00e9crochent, et qui ne veut plus dire grand-chose\u00a0!!!<\/p>\n<p>Une part de contr\u00f4les continus ne serait pas si mal \u2026 Qu\u2019en pensez-vous\u00a0?<\/p>\n<p>Mais la r\u00e9flexion s\u2019impose surtout sur la finalit\u00e9 de l\u2019\u00e9cole actuelle et de cet examen.<\/p>\n<p>Est-il vraiment n\u00e9cessaire que l\u2019individu engrange une tonne de \u00absavoirs\u00bb livresques \u00e0 l\u2019\u00e9cole\u00a0?<\/p>\n<p>Autre\u00a0pol\u00e9mique: la semaine sur 4 jours1\/2, c\u2019\u00e9tait ridicule,\u00a0ing\u00e9rable et totalement inefficace, mais une semaine sur 5 jours entiers, int\u00e9grant les arts, le sport, les travaux manuels, et autres,\u00a0permettrait ainsi de construire, en toute \u00e9galit\u00e9, l\u2019humaniste du\u00a0XXIe si\u00e8cle\u2026 On en r\u00eave toujours h\u00e9las\u00a0!<\/p>\n<p>Car,\u00a0actuellement, notre ch\u00e8re \u00e9cole ne donne\u00a0malheureusement pas:<\/p>\n<p><em><strong>La possibilit\u00e9 de se r\u00e9aliser pleinement en fonction des\u00a0\u00abtalents\u00bb de chacun, <\/strong><\/em><\/p>\n<p><em><strong>talents que tout individu porte en lui \u00e0 la naissance, <\/strong><\/em><\/p>\n<p><em><strong>pour qu\u2019\u00e0 la fin de la scolarit\u00e9 qu\u2019elle soit\u00a0longue ou courte, <\/strong><\/em><\/p>\n<p><em><strong>l\u2019humain\u00a0puisse trouver un travail qu\u2019il accomplisse avec <\/strong><\/em><\/p>\n<p><em><strong>PLAISIR, COMPETENCE et DIGNITE.<\/strong><\/em><\/p>\n<p><strong>O U I<\/strong><\/p>\n<p><em><strong>Telle devrait \u00eatre la mission fondamentale de l\u2019\u00e9cole\u00a0!<\/strong><\/em><\/p>\n<p><strong>\u00a0<\/strong><\/p>\n<p><strong><em>Simone Veil au Panth\u00e9on<\/em><\/strong><\/p>\n<p>.<\/p>\n<p><a href=\"http:\/\/www.unnouveaumonde.org\/site\/wp-content\/uploads\/4-simone-veil.jpg\"><img decoding=\"async\" loading=\"lazy\" class=\"alignleft size-thumbnail wp-image-1689\" src=\"http:\/\/www.unnouveaumonde.org\/site\/wp-content\/uploads\/4-simone-veil-150x150.jpg\" alt=\"4-simone veil\" width=\"150\" height=\"150\" \/><\/a>N\u00e9e le 13 juillet 1927, c\u2019est l\u2019une des figures politiques fran\u00e7aises les plus populaires.<\/p>\n<p>Gr\u00e2ce aux mouvements f\u00e9ministes qui lui avaient pr\u00e9par\u00e9 le terrain, elle a pu faire l\u00e9galiser l\u2019avortement en 1975. Premi\u00e8re pr\u00e9sidente du Parlement europ\u00e9en en 1979 et premi\u00e8re femme ministre d\u2019Etat en 1993, elle fut re\u00e7ue comme \u00abImmortelle\u00bb \u00e0 l\u2019Acad\u00e9mie Fran\u00e7aise en 2008.<\/p>\n<p>Elle reposera au Panth\u00e9on pr\u00e8s de son mari Antoine Veil, qui l\u2019a toujours soutenue durant leurs 67 ans de vie commune, et sans lequel elle n\u2019aurait certainement pu r\u00e9aliser ce parcours.<\/p>\n<p>Mais, jusqu\u2019\u00e0 ce jour, sur les 76 \u00abgrands hommes\u00bb du Panth\u00e9on, il n\u2019y avait jusqu\u2019\u00e0 pr\u00e9sent que quatre femmes\u00a0! Ne les oublions pas.<\/p>\n<p><a href=\"http:\/\/www.unnouveaumonde.org\/site\/wp-content\/uploads\/5-sophie-berthelot.jpg\">.<img decoding=\"async\" loading=\"lazy\" class=\"alignright size-medium wp-image-1690\" src=\"http:\/\/www.unnouveaumonde.org\/site\/wp-content\/uploads\/5-sophie-berthelot-183x300.jpg\" sizes=\"(max-width: 183px) 100vw, 183px\" srcset=\"http:\/\/www.unnouveaumonde.org\/site\/wp-content\/uploads\/5-sophie-berthelot-183x300.jpg 183w, http:\/\/www.unnouveaumonde.org\/site\/wp-content\/uploads\/5-sophie-berthelot.jpg 610w\" alt=\"5-sophie berthelot\" width=\"183\" height=\"300\" \/><\/a><\/p>\n<p>.<\/p>\n<p><strong><em>Sophie Berthelot<\/em><\/strong><strong>,<\/strong><\/p>\n<p>scientifique, qui est entr\u00e9e au Panth\u00e9on le 7 avril 1907,<\/p>\n<p>en tant qu\u2019\u00ab\u00e9pouse\u00bb du chimiste Marcellin Berthelot. C\u2019est Armand Falli\u00e8res, Pr\u00e9sident de la R\u00e9publique de l\u2019\u00e9poque, qui l\u2019avait d\u00e9cid\u00e9, ayant expliqu\u00e9 que <em>\u00ables deux \u00e9poux qui s\u2019\u00e9taient tendrement aim\u00e9s, avaient demand\u00e9 \u00e0 ne pas \u00eatre s\u00e9par\u00e9s dans la mort plus qu\u2019ils ne l\u2019avaient \u00e9t\u00e9 dans la vie\u00bb.<\/em><\/p>\n<p>.<\/p>\n<p>.<\/p>\n<p>.<\/p>\n<p>.<\/p>\n<p><strong><em><a href=\"http:\/\/www.unnouveaumonde.org\/site\/wp-content\/uploads\/6-marie_curie_color.jpg\"><img decoding=\"async\" loading=\"lazy\" class=\"alignleft size-medium wp-image-1691\" src=\"http:\/\/www.unnouveaumonde.org\/site\/wp-content\/uploads\/6-marie_curie_color-252x300.jpg\" sizes=\"(max-width: 252px) 100vw, 252px\" srcset=\"http:\/\/www.unnouveaumonde.org\/site\/wp-content\/uploads\/6-marie_curie_color-252x300.jpg 252w, http:\/\/www.unnouveaumonde.org\/site\/wp-content\/uploads\/6-marie_curie_color-860x1024.jpg 860w, http:\/\/www.unnouveaumonde.org\/site\/wp-content\/uploads\/6-marie_curie_color.jpg 1415w\" alt=\"6-marie_curie_color\" width=\"252\" height=\"300\" \/><\/a>.<\/em><\/strong><\/p>\n<p>.<\/p>\n<p>.<\/p>\n<p><strong><em>Marie Curie<\/em><\/strong>, d\u00e9c\u00e9d\u00e9e en 1934, qui n\u2019a \u00e9t\u00e9 \u00ab<em>panth\u00e9onis\u00e9e\u00bb<\/em> qu\u2019en 1995. Physicienne, d\u2019origine polonaise, naturalis\u00e9e fran\u00e7aise, elle avait obtenu, avec son \u00e9poux, le prix Nobel de physique en 1903, puis celui de chimie en 1911, pour ses travaux sur le polonium et le radium. Elle fut jusqu\u2019au 27 mai 2015, la seule \u00abimmortelle\u00bb honor\u00e9e pour son propre m\u00e9rite.<\/p>\n<p>.<\/p>\n<p>.<\/p>\n<p>.<\/p>\n<p>.<a href=\"http:\/\/www.unnouveaumonde.org\/site\/wp-content\/uploads\/7-germaine-tillion.jpg\"><img decoding=\"async\" loading=\"lazy\" class=\"alignright size-medium wp-image-1692\" src=\"http:\/\/www.unnouveaumonde.org\/site\/wp-content\/uploads\/7-germaine-tillion-204x300.jpg\" sizes=\"(max-width: 204px) 100vw, 204px\" srcset=\"http:\/\/www.unnouveaumonde.org\/site\/wp-content\/uploads\/7-germaine-tillion-204x300.jpg 204w, http:\/\/www.unnouveaumonde.org\/site\/wp-content\/uploads\/7-germaine-tillion.jpg 327w\" alt=\"7-germaine tillion\" width=\"204\" height=\"300\" \/><\/a><\/p>\n<p>.<\/p>\n<p><strong><em>Germaine Tillion<\/em><\/strong>,<\/p>\n<p>d\u00e9c\u00e9d\u00e9e en 2008, qui est entr\u00e9e au Panth\u00e9on le 27 mai 2015.<\/p>\n<p>Ethnologue fran\u00e7aise de renom, elle fut laur\u00e9ate en 1947, du prix Pulitzer pour sa bravoure durant la Seconde Guerre en favorisant les passages vers la zone libre et l\u2019Afrique du Nord. Simultan\u00e9ment \u00e0 ses travaux au CNRS, elle mena aussi des combats pour la dignit\u00e9 de l\u2019homme durant la guerre d\u2019Alg\u00e9rie.<\/p>\n<p>.<\/p>\n<p>.<\/p>\n<p>.<\/p>\n<p>.<\/p>\n<p><strong><em><a href=\"http:\/\/www.unnouveaumonde.org\/site\/wp-content\/uploads\/8-genevieve-de-gaulle-anthonioz-l.jpg\"><img decoding=\"async\" loading=\"lazy\" class=\"alignleft size-thumbnail wp-image-1693\" src=\"http:\/\/www.unnouveaumonde.org\/site\/wp-content\/uploads\/8-genevieve-de-gaulle-anthonioz-l-150x150.jpg\" alt=\"8-genevieve-de-gaulle-anthonioz-l\" width=\"150\" height=\"150\" \/><\/a><\/em><\/strong><strong><em>Genevi\u00e8ve de Gaulle-Anthonioz<\/em><\/strong>,<\/p>\n<p>ni\u00e8ce de Charles de Gaulle, d\u00e9c\u00e9d\u00e9e en 2002, qui est entr\u00e9e au Panth\u00e9on le 27 mai 2015 avec Germaine Tillion. En 1987 elle avait t\u00e9moign\u00e9 de la barbarie nazie au proc\u00e8s de Klaus Barbie. Pr\u00e9sidente d\u2019ATD Quart Monde, elle mena toute sa vie un combat contre l\u2019injustice, pour les Droits de l\u2019Homme, et pour l\u2019adoption d\u2019une loi d\u2019orientation contre la grande pauvret\u00e9, qui fut vot\u00e9e en 1988 \u00e0 l\u2019Assembl\u00e9e nationale, soit 4 ans avant sa mort.<\/p>\n<p>.<\/p>\n<p><em><strong>FELICITATIONS AUSSI A TOUTES CES FEMMES QUI<\/strong><\/em><\/p>\n<p><em><strong>SOIT DANS L\u2019OMBRE \u2026 SOIT AU PANTHEON<\/strong><\/em><\/p>\n<p><em><strong>FONT HONNEUR AU FEMININ<\/strong><\/em><\/p>\n<p>.<\/p>\n<\/div>\n","protected":false},"excerpt":{"rendered":"<p>Tr\u00e8s \u00abcher\u00bb Baccalaur\u00e9at Bac 2016\u00a0: sur les 632 700 bacheliers fran\u00e7ais, une bonne moiti\u00e9 \u00e9tait des filles, mais cela n\u2019a pas toujours \u00e9t\u00e9 le cas. Il a fallu attendre 1861 <a class=\"more-link\" href=\"http:\/\/www.unnouveaumonde.org\/site\/editos\/editos-2017\/edito-de-juillet-2017\/\">&#8230; Lire plus \u2192<\/a><\/p>\n","protected":false},"author":1,"featured_media":0,"parent":1842,"menu_order":7,"comment_status":"closed","ping_status":"closed","template":"","meta":[],"_links":{"self":[{"href":"http:\/\/www.unnouveaumonde.org\/site\/wp-json\/wp\/v2\/pages\/1791"}],"collection":[{"href":"http:\/\/www.unnouveaumonde.org\/site\/wp-json\/wp\/v2\/pages"}],"about":[{"href":"http:\/\/www.unnouveaumonde.org\/site\/wp-json\/wp\/v2\/types\/page"}],"author":[{"embeddable":true,"href":"http:\/\/www.unnouveaumonde.org\/site\/wp-json\/wp\/v2\/users\/1"}],"replies":[{"embeddable":true,"href":"http:\/\/www.unnouveaumonde.org\/site\/wp-json\/wp\/v2\/comments?post=1791"}],"version-history":[{"count":1,"href":"http:\/\/www.unnouveaumonde.org\/site\/wp-json\/wp\/v2\/pages\/1791\/revisions"}],"predecessor-version":[{"id":1809,"href":"http:\/\/www.unnouveaumonde.org\/site\/wp-json\/wp\/v2\/pages\/1791\/revisions\/1809"}],"up":[{"embeddable":true,"href":"http:\/\/www.unnouveaumonde.org\/site\/wp-json\/wp\/v2\/pages\/1842"}],"wp:attachment":[{"href":"http:\/\/www.unnouveaumonde.org\/site\/wp-json\/wp\/v2\/media?parent=1791"}],"curies":[{"name":"wp","href":"https:\/\/api.w.org\/{rel}","templated":true}]}}