{"id":1789,"date":"2018-02-07T18:45:59","date_gmt":"2018-02-07T16:45:59","guid":{"rendered":"http:\/\/www.unnouveaumonde.org\/site\/?page_id=1789"},"modified":"2018-02-16T16:09:08","modified_gmt":"2018-02-16T14:09:08","slug":"edito-de-juin-2017","status":"publish","type":"page","link":"http:\/\/www.unnouveaumonde.org\/site\/editos\/editos-2017\/edito-de-juin-2017\/","title":{"rendered":"Edito de Juin 2017"},"content":{"rendered":"<div>\n<p><strong><em>73<sup>e<\/sup> anniversaire du massacre d\u2019Oradour sur Glane<\/em><\/strong><\/p>\n<p>10 juin 1944. Les alli\u00e9s venaient de d\u00e9barquer en Normandie.<\/p>\n<p>A Oradour sur Glane, la vie s\u2019\u00e9coulait tranquille dans ce petit bourg paisible et dynamique du limousin. En ce d\u00e9but d\u2019apr\u00e8s-midi, le temps d\u2019abord plomb\u00e9 s\u2019\u00e9tait lev\u00e9 et l\u2019on n\u2019avait vu arriver ces quelques 200 soldats allemands de la division \u00abDas Reich\u00bb. Ils avaient encercl\u00e9 le village, et rassembl\u00e9 les habitants sur le champ de foire pour un soi-disant contr\u00f4le d\u2019identit\u00e9.<\/p>\n<p>Tout y \u00e9tait calme et serein. On y attendait juste avec impatience le retour de la paix.<\/p>\n<p><a href=\"http:\/\/www.unnouveaumonde.org\/site\/wp-content\/uploads\/oradour-sur-glane.jpg\"><img decoding=\"async\" loading=\"lazy\" class=\"aligncenter size-medium wp-image-1682\" src=\"http:\/\/www.unnouveaumonde.org\/site\/wp-content\/uploads\/oradour-sur-glane-300x195.jpg\" sizes=\"(max-width: 300px) 100vw, 300px\" srcset=\"http:\/\/www.unnouveaumonde.org\/site\/wp-content\/uploads\/oradour-sur-glane-300x195.jpg 300w, http:\/\/www.unnouveaumonde.org\/site\/wp-content\/uploads\/oradour-sur-glane.jpg 616w\" alt=\"oradour-sur-glane\" width=\"300\" height=\"195\" \/><\/a><\/p>\n<p>642 habitants seront massacr\u00e9s: les hommes fusill\u00e9s et br\u00fbl\u00e9s vifs sur la place, les femmes et les enfants, parqu\u00e9s dans l\u2019\u00e9glise, intoxiqu\u00e9s par la fum\u00e9e et br\u00fbl\u00e9s vifs \u00e9galement.<\/p>\n<p><strong>En un instant, la s\u00e9r\u00e9nit\u00e9 va basculer dans l\u2019horreur\u00a0!<\/strong><\/p>\n<p>Robert H\u00e9bras,\u00a0dernier survivant de la Grange, demande une transmission dans l\u2019\u00e9ducation pour ne pas oublier cette barbarie. \u00abPourquoi ais-je surv\u00e9cu et pas les autres\u00a0?\u00bb dira-t-il souvent.<\/p>\n<p>L\u2019horreur est toujours au pr\u00e9sent sous des formes diff\u00e9rentes: les g\u00e9nocides, les crimes de d\u00e9traqu\u00e9s, le terrorisme, et bien d\u2019autres choses encore.<\/p>\n<p>Lamartine \u00e9crivait en son temps\u00a0:<\/p>\n<p><strong>\u00abEt pourquoi nous ha\u00efr et mettre entre les hommes<\/strong><\/p>\n<p><strong>Ces bornes ou ces eaux qu\u2019abhorre l\u2019\u0153il de Dieu,<\/strong><\/p>\n<p><strong>De fronti\u00e8res au ciel voyons-nous quelques traces\u00a0?<\/strong><\/p>\n<p><strong>Sa vo\u00fbte a-t-elle un mur une borne un milieu\u00a0?<\/strong><\/p>\n<p><strong>Nation mot pompeux pour dire barbarie\u00a0! \u2026<\/strong><\/p>\n<p><strong>L\u2019\u00e9go\u00efsme et la haine ont seuls une patrie,<\/strong><\/p>\n<p><strong>La fraternit\u00e9 n\u2019en a pas\u00a0!\u00a0\u00bb<\/strong><\/p>\n<p>.<\/p>\n<p><strong><em>Elections l\u00e9gislatives<\/em><\/strong><\/p>\n<p>Le 18 juin, nous avons \u00e9lu nos repr\u00e9sentant(e)s \u00e0 l\u2019Assembl\u00e9e Nationale.<\/p>\n<p><a href=\"http:\/\/www.unnouveaumonde.org\/site\/wp-content\/uploads\/assembl\u00e9e.jpg\"><img decoding=\"async\" loading=\"lazy\" class=\"aligncenter size-medium wp-image-1683\" src=\"http:\/\/www.unnouveaumonde.org\/site\/wp-content\/uploads\/assembl\u00e9e-300x195.jpg\" sizes=\"(max-width: 300px) 100vw, 300px\" srcset=\"http:\/\/www.unnouveaumonde.org\/site\/wp-content\/uploads\/assembl\u00e9e-300x195.jpg 300w, http:\/\/www.unnouveaumonde.org\/site\/wp-content\/uploads\/assembl\u00e9e.jpg 616w\" alt=\"assembl\u00e9e\" width=\"300\" height=\"195\" \/><\/a><\/p>\n<p><em><strong>Enfin une Assembl\u00e9e pratiquement paritaire \u00abhomme-femme\u00bb tant attendue!<\/strong><\/em><\/p>\n<p>Beaucoup de critiques sur ces nouveaux venus par les vieux t\u00e9nors en place depuis des d\u00e9cennies. Mais je comprends qu\u2019il soit difficile pour certains de changer de mentalit\u00e9, de paradigme, de conscience \u2026<\/p>\n<p>Ils et elles sont consid\u00e9r\u00e9s comme \u00abinexp\u00e9riment\u00e9s\u00bb. Peut-\u00eatre, mais dans cette \u00abmutation\u00bb, ce n\u2019est pas d\u2019exp\u00e9rience dont on a besoin. Tous ces fameux \u00abexp\u00e9riment\u00e9s\u00bb qui ont si\u00e9g\u00e9s pendant cinquante ans, qu\u2019ont-ils fait de g\u00e9nial\u00a0? Apparemment, pas grand-chose puisque l\u2019on est au bord du gouffre! L\u2019exp\u00e9rience et l\u2019intelligence ne vont pas forc\u00e9ment de pair. On en a eu la preuve.<\/p>\n<p>Depuis 1789, les d\u00e9put\u00e9s si\u00e8gent \u00e0 l\u2019Assembl\u00e9e Nationale, au Palais Bourbon. Leur principale t\u00e2che est le travail l\u00e9gislatif, c\u2019est-\u00e0-dire l\u2019\u00e9tude des textes de loi et ils sont \u00e9galement membres de commissions qui assurent un contr\u00f4le sur la politique du gouvernement. Ce n\u2019est donc pas d\u2019\u00abexp\u00e9riment\u00e9s\u00bb dont on a besoin \u00e0 l\u2019heure actuelle mais de personnes poss\u00e9dant une \u00abvraie intelligence\u00bb, capables de l\u00e9gif\u00e9rer \u00abmieux\u00bb et \u00abmoins\u00bb, disons plus \u00abintelligemment\u00bb car, comme le disait Montaigne:<\/p>\n<p><strong>\u00abscience sans conscience n\u2019est que ruine de l\u2019\u00e2me\u00bb<\/strong><\/p>\n<p><a href=\"http:\/\/www.unnouveaumonde.org\/site\/wp-content\/uploads\/Macron-pyramide.jpg\"><img decoding=\"async\" loading=\"lazy\" class=\"aligncenter size-medium wp-image-1684\" src=\"http:\/\/www.unnouveaumonde.org\/site\/wp-content\/uploads\/Macron-pyramide-300x200.jpg\" sizes=\"(max-width: 300px) 100vw, 300px\" srcset=\"http:\/\/www.unnouveaumonde.org\/site\/wp-content\/uploads\/Macron-pyramide-300x200.jpg 300w, http:\/\/www.unnouveaumonde.org\/site\/wp-content\/uploads\/Macron-pyramide.jpg 880w\" alt=\"Macron pyramide\" width=\"300\" height=\"200\" \/><\/a><\/p>\n<p>Certains \u00abpar principe\u00bb continueront comme des \u00e2nes b\u00e2t\u00e9s \u00e0 s\u2019opposer aux changements n\u00e9cessaires, ne facilitant pas la r\u00e9solution des probl\u00e8mes. Mais, utopique, j\u2019ose esp\u00e9rer toutefois que le grand public, s\u2019\u00e9tant \u00e9lev\u00e9 en conscience, ne les suivra pas dans la rue\u00a0!<\/p>\n<p><strong>Une vraie mutation pacifique n\u2019est-elle pas pr\u00e9f\u00e9rable<\/strong><\/p>\n<p><strong>A une r\u00e9volution sanglante\u00a0?<\/strong><\/p>\n<\/div>\n","protected":false},"excerpt":{"rendered":"<p>73e anniversaire du massacre d\u2019Oradour sur Glane 10 juin 1944. Les alli\u00e9s venaient de d\u00e9barquer en Normandie. A Oradour sur Glane, la vie s\u2019\u00e9coulait tranquille dans ce petit bourg paisible <a class=\"more-link\" href=\"http:\/\/www.unnouveaumonde.org\/site\/editos\/editos-2017\/edito-de-juin-2017\/\">&#8230; Lire plus \u2192<\/a><\/p>\n","protected":false},"author":1,"featured_media":0,"parent":1842,"menu_order":6,"comment_status":"closed","ping_status":"closed","template":"","meta":[],"_links":{"self":[{"href":"http:\/\/www.unnouveaumonde.org\/site\/wp-json\/wp\/v2\/pages\/1789"}],"collection":[{"href":"http:\/\/www.unnouveaumonde.org\/site\/wp-json\/wp\/v2\/pages"}],"about":[{"href":"http:\/\/www.unnouveaumonde.org\/site\/wp-json\/wp\/v2\/types\/page"}],"author":[{"embeddable":true,"href":"http:\/\/www.unnouveaumonde.org\/site\/wp-json\/wp\/v2\/users\/1"}],"replies":[{"embeddable":true,"href":"http:\/\/www.unnouveaumonde.org\/site\/wp-json\/wp\/v2\/comments?post=1789"}],"version-history":[{"count":1,"href":"http:\/\/www.unnouveaumonde.org\/site\/wp-json\/wp\/v2\/pages\/1789\/revisions"}],"predecessor-version":[{"id":1810,"href":"http:\/\/www.unnouveaumonde.org\/site\/wp-json\/wp\/v2\/pages\/1789\/revisions\/1810"}],"up":[{"embeddable":true,"href":"http:\/\/www.unnouveaumonde.org\/site\/wp-json\/wp\/v2\/pages\/1842"}],"wp:attachment":[{"href":"http:\/\/www.unnouveaumonde.org\/site\/wp-json\/wp\/v2\/media?parent=1789"}],"curies":[{"name":"wp","href":"https:\/\/api.w.org\/{rel}","templated":true}]}}