{"id":1787,"date":"2018-02-07T18:44:38","date_gmt":"2018-02-07T16:44:38","guid":{"rendered":"http:\/\/www.unnouveaumonde.org\/site\/?page_id=1787"},"modified":"2018-02-16T16:09:01","modified_gmt":"2018-02-16T14:09:01","slug":"edito-de-mai-2017","status":"publish","type":"page","link":"http:\/\/www.unnouveaumonde.org\/site\/editos\/editos-2017\/edito-de-mai-2017\/","title":{"rendered":"Edito de Mai 2017"},"content":{"rendered":"<p>&nbsp;<\/p>\n<p><a href=\"http:\/\/www.unnouveaumonde.org\/site\/wp-content\/uploads\/muguet.jpg\"><img decoding=\"async\" loading=\"lazy\" class=\"alignleft size-thumbnail wp-image-1675\" src=\"http:\/\/www.unnouveaumonde.org\/site\/wp-content\/uploads\/muguet-150x150.jpg\" alt=\"muguet\" width=\"150\" height=\"150\" \/><br \/>\n<\/a><\/p>\n<p>Tout d\u2019abord, une photo originale, pour vous souhaiter<\/p>\n<p>plein de bonheur, de joie, et d\u2019harmonie pour vous,<\/p>\n<p>votre famille et toutes celles et ceux qui vous sont chers.<\/p>\n<p>.<\/p>\n<p>.<\/p>\n<p>.<\/p>\n<p><strong><em>7 Mai 2017: Place au \u00abjeune\u00bb<\/em><\/strong><\/p>\n<p>Ce 7 mai restera dans l\u2019histoire car quelque chose d\u2019exceptionnel s\u2019est pass\u00e9. Et c\u2019est une chance, car de l\u2019exceptionnel, la France en a sacr\u00e9ment besoin\u00a0!<\/p>\n<p>.<\/p>\n<p><a href=\"http:\/\/www.unnouveaumonde.org\/site\/wp-content\/uploads\/Macron1.jpg\"><img decoding=\"async\" loading=\"lazy\" class=\"aligncenter size-medium wp-image-1676\" src=\"http:\/\/www.unnouveaumonde.org\/site\/wp-content\/uploads\/Macron1-300x200.jpg\" sizes=\"(max-width: 300px) 100vw, 300px\" srcset=\"http:\/\/www.unnouveaumonde.org\/site\/wp-content\/uploads\/Macron1-300x200.jpg 300w, http:\/\/www.unnouveaumonde.org\/site\/wp-content\/uploads\/Macron1-1024x683.jpg 1024w\" alt=\"Macron1\" width=\"300\" height=\"200\" \/><\/a><\/p>\n<p>.<\/p>\n<p>Trente ans ou plus qu\u2019une bonne partie de la population attendait cela sans trop pouvoir se l\u2019imaginer. Un tel changement de conscience, a de quoi en affoler plus d\u2019un bien s\u00fbr.<\/p>\n<p>Le terrorisme s\u00e9vit sur toute la plan\u00e8te dans une troisi\u00e8me guerre mondiale impitoyable, et nos pauvres vieux politiques, \u00ab\u00e9pouvantails \u00e0 moineaux\u00bb, se battent encore dans la cour de maternelle autour du pot de \u00abHaribo\u00bb ou plus exactement de la place de \u00abPr\u00e9sident\u00bb en salivant b\u00eatement (droite, gauche, extr\u00eames, \u2026). Mais quand comprendront-ils que ces vieux partis sont obsol\u00e8tes\u00a0! Le nouveau monde est en gestation depuis un moment, et ils restent aveugl\u00e9s par leurs vieux rep\u00e8res \u2026 dans leur vieux monde\u00a0! Il faut que ce clivage droite-gauche se red\u00e9finisse dans l\u2019int\u00e9r\u00eat de la nation et des fran\u00e7ais qui, finalement, n\u2019ayant plus grand-chose \u00e0 perdre, ne peuvent qu\u2019esp\u00e9rer un meilleur, plus fraternel, plus \u00e9galitaire, dans une libert\u00e9 ch\u00e8re \u00e0 la France, car oui, ce pauvre \u00ablibert\u00e9, \u00e9galit\u00e9, fraternit\u00e9\u00bb avait du plomb dans l\u2019aile depuis des d\u00e9cennies\u00a0!!!<\/p>\n<p>.<\/p>\n<p><a href=\"http:\/\/www.unnouveaumonde.org\/site\/wp-content\/uploads\/Macron2.jpg\"><img decoding=\"async\" loading=\"lazy\" class=\"aligncenter size-medium wp-image-1677\" src=\"http:\/\/www.unnouveaumonde.org\/site\/wp-content\/uploads\/Macron2-300x208.jpg\" sizes=\"(max-width: 300px) 100vw, 300px\" srcset=\"http:\/\/www.unnouveaumonde.org\/site\/wp-content\/uploads\/Macron2-300x208.jpg 300w, http:\/\/www.unnouveaumonde.org\/site\/wp-content\/uploads\/Macron2.jpg 512w\" alt=\"Macron2\" width=\"300\" height=\"208\" \/><\/a><\/p>\n<p>.<\/p>\n<p>L\u2019\u00e2ge de notre pr\u00e9sident: 39 ans\u00a0!!!<\/p>\n<p>Inconnu il y a encore 3 ans\u00a0! Qui aurait pu pr\u00e9voir un tel sc\u00e9nario ?<\/p>\n<p>On vient d\u2019\u00e9lire le plus jeune pr\u00e9sident de notre vieille histoire\u00a0! Un quasiment jeune homme, moins \u00e2g\u00e9 que la moyenne du pays, beaucoup moins \u00e2g\u00e9 que la moyenne des \u00e9lecteurs. Du jamais vu. En un an, Emmanuel Macron a conquis l\u2019Elys\u00e9e, lui que l\u2019on disait totalement inexp\u00e9riment\u00e9\u00a0! Une irr\u00e9sistible ascension, comme si tout avait \u00e9t\u00e9 \u00e9crit pour lui\u00a0? Sous le regard sceptique des partis traditionnels, il ose revendiquer un positionnement nouveau, ni de droite, ni de gauche.<\/p>\n<p>Son mouvement: \u00abEn marche\u00bb. Curieux \u00abE.M.\u00bb comme Emmanuel Macron\u00a0?<\/p>\n<p>Amusant n\u2019est-ce pas\u00a0? On est tellement dans la symbolique avec lui \u2026<\/p>\n<p>Tout \u00eatre humain porte en son \u00eatre: un c\u00f4t\u00e9 blanc \u00ablumi\u00e8re\u00bb, un c\u00f4t\u00e9 noir \u00abt\u00e9n\u00e8bres\u00bb.<\/p>\n<p>Alors souhaitons que le c\u00f4t\u00e9 blanc l\u2019emporte chez Emmanuel \u2026<\/p>\n<p>.<\/p>\n<p><a href=\"http:\/\/www.unnouveaumonde.org\/site\/wp-content\/uploads\/Macron3.jpg\"><img decoding=\"async\" loading=\"lazy\" class=\"aligncenter size-medium wp-image-1678\" src=\"http:\/\/www.unnouveaumonde.org\/site\/wp-content\/uploads\/Macron3-300x200.jpg\" sizes=\"(max-width: 300px) 100vw, 300px\" srcset=\"http:\/\/www.unnouveaumonde.org\/site\/wp-content\/uploads\/Macron3-300x200.jpg 300w, http:\/\/www.unnouveaumonde.org\/site\/wp-content\/uploads\/Macron3.jpg 960w\" alt=\"Macron3\" width=\"300\" height=\"200\" \/><\/a><\/p>\n<p>.<\/p>\n<p>A l\u2019instant \u00abt\u00bb nul n\u2019est en mesure de le dire, mais ce couple \u00abEmmanuel-Brigitte\u00bb nous invite \u00e0 \u00abesp\u00e9rer\u00bb \u2026 \u00e0 changer de dimension \u2026 de paradigme \u2026 C\u2019est nouveau et tr\u00e8s rafra\u00eechissant.<\/p>\n<p>Porteront-ils un rassemblement intelligent pour l\u2019avenir de la France et du monde\u00a0?<\/p>\n<p>Une certaine force para\u00eet \u00e9maner de leurs personnes qui semble prouver que \u00abOui, on peut renverser des montages\u00bb. Leur histoire personnelle ne l\u2019a-t-elle pas prouv\u00e9 d\u2019ailleurs\u00a0?<\/p>\n<p>Allons-nous \u00abRebondir Ensemble\u00bb dans l\u2019int\u00e9r\u00eat de tous? On le souhaite sinc\u00e8rement.<\/p>\n<p>Bien s\u00fbr que le chaos ne nous \u00e9pargnera pas \u2026 les guerres fratricides ont toujours exist\u00e9 \u2026 et les mutations sont toujours difficiles et meurtri\u00e8res \u2026 mais pour l\u2019instant, depuis son \u00e9lection, il semblerait que c\u2019est un sans faute, malgr\u00e9 le non \u00e9tat de gr\u00e2ce habituel.<\/p>\n<p>Laissera-t-il son nom dans l\u2019Histoire\u00a0? C\u2019est certain.<\/p>\n<p>Fera-t-il partie des grands destins\u00a0? Myst\u00e8re.<\/p>\n<p>.<\/p>\n<p><strong>Il est le plus jeune Pr\u00e9sident de la R\u00e9publique<\/strong><\/p>\n<p><strong>Il a eu un parcours \u00e9poustouflant<\/strong><\/p>\n<p><strong>Il a eu une \u00e9lection qui suscite l\u2019espoir<\/strong><\/p>\n<p><strong>Il va faire face \u00e0 des \u00abd\u00e9fis\u00bb immenses<\/strong><\/p>\n<p><strong>Alors donnons-lui tous ensemble une chance<\/strong><\/p>\n<p>.<\/p>\n<p><a href=\"http:\/\/www.unnouveaumonde.org\/site\/wp-content\/uploads\/hamster.jpg\"><img decoding=\"async\" loading=\"lazy\" class=\"aligncenter size-medium wp-image-1679\" src=\"http:\/\/www.unnouveaumonde.org\/site\/wp-content\/uploads\/hamster-300x225.jpg\" sizes=\"(max-width: 300px) 100vw, 300px\" srcset=\"http:\/\/www.unnouveaumonde.org\/site\/wp-content\/uploads\/hamster-300x225.jpg 300w, http:\/\/www.unnouveaumonde.org\/site\/wp-content\/uploads\/hamster.jpg 819w\" alt=\"The Comedy Wildlife Awards\" width=\"300\" height=\"225\" \/><\/a><\/p>\n","protected":false},"excerpt":{"rendered":"<p>&nbsp; Tout d\u2019abord, une photo originale, pour vous souhaiter plein de bonheur, de joie, et d\u2019harmonie pour vous, votre famille et toutes celles et ceux qui vous sont chers. . <a class=\"more-link\" href=\"http:\/\/www.unnouveaumonde.org\/site\/editos\/editos-2017\/edito-de-mai-2017\/\">&#8230; Lire plus \u2192<\/a><\/p>\n","protected":false},"author":1,"featured_media":0,"parent":1842,"menu_order":5,"comment_status":"closed","ping_status":"closed","template":"","meta":[],"_links":{"self":[{"href":"http:\/\/www.unnouveaumonde.org\/site\/wp-json\/wp\/v2\/pages\/1787"}],"collection":[{"href":"http:\/\/www.unnouveaumonde.org\/site\/wp-json\/wp\/v2\/pages"}],"about":[{"href":"http:\/\/www.unnouveaumonde.org\/site\/wp-json\/wp\/v2\/types\/page"}],"author":[{"embeddable":true,"href":"http:\/\/www.unnouveaumonde.org\/site\/wp-json\/wp\/v2\/users\/1"}],"replies":[{"embeddable":true,"href":"http:\/\/www.unnouveaumonde.org\/site\/wp-json\/wp\/v2\/comments?post=1787"}],"version-history":[{"count":1,"href":"http:\/\/www.unnouveaumonde.org\/site\/wp-json\/wp\/v2\/pages\/1787\/revisions"}],"predecessor-version":[{"id":1811,"href":"http:\/\/www.unnouveaumonde.org\/site\/wp-json\/wp\/v2\/pages\/1787\/revisions\/1811"}],"up":[{"embeddable":true,"href":"http:\/\/www.unnouveaumonde.org\/site\/wp-json\/wp\/v2\/pages\/1842"}],"wp:attachment":[{"href":"http:\/\/www.unnouveaumonde.org\/site\/wp-json\/wp\/v2\/media?parent=1787"}],"curies":[{"name":"wp","href":"https:\/\/api.w.org\/{rel}","templated":true}]}}