{"id":1785,"date":"2018-02-07T18:11:38","date_gmt":"2018-02-07T16:11:38","guid":{"rendered":"http:\/\/www.unnouveaumonde.org\/site\/?page_id=1785"},"modified":"2018-02-16T16:08:47","modified_gmt":"2018-02-16T14:08:47","slug":"edito-de-mars-2017","status":"publish","type":"page","link":"http:\/\/www.unnouveaumonde.org\/site\/editos\/editos-2017\/edito-de-mars-2017\/","title":{"rendered":"Edito de Mars 2017"},"content":{"rendered":"<p><strong>EDITO DE MARS 2017<\/strong><\/p>\n<p>.<\/p>\n<p><strong><em>Les expuls\u00e9s des Etats-Unis<\/em><\/strong><\/p>\n<p>Chaque semaine, entre deux et trois avions transportant jusqu\u2019\u00e0 130 personnes renvoy\u00e9es des Etats-Unis, atterrissent \u00e0 l\u2019a\u00e9roport de Mexico.<\/p>\n<p>C\u2019est une aubaine pour le Mexique car ces migrants bilingues aident au d\u00e9veloppement de l\u2019\u00e9conomie locale.<\/p>\n<p>.<\/p>\n<p><a href=\"http:\/\/www.unnouveaumonde.org\/site\/wp-content\/uploads\/mexique.jpg\"><img decoding=\"async\" loading=\"lazy\" class=\"aligncenter size-medium wp-image-1648\" src=\"http:\/\/www.unnouveaumonde.org\/site\/wp-content\/uploads\/mexique-300x136.jpg\" sizes=\"(max-width: 300px) 100vw, 300px\" srcset=\"http:\/\/www.unnouveaumonde.org\/site\/wp-content\/uploads\/mexique-300x136.jpg 300w, http:\/\/www.unnouveaumonde.org\/site\/wp-content\/uploads\/mexique-1024x464.jpg 1024w, http:\/\/www.unnouveaumonde.org\/site\/wp-content\/uploads\/mexique.jpg 1280w\" alt=\"mexique\" width=\"300\" height=\"136\" \/><\/a><\/p>\n<p>.<\/p>\n<p>Lorsqu\u2019Alvarez Jimenez, entrepreneur en b\u00e2timent mexicain de 46 ans, arrive \u00e0 Mexico en ao\u00fbt 2016, \u00e0 bord d\u2019un avion transportant une centaine d\u2019autres immigr\u00e9s clandestins expuls\u00e9s par les Etats-Unis, il a tout perdu.<\/p>\n<p>Apr\u00e8s vingt-cinq ann\u00e9es pass\u00e9es \u00e0 travailler en Californie, \u00e0 Chicago et Atlanta, ce p\u00e8re de famille est un \u00e9tranger dans son propre pays. Pourtant, apr\u00e8s trois expulsions, il est formel, il restera au Mexique. \u00ab<em>Cette fois-ci, il est hors de question que je retourne aux Etats-Unis<\/em>\u00bb dit-il car \u00ab<em>l\u00e0-bas, on vit dans la crainte d\u2019\u00eatre expuls\u00e9<\/em>\u00bb.<\/p>\n<p>&nbsp;<\/p>\n<p><strong><em>Finalement, \u00e0 toute chose malheur est bon<\/em><\/strong><\/p>\n<p><strong><em>Comme le dit le dicton populaire<\/em><\/strong><\/p>\n<p><strong><em>Ces expuls\u00e9s sont une aubaine pour le Mexique\u00a0!<\/em><\/strong><\/p>\n<p>.<\/p>\n<p><strong><em>Tour du monde en solitaire<\/em><\/strong><\/p>\n<p>.<\/p>\n<p>Il est de retour\u00a0!<\/p>\n<p><a href=\"http:\/\/www.unnouveaumonde.org\/site\/wp-content\/uploads\/fran\u00e7ois.jpg\"><img decoding=\"async\" loading=\"lazy\" class=\"alignleft size-medium wp-image-1649\" src=\"http:\/\/www.unnouveaumonde.org\/site\/wp-content\/uploads\/fran\u00e7ois-300x200.jpg\" sizes=\"(max-width: 300px) 100vw, 300px\" srcset=\"http:\/\/www.unnouveaumonde.org\/site\/wp-content\/uploads\/fran\u00e7ois-300x200.jpg 300w, http:\/\/www.unnouveaumonde.org\/site\/wp-content\/uploads\/fran\u00e7ois.jpg 1024w\" alt=\"fran\u00e7ois\" width=\"300\" height=\"200\" \/><\/a>Son bateau Macif, remis \u00e0 l\u2019eau \u00e0 Lorient, en d\u00e9but du mois, Fran\u00e7ois Gabart esp\u00e8re battre le record du monde en solitaire de Thomas Coville, en r\u00e9alisant un tour du monde en moins de 49 jours.<\/p>\n<p>Le skipper fran\u00e7ais de 33 ans, se remet au travail pour pr\u00e9parer sa tentative de record du tour du monde en solitaire d\u00e9tenu par Thomas Coville en 49 jours, 3 heures et 7 minutes\u00a0!<\/p>\n<p>.<\/p>\n<p>\u00ab<em>C\u2019est le nouveau programme de ma vie, je vais pouvoir m\u2019entra\u00eener, naviguer, mon quotidien va changer<\/em>\u00bb, se r\u00e9jouit-il, lui qui attend ce moment depuis quatre mois.<\/p>\n<p>Son nouveau bateau, est con\u00e7u pour. C\u2019est un trimaran de 30m de long, 23m de large, avec un m\u00e2t de 35 m au-dessus de l\u2019eau. La machine p\u00e8se 15 tonnes. C\u2019est un bateau relativement petit d\u2019apr\u00e8s lui, mais il est \u00e9quip\u00e9 de ces fameux \u00abfoils\u00bb, des appendices lat\u00e9raux qui permettent d\u2019aller plus vite \u00e0 certaines allures et qui ont fait un carton sur le dernier Vend\u00e9e Globe.\u00a0\u00abC\u2019est <em>comme une aile d\u2019avion sauf que nous on s\u2019appuie sur l\u2019eau<\/em>\u00bb dit-il.<\/p>\n<p>.<\/p>\n<p><a href=\"http:\/\/www.unnouveaumonde.org\/site\/wp-content\/uploads\/gabart.jpg\"><img decoding=\"async\" loading=\"lazy\" class=\"aligncenter size-medium wp-image-1650\" src=\"http:\/\/www.unnouveaumonde.org\/site\/wp-content\/uploads\/gabart-300x300.jpg\" sizes=\"(max-width: 300px) 100vw, 300px\" srcset=\"http:\/\/www.unnouveaumonde.org\/site\/wp-content\/uploads\/gabart-300x300.jpg 300w, http:\/\/www.unnouveaumonde.org\/site\/wp-content\/uploads\/gabart-150x150.jpg 150w, http:\/\/www.unnouveaumonde.org\/site\/wp-content\/uploads\/gabart-1024x1024.jpg 1024w, http:\/\/www.unnouveaumonde.org\/site\/wp-content\/uploads\/gabart.jpg 1200w\" alt=\"gabart\" width=\"300\" height=\"300\" \/><\/a><\/p>\n<p>.<\/p>\n<p>Il sait que sa t\u00e2che sera rude car il lui faudra \u00ab<em>naviguer \u00e0 fond la caisse<\/em>\u00bb, Thomas Coville ayant d\u00e9j\u00e0 am\u00e9lior\u00e9 de huit jours son dernier record.<\/p>\n<p>.<\/p>\n<p><strong><em>Bon vent Fran\u00e7ois<\/em><\/strong><\/p>\n<p><strong><em>La voile, c\u2019est ta vie<\/em><\/strong><\/p>\n<p><strong><em>Et quoi de mieux que de r\u00e9aliser ses r\u00eaves \u2026<\/em><\/strong><\/p>\n","protected":false},"excerpt":{"rendered":"<p>EDITO DE MARS 2017 . Les expuls\u00e9s des Etats-Unis Chaque semaine, entre deux et trois avions transportant jusqu\u2019\u00e0 130 personnes renvoy\u00e9es des Etats-Unis, atterrissent \u00e0 l\u2019a\u00e9roport de Mexico. C\u2019est une <a class=\"more-link\" href=\"http:\/\/www.unnouveaumonde.org\/site\/editos\/editos-2017\/edito-de-mars-2017\/\">&#8230; Lire plus \u2192<\/a><\/p>\n","protected":false},"author":1,"featured_media":0,"parent":1842,"menu_order":3,"comment_status":"closed","ping_status":"closed","template":"","meta":[],"_links":{"self":[{"href":"http:\/\/www.unnouveaumonde.org\/site\/wp-json\/wp\/v2\/pages\/1785"}],"collection":[{"href":"http:\/\/www.unnouveaumonde.org\/site\/wp-json\/wp\/v2\/pages"}],"about":[{"href":"http:\/\/www.unnouveaumonde.org\/site\/wp-json\/wp\/v2\/types\/page"}],"author":[{"embeddable":true,"href":"http:\/\/www.unnouveaumonde.org\/site\/wp-json\/wp\/v2\/users\/1"}],"replies":[{"embeddable":true,"href":"http:\/\/www.unnouveaumonde.org\/site\/wp-json\/wp\/v2\/comments?post=1785"}],"version-history":[{"count":1,"href":"http:\/\/www.unnouveaumonde.org\/site\/wp-json\/wp\/v2\/pages\/1785\/revisions"}],"predecessor-version":[{"id":1813,"href":"http:\/\/www.unnouveaumonde.org\/site\/wp-json\/wp\/v2\/pages\/1785\/revisions\/1813"}],"up":[{"embeddable":true,"href":"http:\/\/www.unnouveaumonde.org\/site\/wp-json\/wp\/v2\/pages\/1842"}],"wp:attachment":[{"href":"http:\/\/www.unnouveaumonde.org\/site\/wp-json\/wp\/v2\/media?parent=1785"}],"curies":[{"name":"wp","href":"https:\/\/api.w.org\/{rel}","templated":true}]}}