{"id":1783,"date":"2018-02-07T18:12:48","date_gmt":"2018-02-07T16:12:48","guid":{"rendered":"http:\/\/www.unnouveaumonde.org\/site\/?page_id=1783"},"modified":"2018-02-16T16:08:56","modified_gmt":"2018-02-16T14:08:56","slug":"edito-davril-2017","status":"publish","type":"page","link":"http:\/\/www.unnouveaumonde.org\/site\/editos\/editos-2017\/edito-davril-2017\/","title":{"rendered":"Edito d&rsquo;Avril 2017"},"content":{"rendered":"<p><strong><em>Echec ou Le\u00e7on de vie\u00a0?<\/em><\/strong><\/p>\n<p>Dans nos soci\u00e9t\u00e9s, on parle de \u00abrater sa vie\u00bb\u00a0! C\u2019est le cauchemar de ces soci\u00e9t\u00e9s modernes, individualistes, \u00e9mancip\u00e9es,\u2026<\/p>\n<p>Les Anciens, eux, s\u2019en remettaient au destin, et vivaient en paix, sereins, joyeux \u2026<\/p>\n<p>.<\/p>\n<p><a href=\"http:\/\/www.unnouveaumonde.org\/site\/wp-content\/uploads\/jeus.jpg\"><img decoding=\"async\" loading=\"lazy\" class=\"aligncenter size-medium wp-image-1652\" src=\"http:\/\/www.unnouveaumonde.org\/site\/wp-content\/uploads\/jeus-300x211.jpg\" alt=\"jeus\" width=\"300\" height=\"211\" srcset=\"http:\/\/www.unnouveaumonde.org\/site\/wp-content\/uploads\/jeus-300x211.jpg 300w, http:\/\/www.unnouveaumonde.org\/site\/wp-content\/uploads\/jeus.jpg 1000w\" sizes=\"(max-width: 300px) 100vw, 300px\" \/><\/a><\/p>\n<p>.<\/p>\n<p>\u00abR\u00e9ussir\u00bb \u00e0 tout prix. R\u00e9ussir quoi\u00a0? Sa vie amoureuse, son \u00e9panouissement personnel, sa vie professionnelle en haut de l\u2019\u00e9chelle, son r\u00f4le de parents, sa position sociale, \u2026<\/p>\n<p>D\u2019o\u00f9 la hantise de ce que l\u2019on appelle commun\u00e9ment \u00abl\u2019\u00e9chec\u00bb\u00a0!!!<\/p>\n<p>J\u2019\u00e9crivais, il y a plusieurs ann\u00e9es de cela\u00a0:<\/p>\n<p>.<\/p>\n<p><strong><em>Il n\u2019y a pas d\u2019\u00e9chec \u2026 Tout est simple le\u00e7on<\/em><\/strong><\/p>\n<p><strong><em>Il faut \u00abpositiver\u00bb tout ce que nous vivons<\/em><\/strong><\/p>\n<p>.<\/p>\n<p>Je n\u2019ai pas chang\u00e9 d\u2019avis.<\/p>\n<p><strong><em>Dans l\u2019int\u00e9r\u00eat de nos ch\u00e8res t\u00eates blondes ou brunes d\u2019ailleurs, je dirai m\u00eame qu\u2019il faut supprimer \u00e0 tout prix ce mot du vocabulaire qui n\u2019a que trop fait de d\u00e9g\u00e2ts depuis des g\u00e9n\u00e9rations, avec l\u2019\u00ab\u00e9chec scolaire\u00bb entre autre, qui a engendr\u00e9 souvent des traumatismes \u00e0 vie.<\/em><\/strong><\/p>\n<p>Rappelons-nous que les plus belles r\u00e9ussites, ont tr\u00e8s souvent \u00e9t\u00e9 le fruit de ce que l\u2019on nomme un \u00ab\u00e9chec\u00bb, travers\u00e9, surmont\u00e9, sublim\u00e9.<\/p>\n<p>Donc, si vous le voulez bien, je remplacerais le mot \u00ab\u00e9chec\u00bb par \u00able\u00e7on de vie\u00bb car ce mot totalement n\u00e9gatif me traumatise\u00a0!<strong>\u00a0<\/strong><\/p>\n<p><strong>Une le\u00e7on de vie conduit en g\u00e9n\u00e9ral, \u00e0 prendre la mesure du r\u00e9el en nous confrontant aux autres, nous permet d\u2019\u00e9valuer notre endurance pour sortir de la douleur et de l\u2019humiliation. <\/strong><\/p>\n<p>.<\/p>\n<p><a href=\"http:\/\/www.unnouveaumonde.org\/site\/wp-content\/uploads\/photo-jeu-echec-en-ligne-.jpg\"><img decoding=\"async\" loading=\"lazy\" class=\"alignleft size-thumbnail wp-image-1653\" src=\"http:\/\/www.unnouveaumonde.org\/site\/wp-content\/uploads\/photo-jeu-echec-en-ligne--150x150.jpg\" alt=\"photo-jeu-echec-en-ligne-\" width=\"150\" height=\"150\" srcset=\"http:\/\/www.unnouveaumonde.org\/site\/wp-content\/uploads\/photo-jeu-echec-en-ligne--150x150.jpg 150w, http:\/\/www.unnouveaumonde.org\/site\/wp-content\/uploads\/photo-jeu-echec-en-ligne--300x300.jpg 300w, http:\/\/www.unnouveaumonde.org\/site\/wp-content\/uploads\/photo-jeu-echec-en-ligne-.jpg 344w\" sizes=\"(max-width: 150px) 100vw, 150px\" \/><\/a>.<\/p>\n<p>Combien de personnes ont tent\u00e9 dans leur vie de refouler leurs fiascos (sentimental, scolaire, sportif, professionnel,\u2026). Et l\u00e0 est l\u2019erreur, car gr\u00e2ce \u00e0 ces \u00abnon r\u00e9ussites\u00bb, cette exp\u00e9rience du n\u00e9gatif, permet de puiser dans nos ressources pour inventer de nouvelles parades qui font avancer le bip\u00e8de que nous sommes.<\/p>\n<p>.<\/p>\n<p>Dans le monde anglo-saxon, l\u2019id\u00e9e que la non r\u00e9ussite nourrit la vie, fait partie de la culture commune. Dirigeants d\u2019entreprises, leaders politiques, sportifs,\u2026, n\u2019h\u00e9sitent pas \u00e0 s\u2019\u00e9tendre sur leurs revers pour mieux mettre en valeur leurs capacit\u00e9s \u00e0 \u00abrebondir\u00bb. Ils sont tr\u00e8s fiers de cette \u00abr\u00e9silience\u00bb qu\u2019ils ont \u00e9t\u00e9 capables de puiser en eux, au lieu de se lamenter comme des cloportes\u00a0! H\u00e9las, en Europe et en France en particulier, loin d\u2019\u00eatre port\u00e9 en \u00e9tendard, l\u2019\u00e9chec reste une chose indigne\u00a0! Il faut r\u00e9ussir vite pour ne pas \u00eatre d\u00e9class\u00e9\u00a0! Ceux qui \u00e9chouent aux concours le payent souvent jusqu\u2019\u00e0 la fin de leurs jours. On trouve d\u2019ailleurs dans les cliniques psychiatriques, des gens mis au banc de la soci\u00e9t\u00e9 \u00e0 cause de \u00abnon r\u00e9ussite\u00bb et qui n\u2019ont pas eu la force pour surmonter les jugements d\u2019autrui, et aussi ceux qui se sont massacr\u00e9s pour r\u00e9ussir et qui sont au bout du rouleau\u00a0!<\/p>\n<p>.<\/p>\n<p><a href=\"http:\/\/www.unnouveaumonde.org\/site\/wp-content\/uploads\/r\u00e9flexion.jpg\"><img decoding=\"async\" loading=\"lazy\" class=\"aligncenter size-medium wp-image-1654\" src=\"http:\/\/www.unnouveaumonde.org\/site\/wp-content\/uploads\/r\u00e9flexion-300x208.jpg\" alt=\"r\u00e9flexion\" width=\"300\" height=\"208\" srcset=\"http:\/\/www.unnouveaumonde.org\/site\/wp-content\/uploads\/r\u00e9flexion-300x208.jpg 300w, http:\/\/www.unnouveaumonde.org\/site\/wp-content\/uploads\/r\u00e9flexion.jpg 512w\" sizes=\"(max-width: 300px) 100vw, 300px\" \/><\/a>\u00a0.<\/p>\n<p>.<\/p>\n<p>Heureusement, la mutation des consciences est en marche, et particuli\u00e8rement dans ce domaine. L\u2019autodidacte commence \u00e0 \u00eatre reconnu, face au dipl\u00f4m\u00e9 qui malgr\u00e9 tout son savoir, n\u2019a quelquefois rien compris \u00e0 la sp\u00e9cificit\u00e9 de la vie. La \u00abnon r\u00e9ussite\u00bb du but recherch\u00e9, nous fait souvent gagner en \u00abhumanit\u00e9\u00bb.<\/p>\n<p>.<\/p>\n<p><strong><em>Les masques de \u00absuperman\u00bb et de \u00absuperwoman\u00bb sont en train de tomber<\/em><\/strong><\/p>\n<p><strong><em>En se lib\u00e9rant de la soumission \u00e0 autrui, nous surmontons les peurs<\/em><\/strong><\/p>\n<p><strong><em>Qui nous ligotaient et qui nous emp\u00eachaient ainsi de nous r\u00e9aliser<\/em><\/strong><\/p>\n","protected":false},"excerpt":{"rendered":"<p>Echec ou Le\u00e7on de vie\u00a0? Dans nos soci\u00e9t\u00e9s, on parle de \u00abrater sa vie\u00bb\u00a0! C\u2019est le cauchemar de ces soci\u00e9t\u00e9s modernes, individualistes, \u00e9mancip\u00e9es,\u2026 Les Anciens, eux, s\u2019en remettaient au destin, <a class=\"more-link\" href=\"http:\/\/www.unnouveaumonde.org\/site\/editos\/editos-2017\/edito-davril-2017\/\">&#8230; Lire plus \u2192<\/a><\/p>\n","protected":false},"author":1,"featured_media":0,"parent":1842,"menu_order":4,"comment_status":"closed","ping_status":"closed","template":"","meta":[],"_links":{"self":[{"href":"http:\/\/www.unnouveaumonde.org\/site\/wp-json\/wp\/v2\/pages\/1783"}],"collection":[{"href":"http:\/\/www.unnouveaumonde.org\/site\/wp-json\/wp\/v2\/pages"}],"about":[{"href":"http:\/\/www.unnouveaumonde.org\/site\/wp-json\/wp\/v2\/types\/page"}],"author":[{"embeddable":true,"href":"http:\/\/www.unnouveaumonde.org\/site\/wp-json\/wp\/v2\/users\/1"}],"replies":[{"embeddable":true,"href":"http:\/\/www.unnouveaumonde.org\/site\/wp-json\/wp\/v2\/comments?post=1783"}],"version-history":[{"count":1,"href":"http:\/\/www.unnouveaumonde.org\/site\/wp-json\/wp\/v2\/pages\/1783\/revisions"}],"predecessor-version":[{"id":1812,"href":"http:\/\/www.unnouveaumonde.org\/site\/wp-json\/wp\/v2\/pages\/1783\/revisions\/1812"}],"up":[{"embeddable":true,"href":"http:\/\/www.unnouveaumonde.org\/site\/wp-json\/wp\/v2\/pages\/1842"}],"wp:attachment":[{"href":"http:\/\/www.unnouveaumonde.org\/site\/wp-json\/wp\/v2\/media?parent=1783"}],"curies":[{"name":"wp","href":"https:\/\/api.w.org\/{rel}","templated":true}]}}