{"id":1779,"date":"2018-02-07T18:10:13","date_gmt":"2018-02-07T16:10:13","guid":{"rendered":"http:\/\/www.unnouveaumonde.org\/site\/?page_id=1779"},"modified":"2018-02-16T16:08:40","modified_gmt":"2018-02-16T14:08:40","slug":"edito-de-fevrier-2017","status":"publish","type":"page","link":"http:\/\/www.unnouveaumonde.org\/site\/editos\/editos-2017\/edito-de-fevrier-2017\/","title":{"rendered":"Edito de F\u00e9vrier 2017"},"content":{"rendered":"<p>&nbsp;<\/p>\n<p><strong><em>Terrorisme et Libert\u00e9<\/em><\/strong><\/p>\n<p>A l\u2019heure de la mondialisation, des th\u00e8mes reviennent souvent dans la campagne pr\u00e9sidentielle: terrorisme, \u00e9tat d\u2019urgence, immigration, etc.<\/p>\n<p>&nbsp;<\/p>\n<p><a href=\"http:\/\/www.unnouveaumonde.org\/site\/wp-content\/uploads\/pasdamalgame.jpg\"><img decoding=\"async\" loading=\"lazy\" class=\"aligncenter size-medium wp-image-1643\" src=\"http:\/\/www.unnouveaumonde.org\/site\/wp-content\/uploads\/pasdamalgame-300x207.jpg\" alt=\"pasdamalgame\" width=\"300\" height=\"207\" srcset=\"http:\/\/www.unnouveaumonde.org\/site\/wp-content\/uploads\/pasdamalgame-300x207.jpg 300w, http:\/\/www.unnouveaumonde.org\/site\/wp-content\/uploads\/pasdamalgame.jpg 725w\" sizes=\"(max-width: 300px) 100vw, 300px\" \/><\/a><\/p>\n<p>&nbsp;<\/p>\n<p>Mireille Delmas-Marty, qui a toujours men\u00e9 de front plusieurs existences intellectuelles, s\u2019est attach\u00e9e \u00e0 d\u00e9celer, derri\u00e8re l\u2019aridit\u00e9 des textes de loi, les dynamiques des civilisations, l\u2019humain en devenir. Pour elle, d\u2019un c\u00f4t\u00e9 notre esprit se porte vers les racines, vers ce qui le nourrit au plus profond, et de l\u2019autre, il se porte vers le surgissement, l\u2019\u00e9closion, l\u2019inattendu. En transposant au domaine juridique, on pourrait dire que les racines ce sont l\u2019histoire du droit et le droit compar\u00e9, et le surgissement, les nouveaux d\u00e9fis et les r\u00e9ponses in\u00e9dites.<\/p>\n<p>Pour elle, le \u00abdroit international\u00bb (ou un vrai \u00abdroit mondial\u00bb qui n\u2019existe pas), serait l\u2019outil appropri\u00e9 pour r\u00e9guler la mondialisation. En effet, le concept de \u00abcrime contre l\u2019humanit\u00e9\u00bb n\u2019est pas venu d\u2019un droit national, mais du Statut du Tribunal de Nuremberg en 1945, et a ensuite \u00e9t\u00e9 introduit dans la plupart des l\u00e9gislations nationales. Un d\u00e9bat intense s\u2019est r\u00e9cemment d\u00e9roul\u00e9 aux U.S.A. pour savoir si un juge de la Cour Supr\u00eame, lorsqu\u2019il exprime une opinion qui a valeur juridique, peut ou non citer une d\u00e9cision de la Cour Europ\u00e9enne des Droits de l\u2019Homme ou de la Cours Constitutionnelle d\u2019Afrique du Sud. Un tel d\u00e9bat montre qu\u2019une communaut\u00e9 mondiale de juristes commence \u00e0 se former, que les d\u00e9cisions circulent, ce qui est nouveau et tr\u00e8s int\u00e9ressant pour la r\u00e9solution de conflits mondiaux.<\/p>\n<p>.<\/p>\n<p><a href=\"http:\/\/www.unnouveaumonde.org\/site\/wp-content\/uploads\/juges.jpg\"><img decoding=\"async\" loading=\"lazy\" class=\"aligncenter size-full wp-image-1644\" src=\"http:\/\/www.unnouveaumonde.org\/site\/wp-content\/uploads\/juges.jpg\" alt=\"juges\" width=\"480\" height=\"270\" srcset=\"http:\/\/www.unnouveaumonde.org\/site\/wp-content\/uploads\/juges.jpg 480w, http:\/\/www.unnouveaumonde.org\/site\/wp-content\/uploads\/juges-300x169.jpg 300w\" sizes=\"(max-width: 480px) 100vw, 480px\" \/><\/a><\/p>\n<p>.<\/p>\n<p>Dans l\u2019imm\u00e9diat, le droit mondial semble se r\u00e9sumer \u00e0 la morale de La Fontaine: <em>\u00abLa raison du plus fort est toujours la meilleure\u00bb!<\/em><\/p>\n<p>Pour r\u00e9soudre les probl\u00e8mes de droit en terrorisme, plusieurs sc\u00e9narios sont envisag\u00e9s:<\/p>\n<p>Sc\u00e9nario 1: le monde s\u2019affranchit du droit \u00e9tatique au profit d\u2019un syst\u00e8me d\u2019autor\u00e9gulation par les multinationales.<\/p>\n<p>Sc\u00e9nario 2: un syst\u00e8me de surveillance et de contr\u00f4le plan\u00e9taire se met en place, avec l\u2019extension de dispositifs comme celui de l\u2019Agence nationale de s\u00e9curit\u00e9 am\u00e9ricaine (NSA).<\/p>\n<p>Sc\u00e9nario 3: en l\u2019absence d\u2019un Etat mondial, dont la cr\u00e9ation ne para\u00eet pas souhaitable, le droit se mondialiserait en harmonisant les droits nationaux autour de principes communs. L\u2019accord de Paris sur le climat \u00e0 la COP21, va dans ce sens et en est l\u2019illustration.<\/p>\n<p>La \u00abguerre contre le terrorisme\u00bb, dont parlent les m\u00e9dias, est une expression perverse car elle va dans le sens de ce que souhaite Daech, qui est alors reconnu avec un statut d\u2019Etat\u00a0!<\/p>\n<p>Ce terrorisme est \u00e0 la fois partout et nulle part. C\u2019est un \u00e9tat de guerre sans fronti\u00e8res territoriales, et dans ce cas l\u00e0 il n\u2019y a: ni droit de la guerre, ni processus de paix possible\u00a0!<\/p>\n<p>Cela porte un nom, c\u2019est \u00abune guerre civile mondiale permanente\u00bb.<\/p>\n<p>Il faudrait pouvoir poursuivre le terrorisme en crime contre l\u2019humanit\u00e9 relevant de la Cour p\u00e9nale internationale de La Haye. Mais pour l\u2019instant, les Etats sont incapables de s\u2019accorder sur une d\u00e9finition, chacun ayant ses terroristes pr\u00e9f\u00e9r\u00e9s. Durant la seconde guerre mondiale, les r\u00e9sistants fran\u00e7ais \u00e9taient des \u00abterroristes\u00bb pour les allemands, les Kurdes sont eux aussi des terroristes pour les Turcs, alors que nous les voyons comme des alli\u00e9s contre Daech, etc. Nous aurions grand besoin d\u2019une d\u00e9finition commune du terrorisme\u00a0!<\/p>\n<p>Aujourd\u2019hui l\u2019\u00e9quilibre est donc difficile \u00e0 trouver entre s\u00e9curit\u00e9 et libert\u00e9. Ce qui est s\u00fbr, par contre, c\u2019est que \u00abconstruire des murs pour arr\u00eater la circulation des hommes est irr\u00e9aliste\u00bb!<\/p>\n<p>.<\/p>\n<p><a href=\"http:\/\/www.unnouveaumonde.org\/site\/wp-content\/uploads\/jugement.jpg\"><img decoding=\"async\" loading=\"lazy\" class=\"aligncenter size-medium wp-image-1645\" src=\"http:\/\/www.unnouveaumonde.org\/site\/wp-content\/uploads\/jugement-300x200.jpg\" alt=\"jugement\" width=\"300\" height=\"200\" srcset=\"http:\/\/www.unnouveaumonde.org\/site\/wp-content\/uploads\/jugement-300x200.jpg 300w, http:\/\/www.unnouveaumonde.org\/site\/wp-content\/uploads\/jugement.jpg 900w\" sizes=\"(max-width: 300px) 100vw, 300px\" \/><\/a><\/p>\n<p>.<\/p>\n<p>L\u2019Europe devrait peut-\u00eatre r\u00e9affirmer ses valeurs de solidarit\u00e9 en ratifiant la convention de l\u2019ONU sur les droits des travailleurs migrants et leurs famille, adopt\u00e9e en 1998, en l\u2019appliquant, car, sinon, coup\u00e9e du monde r\u00e9el, l\u2019Europe ne sera plus qu\u2019un continent vieillissant qui se d\u00e9vitalise peu \u00e0 peu.<\/p>\n<p>.<\/p>\n<p><strong><em>Que dire de tout cela\u00a0?<\/em><\/strong><\/p>\n<p><strong><em>Pour ma part je n\u2019ai malheureusement pas les solutions \u2026<\/em><\/strong><\/p>\n","protected":false},"excerpt":{"rendered":"<p>&nbsp; Terrorisme et Libert\u00e9 A l\u2019heure de la mondialisation, des th\u00e8mes reviennent souvent dans la campagne pr\u00e9sidentielle: terrorisme, \u00e9tat d\u2019urgence, immigration, etc. &nbsp; &nbsp; Mireille Delmas-Marty, qui a toujours men\u00e9 <a class=\"more-link\" href=\"http:\/\/www.unnouveaumonde.org\/site\/editos\/editos-2017\/edito-de-fevrier-2017\/\">&#8230; Lire plus \u2192<\/a><\/p>\n","protected":false},"author":1,"featured_media":0,"parent":1842,"menu_order":2,"comment_status":"closed","ping_status":"closed","template":"","meta":[],"_links":{"self":[{"href":"http:\/\/www.unnouveaumonde.org\/site\/wp-json\/wp\/v2\/pages\/1779"}],"collection":[{"href":"http:\/\/www.unnouveaumonde.org\/site\/wp-json\/wp\/v2\/pages"}],"about":[{"href":"http:\/\/www.unnouveaumonde.org\/site\/wp-json\/wp\/v2\/types\/page"}],"author":[{"embeddable":true,"href":"http:\/\/www.unnouveaumonde.org\/site\/wp-json\/wp\/v2\/users\/1"}],"replies":[{"embeddable":true,"href":"http:\/\/www.unnouveaumonde.org\/site\/wp-json\/wp\/v2\/comments?post=1779"}],"version-history":[{"count":1,"href":"http:\/\/www.unnouveaumonde.org\/site\/wp-json\/wp\/v2\/pages\/1779\/revisions"}],"predecessor-version":[{"id":1814,"href":"http:\/\/www.unnouveaumonde.org\/site\/wp-json\/wp\/v2\/pages\/1779\/revisions\/1814"}],"up":[{"embeddable":true,"href":"http:\/\/www.unnouveaumonde.org\/site\/wp-json\/wp\/v2\/pages\/1842"}],"wp:attachment":[{"href":"http:\/\/www.unnouveaumonde.org\/site\/wp-json\/wp\/v2\/media?parent=1779"}],"curies":[{"name":"wp","href":"https:\/\/api.w.org\/{rel}","templated":true}]}}