{"id":1390,"date":"2015-07-21T22:38:57","date_gmt":"2015-07-21T20:38:57","guid":{"rendered":"http:\/\/www.unnouveaumonde.org\/site\/?page_id=1390"},"modified":"2018-02-16T12:46:02","modified_gmt":"2018-02-16T10:46:02","slug":"editos-2010","status":"publish","type":"page","link":"http:\/\/www.unnouveaumonde.org\/site\/editos\/editos-2010\/","title":{"rendered":"Editos 2010"},"content":{"rendered":"<table border=\"0\">\n<tbody>\n<tr>\n<td valign=\"middle\">\n<div><\/div>\n<div style=\"text-align: left;\"><span style=\"text-decoration: underline; font-size: 14pt;\"><strong>EDITO DE D\u00c9CEMBRE 2010<\/strong><\/span><\/div>\n<div>.<\/div>\n<div><\/div>\n<div><img decoding=\"async\" loading=\"lazy\" class=\"alignleft size-thumbnail wp-image-447\" title=\"chandelle pour le cancer\" src=\"http:\/\/www.unnouveaumonde.org\/site\/wp-content\/uploads\/chandelle-pour-le-cancer-150x150.gif\" alt=\"chandelle pour le cancer\" width=\"150\" height=\"150\" \/>.<\/div>\n<div style=\"text-align: justify;\">En marche vers No\u00ebl, c\u2019est le Temps de l\u2019 \u00ab\u00a0Avent\u00a0\u00bb, o\u00f9 les publicit\u00e9s nous harc\u00e8lent souvent, le temps des agendas et des jouets pour enfants, qui magn\u00e9tisent s\u00fbr nos esprits \u00ab\u00a0trop pensants\u00a0\u00bb \u2026\u00a0 On pourrait continuer comme cela longtemps.<\/div>\n<div style=\"text-align: justify;\">.<\/div>\n<div style=\"text-align: justify;\">La f\u00eate de No\u00ebl du 25 d\u00e9cembre, \u00e9tait primitivement dans le monde pa\u00efen la f\u00eate du \u00ab\u00a0Soleil invaincu\u00a0\u00bb. Tout le monde ou presque sait maintenant que J\u00e9sus n\u2019est pas n\u00e9 un 25 d\u00e9cembre. Mais, afin de supprimer le culte pa\u00efen, cette date a donc \u00e9t\u00e9 choisie au IVe si\u00e8cle par l\u2019\u00e9glise catholique romaine pour f\u00eater la naissance de J\u00e9sus, souvent appel\u00e9 par la suite \u00ab\u00a0la lumi\u00e8re du monde\u00a0\u00bb peut-\u00eatre en r\u00e9f\u00e9rence \u00e0 ce culte, qui sait ?<\/div>\n<div style=\"text-align: justify;\">Pourquoi ne faudrait-il le f\u00eater qu\u2019un seul jour par an ?<\/div>\n<div style=\"text-align: justify;\">Aux yeux du Cr\u00e9ateur, nous avons tous la m\u00eame valeur, la m\u00eame importance, nous recevons tous le m\u00eame amour, que l\u2019on soit Juif, Chr\u00e9tien, Musulman, Bouddhiste, Ath\u00e9e \u2026 et peut-\u00eatre que les plus proches de l\u2019amour universel ne sont pas toujours \u00ab\u00a0ceux qui s\u2019affichent en vitrine\u00a0\u00bb \u00a0!!! Sur le terrain, souvent dans l\u2019ombre, des m\u00e8res Th\u00e9r\u00e9sa et des abb\u00e9s Pierre font un \u00e9norme travail et en ces temps de no\u00ebl, ayons une petite pens\u00e9e pour eux et un tr\u00e8s grand merci. En ces temps de no\u00ebl, essayons de faire une tr\u00eave et prions pour que ces combats d\u2019 \u00ab\u00a0Institutions\u00a0\u00bb religieuses, que plus personne ne supporte, prennent fin.<\/div>\n<div style=\"text-align: justify;\">.<\/div>\n<div style=\"text-align: justify;\">Au troisi\u00e8me mill\u00e9naire, dans un pays \u00ab\u00a0La France\u00a0\u00bb que l\u2019on dit civilis\u00e9, des hommes et des femmes meurent de froid et de faim dans nos centres villes ! Profitons de l\u2019instant pour nous interroger, d\u00e9caper notre c\u0153ur et nous transfigurer. Qu\u2019en est-il de l\u2019Amour en ce mois de D\u00e9cembre 2010 ?<\/div>\n<div>.<\/div>\n<div><\/div>\n<div style=\"text-align: center;\">.<\/div>\n<div style=\"text-align: center;\"><em><strong>7 D\u00e9cembre \u2026 un grand jour<\/strong><\/em><\/div>\n<div style=\"text-align: center;\"><strong><em>Mise en ligne\u00a0 de ma \u00ab\u00a0premi\u00e8re chanson\u00a0\u00bb\u00a0\u00a0 sur Gandhi,\u00a0 \u00ab\u00a0Une grande lumi\u00e8re\u00a0\u00bb\u00a0, \u00e9crite avec Jean-Jacques Zindo, auteur<\/em><\/strong><strong><em>, musicien et compositeur de grand talent. <\/em><\/strong><\/div>\n<div style=\"text-align: center;\"><strong><em>20 D\u00e9cembre \u2026 ma deuxi\u00e8me chanson\u00a0 :\u00a0\u00a0 \u00ab\u00a0Piti\u00e9 pour la For\u00eat\u00a0\u00bb<\/em><\/strong><\/div>\n<div style=\"text-align: center;\"><strong><em>1er Janvier 2011 \u2026 ma troisi\u00e8me chanson :\u00a0 \u00ab\u00a0L\u2019amour \u2026 c\u2019est toi et moi\u00a0\u00bb\u00a0 \u2026 \u00e9crite \u00e0 quatre mains \u2026<\/em><\/strong><\/div>\n<div style=\"text-align: center;\"><strong><em>Pour les \u00e9couter : <\/em><\/strong><strong><em>Cliquez \u00e0 droite sur le lien : Youtube-JJZindo.\u00a0 Qu\u2019en pensez-vous ?<\/em><\/strong><strong><em>Vous plaisent-elles ? Vos impressions sur contact S.V.P. ou\u00a0sur Youtube directement.<\/em><\/strong><\/div>\n<div style=\"text-align: center;\">.<\/div>\n<div style=\"text-align: center;\"><\/div>\n<div><\/div>\n<div><\/div>\n<div style=\"text-align: left;\"><span style=\"text-decoration: underline; font-size: 14pt;\"><strong>EDITO DE NOVEMBRE 2010<\/strong><\/span><\/div>\n<div><\/div>\n<div><\/div>\n<div><strong><img decoding=\"async\" loading=\"lazy\" class=\"alignleft size-thumbnail wp-image-201\" title=\"fleurs-chatoyantes-402946\" src=\"http:\/\/www.unnouveaumonde.org\/site\/wp-content\/uploads\/fleurs-chatoyantes-402946-150x150.jpg\" alt=\"fleurs-chatoyantes-402946\" width=\"150\" height=\"150\" \/> <\/strong><\/div>\n<div><\/div>\n<div style=\"text-align: justify;\"><strong>L\u2019automne et sa f\u00e9\u00e9rie de couleurs, des bruns, des marrons, des fauves<\/strong> \u2026 Le temps se pr\u00eate \u00e0 la nostalgie, \u00e0 la cueillette des champignons, aux veill\u00e9es au coin du feu o\u00f9 les marrons craquent dans la chemin\u00e9e, \u2026 C\u2019est un temps qui se pr\u00eate au ressourcement, un temps\u00a0o\u00f9 l\u2019on devrait se parler, se rencontrer, se red\u00e9couvrir peut-\u00eatre \u2026<\/div>\n<div style=\"text-align: justify;\"><\/div>\n<div style=\"text-align: justify;\"><\/div>\n<div style=\"text-align: justify;\"><strong>.<\/strong><\/div>\n<div style=\"text-align: justify;\"><strong>Du 11 au 14 novembre, se sont tenues les 10\u00e8me Rencontres m\u00e9diterran\u00e9ennes sur le Soufisme<\/strong> (Avignon, Marseille, Montpellier, Nice). Plusieurs conf\u00e9rences ont eu lieu : Les unes avec Faouzi Skali, fondateur du festival de F\u00e8s des Musiques Sacr\u00e9es du Monde et du forum : \u00ab\u00a0Une \u00e2me pour la mondialisation\u00a0\u00bb qui nous a parl\u00e9 de cheminement spirituel, de Chemin d\u2019Amour et de Connaissance, conduisant \u00e0 la paix int\u00e9rieure et au respect de l\u2019autre\u2026 D\u2019autres avec Abd al Malik, nomin\u00e9 pour le prix Edgar Faure du meilleur livre politique de l\u2019ann\u00e9e, qui \u00e9voque l\u2019univers des banlieues et la dimension spirituelle de l\u2019Homme. Les proph\u00e9ties funestes du \u00ab\u00a0clash des civilisations\u00a0\u00bb y sont battues en br\u00e8che et font place \u00e0 la perspective d\u2019une voie de sagesse conjuguant harmonieusement unit\u00e9 et diversit\u00e9. L\u2019ensemble Rabi\u2019a, compos\u00e9 de femmes issues d\u2019horizons culturels divers et que l\u2019amour des chants soufis a r\u00e9unies, nous a fait partager les douces m\u00e9lodies d\u2019une po\u00e9sie de l\u2019\u00e2me.<\/div>\n<div style=\"text-align: justify;\">.<\/div>\n<div><\/div>\n<div style=\"text-align: justify;\"><strong>Du 4 novembre au 12 d\u00e9cembre, \u00ab\u00a0Sous le signe d\u2019Averro\u00e8s\u00a0\u00bb,<\/strong> la 17\u00e8me \u00e9dition des rencontres d\u2019Averro\u00e8s sur Avignon,\u00a0Marseille, Arles, \u2026 centr\u00e9es sur le monde m\u00e9diterran\u00e9en, avec trois angles d\u2019approche pour questionner les r\u00e9alit\u00e9s \u00e9cologiques, terrestres et maritimes, d\u2019un monde m\u00e9diterran\u00e9en en devenir.<\/div>\n<div style=\"text-align: justify;\">.<\/div>\n<div style=\"text-align: justify;\">.<\/div>\n<div style=\"text-align: justify;\"><\/div>\n<div style=\"text-align: justify;\"><img decoding=\"async\" loading=\"lazy\" class=\"alignleft size-thumbnail wp-image-401\" title=\"averroes2\" src=\"http:\/\/www.unnouveaumonde.org\/site\/wp-content\/uploads\/averroes2-150x150.jpg\" alt=\"averroes2\" width=\"150\" height=\"150\" \/><\/div>\n<div style=\"text-align: justify;\"><span style=\"font-size: 14pt;\"><strong><span style=\"font-size: 12pt;\">Averro\u00e8s ?<\/span> <\/strong><\/span><\/div>\n<div style=\"text-align: justify;\">Un sage \u00e0 la crois\u00e9e des cultures. Philosophe, m\u00e9decin, astronome, th\u00e9ologien, homme de loi \u2026 De son vrai nom Ibn Rushd, Averro\u00e8s fut tout cela. N\u00e9 \u00e0 Cordoue en 1126, mort en 1198 \u00e0 Marrakech, cet humaniste avant l\u2019heure, qui a su concilier l\u2019h\u00e9ritage grec et le g\u00e9nie musulman, puisait son \u00e9rudition aux deux rives de la M\u00e9diterran\u00e9e. Aujourd\u2019hui consid\u00e9r\u00e9 comme le plus occidental des penseurs arabes, on lui doit la renaissance de la pens\u00e9e d\u2019Aristote dont il fut le grand commentateur, et une vision tr\u00e8s moderne du statut du philosophe face \u00e0 la religion. Pers\u00e9cut\u00e9 sur la fin de sa vie, c\u2019est \u00e0 des juifs et \u00e0 des chr\u00e9tiens attach\u00e9s \u00e0 conserver et traduire ses \u0153uvres qu\u2019il doit son influence posthume.<\/div>\n<div style=\"text-align: justify;\"><\/div>\n<div><\/div>\n<\/td>\n<\/tr>\n<\/tbody>\n<\/table>\n<table border=\"0\">\n<tbody>\n<tr>\n<td valign=\"middle\">\n<div><\/div>\n<div style=\"text-align: center;\">.<\/div>\n<div style=\"text-align: center;\"><strong><em>Et pourquoi pas ?<\/em><\/strong><\/div>\n<div style=\"text-align: center;\"><strong><em>\u00ab\u00a0Les plus belles ann\u00e9es d\u2019une vie sont celles que l\u2019on n\u2019a pas encore v\u00e9cues!\u00a0\u00bb Le meilleur est toujours \u00e0 venir (Claude Lelouch dans le film \u00ab\u00a0Ces amours l\u00e0\u00a0\u00bb)<\/em><\/strong><\/div>\n<div style=\"text-align: center;\"><em><strong>Etre libre ?<\/strong><\/em><\/div>\n<div style=\"text-align: center;\"><em><strong>\u00ab\u00a0Etre libre, ce n\u2019est pas seulement se d\u00e9barrasser de ses cha\u00eenes, c\u2019est vivre d\u2019une fa\u00e7on qui respecte et renforce la libert\u00e9 des autres\u00a0\u00bb\u00a0\u00a0\u00a0 \u00a0(Nelson Mandela)<\/strong><\/em><\/div>\n<div style=\"text-align: center;\"><em><strong>N\u2019est-ce pas vrai ?<\/strong><\/em><\/div>\n<div style=\"text-align: center;\"><em><strong> \u00ab\u00a0Les hommes construisent trop de murs et pas assez de ponts\u00a0\u00bb\u00a0\u00a0<\/strong><\/em><\/div>\n<div style=\"text-align: center;\"><em><strong>(Isaac Newton)<\/strong><\/em><\/div>\n<div style=\"text-align: center;\">.<\/div>\n<div style=\"text-align: center;\"><\/div>\n<div><\/div>\n<\/td>\n<\/tr>\n<\/tbody>\n<\/table>\n<p>&nbsp;<\/p>\n","protected":false},"excerpt":{"rendered":"<p>EDITO DE D\u00c9CEMBRE 2010 . . En marche vers No\u00ebl, c\u2019est le Temps de l\u2019 \u00ab\u00a0Avent\u00a0\u00bb, o\u00f9 les publicit\u00e9s nous harc\u00e8lent souvent, le temps des agendas et des jouets pour <a class=\"more-link\" href=\"http:\/\/www.unnouveaumonde.org\/site\/editos\/editos-2010\/\">&#8230; Lire plus \u2192<\/a><\/p>\n","protected":false},"author":1,"featured_media":0,"parent":1763,"menu_order":0,"comment_status":"open","ping_status":"closed","template":"","meta":[],"_links":{"self":[{"href":"http:\/\/www.unnouveaumonde.org\/site\/wp-json\/wp\/v2\/pages\/1390"}],"collection":[{"href":"http:\/\/www.unnouveaumonde.org\/site\/wp-json\/wp\/v2\/pages"}],"about":[{"href":"http:\/\/www.unnouveaumonde.org\/site\/wp-json\/wp\/v2\/types\/page"}],"author":[{"embeddable":true,"href":"http:\/\/www.unnouveaumonde.org\/site\/wp-json\/wp\/v2\/users\/1"}],"replies":[{"embeddable":true,"href":"http:\/\/www.unnouveaumonde.org\/site\/wp-json\/wp\/v2\/comments?post=1390"}],"version-history":[{"count":1,"href":"http:\/\/www.unnouveaumonde.org\/site\/wp-json\/wp\/v2\/pages\/1390\/revisions"}],"predecessor-version":[{"id":1835,"href":"http:\/\/www.unnouveaumonde.org\/site\/wp-json\/wp\/v2\/pages\/1390\/revisions\/1835"}],"up":[{"embeddable":true,"href":"http:\/\/www.unnouveaumonde.org\/site\/wp-json\/wp\/v2\/pages\/1763"}],"wp:attachment":[{"href":"http:\/\/www.unnouveaumonde.org\/site\/wp-json\/wp\/v2\/media?parent=1390"}],"curies":[{"name":"wp","href":"https:\/\/api.w.org\/{rel}","templated":true}]}}