{"id":1233,"date":"2014-04-12T19:01:57","date_gmt":"2014-04-12T17:01:57","guid":{"rendered":"http:\/\/www.unnouveaumonde.org\/site\/?page_id=1233"},"modified":"2018-02-16T11:47:14","modified_gmt":"2018-02-16T09:47:14","slug":"impressionnant","status":"publish","type":"page","link":"http:\/\/www.unnouveaumonde.org\/site\/humeur-et-humour\/impressionnant\/","title":{"rendered":"Les langues en express !!!"},"content":{"rendered":"<h1><\/h1>\n<h1><\/h1>\n<h1><\/h1>\n<h1><span style=\"font-size: large;\">J\u2019ai test\u00e9 pour vous\u2026 <\/span><\/h1>\n<h1><span style=\"font-size: large;\">Apprendre l\u2019anglais sous hypnose<\/span><\/h1>\n<p>&nbsp;<\/p>\n<p style=\"text-align: center;\">\u00a0<a href=\"http:\/\/www.unnouveaumonde.org\/site\/wp-content\/uploads\/hypnose1.jpg\"><img decoding=\"async\" loading=\"lazy\" class=\"aligncenter size-medium wp-image-1240\" src=\"http:\/\/www.unnouveaumonde.org\/site\/wp-content\/uploads\/hypnose1-300x164.jpg\" alt=\"hypnose\" width=\"300\" height=\"164\" srcset=\"http:\/\/www.unnouveaumonde.org\/site\/wp-content\/uploads\/hypnose1-300x164.jpg 300w, http:\/\/www.unnouveaumonde.org\/site\/wp-content\/uploads\/hypnose1.jpg 303w\" sizes=\"(max-width: 300px) 100vw, 300px\" \/><\/a><\/p>\n<p style=\"text-align: justify;\"><span style=\"font-size: small;\"><strong>Apprendre l\u2019anglais (ou tout autre langue) sans effort et en quelques jours\u2026 c\u2019est possible. A Metz, Pascal Dilly a d\u00e9velopp\u00e9 une formule d\u2019apprentissage des langues sous hypnose qui donne des r\u00e9sultats impressionnants. Cadremploi a test\u00e9 pour vous cette m\u00e9thode r\u00e9volutionnaire.<\/strong><\/span><\/p>\n<p style=\"text-align: justify;\"><span style=\"font-size: small;\">L\u2019hypnose\u00a0? Ce truc de charlatan de f\u00eates foraines\u00a0? Tr\u00e8s peu pour vous\u00a0! Et bien il est temps de revoir vos pr\u00e9jug\u00e9s. L\u2019hypnose, c\u2019est avant tout une pratique m\u00e9dicale. Rien qu\u2019\u00e0 l\u2019h\u00f4pital de Li\u00e8ge (Belgique), on op\u00e8re chaque ann\u00e9e 800 patients plac\u00e9s sous hypnose plut\u00f4t que sous anesth\u00e9sie.<\/span><\/p>\n<p style=\"text-align: justify;\"><span style=\"font-size: small;\">\u00ab\u00a0L\u2019hypnose est un mode de fonctionnement normal du cerveau, explique Pascal Dilly, psychoth\u00e9rapeute et fondateur de Langues sous Hypnose, \u00e0 Metz, on l\u2019exp\u00e9rimente plusieurs fois par jour de mani\u00e8re involontaire\u00a0\u00bb. Par exemple, il ne vous est jamais arriv\u00e9 d\u2019aller au cin\u00e9ma et d\u2019\u00eatre tellement captiv\u00e9 par le film que vous avez l\u2019impression qu\u2019il a dur\u00e9 cinq minutes\u2026 et non pas deux heures\u00a0? Et bien c\u2019est \u00e7a l\u2019hypnose, un \u00e9tat qui permet de se concentrer de fa\u00e7on intense sur un sujet, sans \u00eatre perturb\u00e9 par des pens\u00e9es qui n\u2019ont rien \u00e0 voir avec le sujet.<\/span><\/p>\n<h2 style=\"text-align: justify;\">L&rsquo;hypnose permet l&rsquo;apprentissage vraiment intensif<\/h2>\n<p>&nbsp;<\/p>\n<p style=\"text-align: justify;\"><span style=\"font-size: small;\">Pourquoi ne pas utiliser cet \u00e9tat pour apprendre les langues\u00a0? C\u2019est ce que s\u2019est dit Pascal Dilly il y a plus de 25 ans d\u00e9j\u00e0. Depuis, il perfectionne sa m\u00e9thodologie, car comme il le rappelle, \u00ab\u00a0ce n\u2019est pas l\u2019hypnose qui fait apprendre les langues, c\u2019est le professeur\u00a0\u00bb. L\u2019hypnose permet juste de plonger l\u2019\u00e9l\u00e8ve dans un \u00e9tat qui facilite l\u2019apprentissage.<\/span><\/p>\n<p style=\"text-align: justify;\"><span style=\"font-size: small;\">En \u00e9tat d\u2019hypnose, on ne voit pas le temps passer et on ressort d\u2019une s\u00e9ance parfaitement d\u00e9tendu. \u00ab\u00a0Cela permet de multiplier les s\u00e9ances dans un laps de temps tr\u00e8s court\u00a0\u00bb, explique Pascal Dilly. Dans son \u00e9cole de langues, le mot intensif prend tout son sens\u00a0: un avocat de Zurich a ainsi appris le br\u00e9silien en six jours. Une autre \u00e9l\u00e8ve a appris le russe en seulement sept jours<\/span><\/p>\n<p style=\"text-align: justify;\"><span style=\"font-size: small;\">Bruno Fedi, un grand d\u00e9butant en anglais a, lui, entrepris une formation intensive de 65 heures sur huit jours. Apr\u00e8s seulement deux jours de formation, il s\u2019est aper\u00e7u qu\u2019il r\u00eavait en anglais\u00a0! Trois semaines apr\u00e8s sa formation, il a repris son travail dans un grand h\u00f4tel parisien. Il est d\u00e9sormais capable de comprendre ses clients du monde entier. Bien s\u00fbr, il ne se pr\u00e9tend pas bilingue, mais son niveau est suffisant pour qu\u2019il ose se lancer. \u00ab\u00a0Je consid\u00e8re que la formation m\u2019a \u2018\u2018d\u00e9bloqu\u00e9\u2019\u2019, maintenant, je n\u2019ai plus de probl\u00e8me \u00e0 continuer \u00e0 me former seul et mes progr\u00e8s sont rapides\u00a0\u00bb, estime-t-il. \u00ab\u00a0L\u2019\u00e9tat d\u2019hypnose permet de \u00ab\u00a0lib\u00e9rer\u00a0\u00bb l\u2019\u00e9l\u00e8ve. Sans ses inhibitions, il n\u2019a plus honte de faire des erreurs ni de son accent fran\u00e7ais. La prononciation et la fluidit\u00e9 du langage s\u2019en ressentent largement\u00a0\u00bb, explique Pascal Dilly.<\/span><\/p>\n<p style=\"text-align: center;\"><a href=\"http:\/\/www.unnouveaumonde.org\/site\/wp-content\/uploads\/hypnose3.jpg\"><img decoding=\"async\" loading=\"lazy\" class=\"aligncenter size-full wp-image-1239\" src=\"http:\/\/www.unnouveaumonde.org\/site\/wp-content\/uploads\/hypnose3.jpg\" alt=\"hypnose3\" width=\"300\" height=\"264\" \/><\/a><\/p>\n<h2 style=\"text-align: justify;\"><\/h2>\n<h2 style=\"text-align: justify;\">Comment se passe une s\u00e9ance d\u2019hypnose\u00a0?<\/h2>\n<p>&nbsp;<\/p>\n<p style=\"text-align: justify;\"><span style=\"font-size: small;\">Install\u00e9e dans un fauteuil de relaxation, casque sur les oreilles, j\u2019\u00e9coute le professeur lire un texte dans une langue que je ne ma\u00eetrise pas tr\u00e8s lentement deux fois de suite. Apr\u00e8s ces lectures, je passe sous hypnose et je r\u00e9\u00e9coute le texte \u00e0 nouveau plusieurs fois, \u00e0 diff\u00e9rent rythmes de lecture. L\u2019id\u00e9e n\u2019est pas du tout de faire un effort de r\u00e9flexion pour comprendre les mots, mais bien de s\u2019impr\u00e9gner des sons que l\u2019on entend. \u00ab\u00a0Quand un petit enfant apprend sa langue maternelle, il entend des sons qu\u2019il reproduit au fur et \u00e0 mesure. Notre m\u00e9thode reprend ce m\u00e9canisme\u00a0\u00bb, explique Pascal Dilly.<\/span><\/p>\n<p style=\"text-align: justify;\"><span style=\"font-size: small;\">Il est alors temps de sortir de mon \u00e9tat d\u2019hypnose pour \u00e9tudier quelques points de grammaire avec le professeur. \u00ab\u00a0Je ne traite jamais plus de quatre ou cinq points par s\u00e9ance (une s\u00e9ance dure une heure, ndlr), pr\u00e9vient Pascal Dilly, c\u2019est tout ce que le cerveau peut encaisser en une fois\u00a0\u00bb. L\u2019hypnose reprend alors et cette fois, je r\u00e9p\u00e8te apr\u00e8s le professeur des morceaux de phrase, de plus en plus long. En cas d\u2019erreur, le professeur ne corrige pas. \u00ab\u00a0Quand un Anglais dit \u2018\u2018ton ou ta collier est beau\u2019\u2019, on le comprend quand m\u00eame. L\u2019important c\u2019est de parler\u00a0\u00bb, illustre Pascal Dilly.<\/span><\/p>\n<p style=\"text-align: justify;\"><span style=\"font-size: small;\">En sortant du mode \u00ab\u00a0hypnose\u00a0\u00bb, je r\u00e9\u00e9coute ma s\u00e9ance int\u00e9gralement et donc je m\u2019entends parler. Et l\u00e0, c\u2019est le choc\u00a0: l\u2019accent n\u2019est pas mauvais, le rythme plut\u00f4t fluide\u2026 et surtout, je s\u2019aper\u00e7ois que j\u2019ai compris ce que le prof me disait\u00a0!<\/span><\/p>\n<p style=\"text-align: justify;\"><span style=\"font-size: small;\">Contrairement \u00e0 ce que l\u2019on peut croire, l\u2019\u00e9tat d\u2019hypnose n\u2019a rien \u00e0 voir avec le fait d\u2019\u00eatre inconscient. Pendant toute la dur\u00e9e de la s\u00e9ance, j\u2019ai eu conscience de ce qui se passait autour de moi, de ce que j\u2019ai fait ou dit. Mais, \u00e0 la diff\u00e9rence d\u2019un cours classique dans une salle o\u00f9 on a tendance \u00e0 laisser son esprit vagabonder, j\u2019\u00e9tais enti\u00e8rement focalis\u00e9e sur ce que dit le professeur. Et tout m\u2019a paru plus facile.<\/span><\/p>\n<p style=\"text-align: justify;\"><span style=\"font-size: medium;\"><span style=\"font-size: small;\">A la fin de la s\u00e9ance, Pascal Dilly me demande \u00ab\u00a0combien de temps pensez-vous que la s\u00e9ance a dur\u00e9\u00a0\u00bb. \u00ab\u00a0Cinq minutes\u00a0?\u00a0\u00bb. En r\u00e9alit\u00e9, j\u2019ai \u00e9t\u00e9 hypnotis\u00e9e pendant le triple de temps. C\u2019est \u00e7a l\u2019apprentissage intensif et sans douleur<\/span>\u00a0!<\/span><\/p>\n<p style=\"text-align: justify;\"><strong><span style=\"font-size: medium;\">Marion Senant \u00a9 Cadremploi.fr\u00a0\u00a0\u00a0 (Mars 2014)<\/span><\/strong><\/p>\n<table border=\"1\" width=\"600\" cellspacing=\"0\" cellpadding=\"0\">\n<tbody>\n<tr>\n<td>\n<p style=\"text-align: justify;\"><span style=\"font-size: small;\">Pascal Dilly est le seul \u00e0 enseigner les langues sous \u00a0 hypnose en France. Son \u00e9cole est bas\u00e9e \u00e0 Metz, o\u00f9 les professionnels viennent \u00a0 le voir pour quelques jours de cours intensifs. Pour ceux qui ne peuvent pas \u00a0 se d\u00e9placer, il a d\u00e9velopp\u00e9 une m\u00e9thode d\u2019apprentissage \u00e0 distance. Vous \u00a0 achetez un premier cours pour apprendre l\u2019auto-hypnose sur internet. Puis \u00a0 vous choisissez votre formule (environ 15\u20ac le cours), le chargez sur votre \u00a0 ordinateur ou votre tablette. Ensuite, il ne vous reste plus qu\u2019\u00e0 d\u00e9gager 45 \u00a0 minutes de votre temps et \u00e0 vous isoler dans un endroit confortable et calme. \u00a0 C\u2019est aussi simple que cela\u00a0!<\/span><\/p>\n<\/td>\n<\/tr>\n<\/tbody>\n<\/table>\n","protected":false},"excerpt":{"rendered":"<p>J\u2019ai test\u00e9 pour vous\u2026 Apprendre l\u2019anglais sous hypnose &nbsp; \u00a0 Apprendre l\u2019anglais (ou tout autre langue) sans effort et en quelques jours\u2026 c\u2019est possible. A Metz, Pascal Dilly a d\u00e9velopp\u00e9 <a class=\"more-link\" href=\"http:\/\/www.unnouveaumonde.org\/site\/humeur-et-humour\/impressionnant\/\">&#8230; Lire plus \u2192<\/a><\/p>\n","protected":false},"author":1,"featured_media":0,"parent":376,"menu_order":0,"comment_status":"open","ping_status":"closed","template":"","meta":[],"_links":{"self":[{"href":"http:\/\/www.unnouveaumonde.org\/site\/wp-json\/wp\/v2\/pages\/1233"}],"collection":[{"href":"http:\/\/www.unnouveaumonde.org\/site\/wp-json\/wp\/v2\/pages"}],"about":[{"href":"http:\/\/www.unnouveaumonde.org\/site\/wp-json\/wp\/v2\/types\/page"}],"author":[{"embeddable":true,"href":"http:\/\/www.unnouveaumonde.org\/site\/wp-json\/wp\/v2\/users\/1"}],"replies":[{"embeddable":true,"href":"http:\/\/www.unnouveaumonde.org\/site\/wp-json\/wp\/v2\/comments?post=1233"}],"version-history":[{"count":1,"href":"http:\/\/www.unnouveaumonde.org\/site\/wp-json\/wp\/v2\/pages\/1233\/revisions"}],"predecessor-version":[{"id":1828,"href":"http:\/\/www.unnouveaumonde.org\/site\/wp-json\/wp\/v2\/pages\/1233\/revisions\/1828"}],"up":[{"embeddable":true,"href":"http:\/\/www.unnouveaumonde.org\/site\/wp-json\/wp\/v2\/pages\/376"}],"wp:attachment":[{"href":"http:\/\/www.unnouveaumonde.org\/site\/wp-json\/wp\/v2\/media?parent=1233"}],"curies":[{"name":"wp","href":"https:\/\/api.w.org\/{rel}","templated":true}]}}