{"id":11,"date":"2010-09-07T19:33:30","date_gmt":"2010-09-07T17:33:30","guid":{"rendered":"http:\/\/www.unnouveaumonde.org\/site\/?page_id=11"},"modified":"2018-02-16T11:44:56","modified_gmt":"2018-02-16T09:44:56","slug":"bibliographie","status":"publish","type":"page","link":"http:\/\/www.unnouveaumonde.org\/site\/decouvrir\/bibliographie\/","title":{"rendered":"Bouquins Coups de Coeur &#8230;"},"content":{"rendered":"<p><br class=\"spacer_\" \/><\/p>\n<p><span style=\"font-size: medium;\"><em><strong>BRIDA<\/strong><\/em><\/span><\/p>\n<p>de\u00a0\u00a0 Paulo Coelho<\/p>\n<p style=\"text-align: justify;\"><img decoding=\"async\" loading=\"lazy\" class=\"alignleft size-thumbnail wp-image-1049\" title=\"echelle de jacob\" src=\"http:\/\/www.unnouveaumonde.org\/site\/wp-content\/uploads\/echelle-de-jacob1-150x150.jpg\" alt=\"echelle de jacob\" width=\"150\" height=\"150\" \/>Brida, une jeune Irlandaise \u00e0 la recherche de la  Connaissance, s\u2019int\u00e9resse depuis toujours aux diff\u00e9rents aspects de la magie, mais elle aspire \u00e0 quelque chose de plus. Sa qu\u00eate l\u2019am\u00e8ne \u00e0 rencontrer des personnes d\u2019une grande sagesse, qui lui font d\u00e9couvrir le monde spirituel\u00a0: un mage habitant la for\u00eat lui apprend \u00e0 vaincre ses peurs et \u00e0 croire en la bont\u00e9 de l\u2019univers\u00a0; une magicienne lui explique comment danser au rythme du monde et invoquer la lune. Brida part alors \u00e0 la rencontre de son destin. Parviendra-t-elle \u00e0 r\u00e9concilier sa vie amoureuse et son d\u00e9sir de tout quitter pour devenir \u00ab\u00a0sorci\u00e8re\u00a0\u00bb\u00a0?<\/p>\n<p style=\"text-align: justify;\">Ce roman enchant\u00e9 renoue avec des th\u00e8mes chers aux lecteurs de Paulo Coelho\u00a0: le conteur y tisse un r\u00e9cit qui m\u00eale amour, passion, myst\u00e8re et spiritualit\u00e9.<\/p>\n<p style=\"text-align: justify;\"><em>\u00ab\u00a0Je veux te rappeler une chose, avant la premi\u00e8re le\u00e7on, dit-il. Quand quelqu\u2019un trouve son chemin, il ne peut pas avoir peur. Il doit avoir assez de courage pour faire des faux pas. Les d\u00e9ceptions, les d\u00e9faites, le d\u00e9couragement sont des outils que Dieu utilise pour montrer la route.\u00a0\u00bb<\/em><\/p>\n<p style=\"text-align: justify;\"><em>\u00ab\u00a0Dans chaque vie, nous avons la myst\u00e9rieuse obligation de retrouver, au moins, une de ces Autres Parties. Le Grand Amour, qui les a s\u00e9par\u00e9es, se r\u00e9jouit de l\u2019Amour qui les r\u00e9unit.\u00a0\u00bb<\/em><\/p>\n<p style=\"text-align: justify;\"><em>\u00ab\u00a0Le sol a besoin de la semence, et la semence a besoin du sol. L\u2019un n\u2019a de sens qu\u2019avec l\u2019autre. Il en va de m\u00eame pour les \u00eatres humains. Quand la connaissance masculine s\u2019unit \u00e0 la transformation f\u00e9minine, na\u00eet la grande union magique, qui a pour nom Sagesse.\u00a0\u00bb<\/em><\/p>\n<p style=\"text-align: justify;\"><em>\u00ab\u00a0Va \u00e0 la recherche de ton Don\u2026 mais va sans crainte. Plus tu te conna\u00eetras, mieux tu comprendras le monde. Et plus proche tu seras de ton Autre Partie.\u00a0\u00bb<\/em><\/p>\n<p style=\"text-align: justify;\"><strong> <\/strong><\/p>\n<p style=\"text-align: justify;\">N\u00e9 en 1947 \u00e0 Rio de Janeiro, Paulo Coelho est l\u2019auteur de l\u2019Alchimiste, best-seller mondial paru en 1988 au Br\u00e9sil, aujourd\u2019hui traduit dans 71 langues et publi\u00e9 dans 150 pays. Membre de l\u2019Acad\u00e9mie br\u00e9silienne des Lettres, il a \u00e9t\u00e9 nomm\u00e9 Messager de la paix des Nations Unies en 2007. Brida est son douzi\u00e8me livre publi\u00e9 en France.<\/p>\n<p><strong>***********************************************************************************************<br \/>\n <\/strong><\/p>\n<p><strong style=\"font-style: italic; font-size: 16px;\">\u00ab\u00a0Surgissement d&rsquo;un nouveau monde\u00a0\u00bb <\/strong><\/p>\n<p>par Marc Luyckx Ghisi<\/p>\n<p style=\"text-align: justify;\"><img decoding=\"async\" loading=\"lazy\" class=\"alignleft size-thumbnail wp-image-819\" title=\"autel de l'amour\" src=\"http:\/\/www.unnouveaumonde.org\/site\/wp-content\/uploads\/autel-de-lamour-150x150.jpg\" alt=\"autel de l'amour\" width=\"150\" height=\"150\" srcset=\"http:\/\/www.unnouveaumonde.org\/site\/wp-content\/uploads\/autel-de-lamour-150x150.jpg 150w, http:\/\/www.unnouveaumonde.org\/site\/wp-content\/uploads\/autel-de-lamour-300x300.jpg 300w, http:\/\/www.unnouveaumonde.org\/site\/wp-content\/uploads\/autel-de-lamour.jpg 320w\" sizes=\"(max-width: 150px) 100vw, 150px\" \/>Nous vivons un changement de soci\u00e9t\u00e9 rapide et profond car la rationalit\u00e9 moderne, l&rsquo;approche patriarcale et le capitalisme industriel ne sont plus capables de formuler une r\u00e9ponse satisfaisante ni au probl\u00e8me de notre survie collective et de celle de l&rsquo;environnement, ni aux probl\u00e8mes sociaux et d\u00e9mographiques de notre monde en ce d\u00e9but du XXIe si\u00e8cle. Ils sont\u00a0d\u00e9j\u00e0 d\u00e9pass\u00e9s car ils ne font plus sens : ils conduisent \u00e0 la mort.<\/p>\n<p style=\"text-align: justify;\">La soci\u00e9t\u00e9 civile mondiale cherche d&rsquo;\u00e9j\u00e0 ailleurs, m\u00eame si les pouvoirs s&rsquo;\u00e9vertuent \u00e0 la convaincre qu&rsquo;il n&rsquo;y a pas d&rsquo;alternative. Certains sont en train d&rsquo;exp\u00e9rimenter un profond r\u00e9enchantement, une <strong>r\u00e9conciliation corps-coeur-\u00e2me<\/strong>. Dans ce groupe de 25% de citoyens europ\u00e9ens et am\u00e9ricains, 66% sont des femmes.<\/p>\n<p style=\"text-align: justify;\">Ces changements en cours touchent aux aspects les plus profonds de nos vies comme la relation homme-femme, le sacr\u00e9, la v\u00e9rit\u00e9, le statut de la raison et de la science, le temps, l&rsquo;espace et le bonheur. Et en m\u00eame temps, c&rsquo;est l&rsquo;architecture souterraine de la modernit\u00e9 qui est en train de se dissoudre. Il est normal que les citoyens ressentent de l&rsquo;angoisse. A un niveau moins profond, mais tout aussi important, la soci\u00e9t\u00e9 de l&rsquo;information est comme le turbo qui acc\u00e9l\u00e8re et approfondit\u00a0 ces changements. E modifiant le coeur m\u00eame de la logique capitaliste et communiste, elle les d\u00e9passe et nous fait entrer dans une logique qui s&rsquo;av\u00e8re chaque jour plus diff\u00e9rente; et o\u00f9 les avantages et les dangers ne seront pas n\u00e9cessairement ceux que nous percevons aujourd&rsquo;hui.<\/p>\n<p>Editions Alph\u00e9e\u00a0\u00a0 Mars 2010<\/p>\n<p>***********************************************************************************************<\/p>\n<p style=\"font-style: italic; font-size: 16px;\"><strong>\u00ab\u00a0Pourquoi on en veut aux gens qui nous font du bien\u00a0\u00bb<\/strong><\/p>\n<p>par Gabrielle Rubin<\/p>\n<p style=\"text-align: justify;\"><img decoding=\"async\" loading=\"lazy\" class=\"alignleft size-full wp-image-820\" title=\"pivoine\" src=\"http:\/\/www.unnouveaumonde.org\/site\/wp-content\/uploads\/pivoine.jpg\" alt=\"pivoine\" width=\"149\" height=\"112\" \/>Pourquoi certaines personnes ont-elles le sentiment que tout leur est d\u00fb sans contrepartie ? Et pourquoi d&rsquo;autres, au contraire se vivent-elles comme d&rsquo;\u00e9ternelles d\u00e9bitrices ?<\/p>\n<p style=\"text-align: justify;\">Qu&rsquo;il soit mat\u00e9riel (un cadeau) ou psychique (l&rsquo;amour d&rsquo;une m\u00e8re pour son enfant), tout don cr\u00e9e une dette qui doit \u00eatre apur\u00e9e. Quand elle ne l&rsquo;est pas, les ennuis commencent.<\/p>\n<p style=\"text-align: justify;\">Le plus \u00e0 plaindre, alors, n&rsquo;est pas forc\u00e9ment celui qu&rsquo;on croit &#8230;<\/p>\n<p style=\"text-align: justify;\">Petite Biblioth\u00e8que Payot\u00a0 Janvier 2008<\/p>\n<p>***********************************************************************************************<\/p>\n<p style=\"font-size: 16px;\"><em><strong>\u00ab\u00a0Les Preuves scientifiques d&rsquo;une Vie apr\u00e8s la vie\u00a0\u00bb<\/strong> <\/em><\/p>\n<p>par le Docteur Jean-Jacques Charbonnier<\/p>\n<p style=\"text-align: justify;\"><img decoding=\"async\" loading=\"lazy\" class=\"alignleft size-thumbnail wp-image-821\" title=\"vers o\u00f9\" src=\"http:\/\/www.unnouveaumonde.org\/site\/wp-content\/uploads\/vers-o\u00f9-150x150.jpg\" alt=\"vers o\u00f9\" width=\"150\" height=\"150\" \/>A la lumi\u00e8re de ses recherches personnelles et de ses exp\u00e9riences professionnelles, l&rsquo;auteur nous fait partager ses convictions intimes sur<strong><em> l&rsquo;existence d&rsquo;une vie apr\u00e8s la mort<\/em><\/strong> et sur les diverses possibilit\u00e9s de<strong><em> communication avec le monde de l&rsquo;Invisible.<\/em><\/strong><\/p>\n<p style=\"text-align: justify;\">Le Docteur Jean-Jacques Charbonnier est anesth\u00e9siste-r\u00e9animateur depuis plus de vingt ans. Son ouvrage r\u00e9volutionne l&rsquo;eschatologie occidentale fig\u00e9e dans des paradigmes d\u00e9pass\u00e9s, en d\u00e9montrant de fa\u00e7on rationnelle qu&rsquo;assimiler la mort au n\u00e9ant absolu appartient d\u00e9sormais au domaine des croyances tant il est vrai que les preuves scientifiques r\u00e9v\u00e9l\u00e9es pour la premi\u00e8re fois dans ce livre confirment aujourd&rsquo;hui de fa\u00e7on \u00e9clatante notre propre immortalit\u00e9.<\/p>\n<p style=\"text-align: justify;\">Sciences et spiritualit\u00e9, deux mondes compl\u00e9mentaires qui se combattent sans rel\u00e2che depuis trop longtemps !<\/p>\n<p>Editions Exergue\u00a0 Novembre 2008<\/p>\n<p>***********************************************************************************************<\/p>\n<p style=\"font-size: 16px;\"><em><strong>\u00ab\u00a0Le Christ philosophe\u00a0\u00bb<\/strong><\/em><\/p>\n<p>par Fr\u00e9d\u00e9ric Lenoir<\/p>\n<p style=\"text-align: justify;\"><img decoding=\"async\" loading=\"lazy\" class=\"alignleft size-full wp-image-823\" title=\"tombeau\" src=\"http:\/\/www.unnouveaumonde.org\/site\/wp-content\/uploads\/tombeau.jpg\" alt=\"tombeau\" width=\"100\" height=\"142\" \/>Pourquoi la d\u00e9mocratie et les droits de l&rsquo;homme sont-ils n\u00e9s en Occident plut\u00f4t qu&rsquo;en Inde, en Chine, ou dans l&rsquo;Empire ottoman ? Parce que l&rsquo;Occident \u00e9tait chr\u00e9tien et que le christianisme n&rsquo;est pas seulement une religion.<\/p>\n<p style=\"text-align: justify;\">Certes, le message des Evangiles s&rsquo;enracine dans la foi en Dieu, mais le Christ enseigne aussi une \u00e9thique \u00e0 port\u00e9e universelle : \u00e9gale dignit\u00e9 de tous, justice et partage, non-violence, \u00e9mancipation de l&rsquo;individu \u00e0 l&rsquo;\u00e9gard du groupe et de la femme \u00e0 l&rsquo;\u00e9gard de l&rsquo;homme, libert\u00e9 de choix, s\u00e9paration du politique et du religieux, fraternit\u00e9 humaine.<\/p>\n<p style=\"text-align: justify;\">Quand au IVe si\u00e8cle, le christianisme devient religion officielle de l&rsquo;Empire romain, la sagesse du Christ est en grande partie obscurcie par l&rsquo;institution eccl\u00e9siale. Elle rena\u00eet mille ans plus tard, lorsque les penseurs de la Renaissance et des Lumi\u00e8res s&rsquo;appuient sur la \u00ab\u00a0philosophie du Christ\u00a0\u00bb, selon l&rsquo;expression d&rsquo;Erasme, pour \u00e9manciper les soci\u00e9t\u00e9s europ\u00e9ennes de l&#8217;emprise des pouvoirs religieux et fonder l&rsquo;humanisme moderne.<\/p>\n<p style=\"text-align: justify;\">Frt\u00e9d\u00e9ric Lenoir raconte ici le destin paradoxal du christianisme &#8211; du t\u00e9moignage des ap\u00f4tres \u00e0 la naissance du monde moderne en passant par l&rsquo;Inquisition &#8211; et nous fait relire les Evangiles d&rsquo;un oeil radicalement neuf.<\/p>\n<p>Editions Plon\u00a0 Octobre 2007<\/p>\n<p>**********************************************************************************************<\/p>\n<p style=\"font-size: 16px;\"><strong><em>Tremblez mais osez<\/em><\/strong><\/p>\n<p>par le Docteur Susan Jeffers<\/p>\n<p style=\"text-align: justify;\"><img decoding=\"async\" loading=\"lazy\" class=\"alignleft size-thumbnail wp-image-824\" title=\"tigre et lapin\" src=\"http:\/\/www.unnouveaumonde.org\/site\/wp-content\/uploads\/tigre-et-lapin-150x150.jpg\" alt=\"tigre et lapin\" width=\"150\" height=\"150\" \/>Vous craignez de prendre une d\u00e9cision, de changer de travail, de vous lancer dans un projet, de demander une augmentation, de mettre fin \u00e0 une relation ? Vous ne vous sentez pas parfaitement \u00e9panoui &#8230; Le futur vous effraie &#8230;<\/p>\n<p style=\"text-align: justify;\">Ce livre vous aidera \u00e0 identifier vos peurs et \u00e0 les surmonter pour agir et ne plus subir. Les techniques mises au point par Susan Jeffers vous permettront de d\u00e9couvrir :<\/p>\n<p style=\"text-align: justify;\">* Comment prendre une d\u00e9cision et faire le bon choix<\/p>\n<p style=\"text-align: justify;\">* Les pouvoirs de la pens\u00e9e positive<\/p>\n<p style=\"text-align: justify;\">* La force int\u00e9rieure pr\u00e9sente en vous, capable de m\u00e9tamorphoser votre existence &#8230;<\/p>\n<p>Collection Marabout Psy\u00a0 Avril 2009<\/p>\n<p>***********************************************************************************************<\/p>\n<p style=\"font-size: 16px;\"><strong><em>\u00ab\u00a0Ces hasards qui n&rsquo;existent pas\u00a0\u00bb<\/em><\/strong><\/p>\n<p>par C\u00e9line Menguy<\/p>\n<p style=\"text-align: justify;\"><img decoding=\"async\" loading=\"lazy\" class=\"alignleft size-full wp-image-825\" title=\"\u00e9ternit\u00e9\" src=\"http:\/\/www.unnouveaumonde.org\/site\/wp-content\/uploads\/\u00e9ternit\u00e91.jpg\" alt=\"\u00e9ternit\u00e9\" width=\"128\" height=\"124\" \/>Quelle part de hasard ou de chance peut-on donner \u00e0 la synchronicit\u00e9 ? Est-elle r\u00e9serv\u00e9e uniquement \u00e0 certains \u00eatres dit \u00ab\u00a0n\u00e9s sous une bonne \u00e9toile\u00a0\u00bb ? Ou bien nous concerne-t-elle tous ?<\/p>\n<p style=\"text-align: justify;\">A travers cet ouvrage, l&rsquo;auteur nous permet d&rsquo;\u00eatre les t\u00e9moins privil\u00e9gi\u00e9s d&rsquo;histoires aussi vari\u00e9es qu&rsquo;improbables. Certaines nous entra\u00eenent dans des univers fantasmagoriques qui nous conduisent \u00e0 nous poser de multiples questions. Ce livre aborde une infinit\u00e9 de synchronicit\u00e9s, de celles que nous pourrions appeler \u00ab\u00a0les heureux hasards\u00a0\u00bb, \u00e0 celles que nous cr\u00e9ons nous-m\u00eames : \u00ab\u00a0les synchronicit\u00e9s provoqu\u00e9es\u00a0\u00bb. Il souligne le lien troublant entre ce ph\u00e9nom\u00e8ne et les r\u00eaves, les chiffres, mais aussi les pr\u00e9noms, les lieux et les \u00eatres chers disparus.<\/p>\n<p style=\"text-align: justify;\">Gr\u00e2ce aux t\u00e9moignages bouleversants d&rsquo;anonymes ou de personnalit\u00e9s, l&rsquo;auteur nous initie \u00e0 la notion d&rsquo;interd\u00e9pendance, celle dont parlent les bouddhistes.<\/p>\n<p>Editions Alph\u00e9e\u00a0\u00a0 Mai 2009<\/p>\n<p>**********************************************************************************************<\/p>\n<p style=\"font-size: 16px;\"><strong><em>Savoir dire non<\/em><\/strong><\/p>\n<p>par Marie Haddou<\/p>\n<p style=\"text-align: justify;\"><img decoding=\"async\" loading=\"lazy\" class=\"alignleft size-thumbnail wp-image-827\" title=\"Deva-79\" src=\"http:\/\/www.unnouveaumonde.org\/site\/wp-content\/uploads\/Deva-79-150x150.jpg\" alt=\"Deva-79\" width=\"150\" height=\"150\" \/>Qu&rsquo;est-ce qu&rsquo;on aimerait pouvoir dire non :<\/p>\n<p style=\"text-align: justify;\">* \u00e0 la coiffeuse qui veut nous imposer une coupe \u00e0 la mode;\u00a0\u00a0\u00a0 *au d\u00e9jeuner dominical obligatoire;\u00a0\u00a0\u00a0 * \u00e0 l&rsquo;amie qui emprunte toujours nos plus beaux v\u00eatements;\u00a0\u00a0\u00a0 * au chef de service qui nous r\u00e9clame un rapport \u00e0 la derni\u00e8re minute &#8230;<\/p>\n<p style=\"text-align: justify;\">Et tout ce qu&rsquo;on parvient \u00e0 exprimer, c&rsquo;est un \u00ab\u00a0oui\u00a0\u00bb timide !<\/p>\n<p style=\"text-align: justify;\">En s&rsquo;appuyant sur des exemples authentiques tir\u00e9s de la vie quotidienne (au travail, en famille, avec les amis, en amour &#8230;) Marie Haddou explique quelles peurs nous pi\u00e8gent \u00e0 notre insu et propose plusieurs m\u00e9thodes pour changer et s&rsquo;affirmer en toute s\u00e9r\u00e9nit\u00e9, sans culpabiliser, dans les situations difficiles.<\/p>\n<p>Editions Flammarion\u00a0 2006<\/p>\n<p>************************************************************************************************<br class=\"spacer_\" \/><strong> <\/strong><\/p>\n<p style=\"font-size: 16px;\"><strong><em>\u00ab\u00a0Mange , prie , aime\u00a0\u00bb<\/em><\/strong><\/p>\n<p>par Elisabeth Gilbert<\/p>\n<p style=\"text-align: justify;\"><img decoding=\"async\" loading=\"lazy\" class=\"alignleft size-thumbnail wp-image-828\" title=\"pont\" src=\"http:\/\/www.unnouveaumonde.org\/site\/wp-content\/uploads\/pont-150x150.jpg\" alt=\"pont\" width=\"150\" height=\"150\" \/>Changer de vie, on en a tous r\u00eav\u00e9 &#8230;\u00a0 Elle a os\u00e9 !!!<\/p>\n<p style=\"text-align: justify;\">A trente et un ans, Elisabeth Gilbert poss\u00e8de tout ce dont une Am\u00e9ricaine ambitieuse peut r\u00eaver : un mari d\u00e9vou\u00e9, une belle maison, une carri\u00e8re prometteuse. Elle devrait nager dans le bonheur, pourtant elle est rong\u00e9e par l&rsquo;angoisse, le doute, l&rsquo;insatisfaction &#8230;<\/p>\n<p style=\"text-align: justify;\">S&rsquo;ensuivent un divorce, une d\u00e9pression et une liaison d\u00e9sastreuse qui la laissent exsangue et encore plus d\u00e9sempar\u00e9e. Elle d\u00e9cide de tout plaquer pour partir seule \u00e0 travers le monde.<\/p>\n<p style=\"text-align: justify;\">A elle de se construire la vie qu&rsquo;elle s&rsquo;est choisie !<\/p>\n<p style=\"text-align: justify;\">En Italie, elle go\u00fbte aux d\u00e9lices de la \u00ab\u00a0<em>dolce vita<\/em>\u00a0\u00bb et prend les \u00ab\u00a0douze kilos les plus heureux de sa vie\u00a0\u00bb, en Inde, ashram et rigueur asc\u00e9tique l&rsquo;aident \u00e0 discipliner son esprit (lever \u00e0 4 heures du matin, m\u00e9ditation et nettoyage des sols !) et en Indon\u00e9sie, elle cherche \u00e0 r\u00e9concilier son corps et son \u00e2me pour trouver l&rsquo;\u00e9quilibre qu&rsquo;on appelle le bonheur &#8230;<\/p>\n<p>Editions France Loisirs\u00a0 2006<\/p>\n<p>***********************************************************************************************<\/p>\n<p style=\"font-size: 16px;\"><strong><em>Le Jeu de la Vie et comment le jouer<\/em><\/strong><\/p>\n<p>de Florence Scovel Shinn traduit par le Docteur Mary Sterling<\/p>\n<p style=\"text-align: justify;\"><img decoding=\"async\" class=\"alignleft size-full wp-image-829\" title=\"untitled5\" src=\"http:\/\/www.unnouveaumonde.org\/site\/wp-content\/uploads\/untitled5.bmp\" alt=\"untitled5\" \/>Penser devrait atteindre \u00e0 la perfection d&rsquo;un art.<\/p>\n<p style=\"text-align: justify;\">Celui qui arrive \u00e0 cette ma\u00eetrise doit avoir grand besoin de ne peindre sur la toile de son esprit que selon le dessein divin : il peint ses tableaux avec de magistrales touches de puissance et de d\u00e9cision, avec la foi parfaite qu&rsquo;il n&rsquo;y a point de pouvoir capable d&rsquo;en alt\u00e9rer la perfection, sachant qu&rsquo;ils se manifesteront dans sa vie, l&rsquo;id\u00e9al devenant le r\u00e9el.<\/p>\n<p style=\"text-align: justify;\">Tout pouvoir est donn\u00e9 \u00e0 l&rsquo;homme (par la pens\u00e9e juste) de r\u00e9aliser son ciel sur la terre et voil\u00e0 le but du jeu de la vie.<\/p>\n<p>Editions Astra Bussi\u00e8re\u00a0 Novembre 2009<\/p>\n<p>***********************************************************************************************<\/p>\n<p style=\"font-size: 16px;\"><strong><em>Dis-moi o\u00f9 tu as mal, je te dirai pourquoi<\/em><\/strong><\/p>\n<p>par Michel Odoul<\/p>\n<p style=\"text-align: justify;\"><img decoding=\"async\" loading=\"lazy\" class=\"alignleft size-thumbnail wp-image-831\" title=\"m\u00e9lodie\" src=\"http:\/\/www.unnouveaumonde.org\/site\/wp-content\/uploads\/m\u00e9lodie-150x150.jpg\" alt=\"m\u00e9lodie\" width=\"150\" height=\"150\" srcset=\"http:\/\/www.unnouveaumonde.org\/site\/wp-content\/uploads\/m\u00e9lodie-150x150.jpg 150w, http:\/\/www.unnouveaumonde.org\/site\/wp-content\/uploads\/m\u00e9lodie-300x300.jpg 300w, http:\/\/www.unnouveaumonde.org\/site\/wp-content\/uploads\/m\u00e9lodie.jpg 320w\" sizes=\"(max-width: 150px) 100vw, 150px\" \/>Les cris du corps sont des messages de l&rsquo;\u00e2me. Notre corps parle. Encore faut-il savoir l&rsquo;entendre. Allergies, anorexie, boulimie, cancer, fi\u00e8vres, maux de gorge, inflammations, kystes, lumbagos, migraines, maux de nez, sciatiques, spasmophilie, tumeurs, vertiges, etc. sont le signe qu&rsquo;\u00e0 l&rsquo;int\u00e9rieur de nous des tensions profondes cherchent \u00e0 s&rsquo;exprimer&#8230;<\/p>\n<p style=\"text-align: justify;\">Cet ouvrage nous apprend \u00e0 ne plus voir la maladie comme le fait du hasard ou de la fatalit\u00e9. C&rsquo;est une message de notre \u00eatre int\u00e9rieur. Il nous permet de d\u00e9couvrir derri\u00e8re la souffrance uen \u00ab\u00a0maladie cr\u00e9atrice\u00a0\u00bb : la maladie s&rsquo;av\u00e8re \u00eatre un indicateur de la n\u00e9cessit\u00e9 de changement.<\/p>\n<p style=\"text-align: justify;\">Fond\u00e9es sur pr\u00e8s de 20 ans d&rsquo;exp\u00e9rience et plusieurs milliers de consultations individuelles, toutes les informations contenues dans ce livre ont \u00e9t\u00e9 valid\u00e9es sur le terrain et par la pratique quotidienne.<\/p>\n<p>Aubin imprimeur et France Loisirs\u00a0 Juillet 2004<\/p>\n<p>**********************************************************************************************<br class=\"spacer_\" \/><\/p>\n<p><br class=\"spacer_\" \/><\/p>\n<p><br class=\"spacer_\" \/><\/p>\n<p><br class=\"spacer_\" \/><\/p>\n","protected":false},"excerpt":{"rendered":"<p>BRIDA de\u00a0\u00a0 Paulo Coelho Brida, une jeune Irlandaise \u00e0 la recherche de la Connaissance, s\u2019int\u00e9resse depuis toujours aux diff\u00e9rents aspects de la magie, mais elle aspire \u00e0 quelque chose de <a class=\"more-link\" href=\"http:\/\/www.unnouveaumonde.org\/site\/decouvrir\/bibliographie\/\">&#8230; Lire plus \u2192<\/a><\/p>\n","protected":false},"author":1,"featured_media":0,"parent":332,"menu_order":1,"comment_status":"closed","ping_status":"closed","template":"","meta":[],"_links":{"self":[{"href":"http:\/\/www.unnouveaumonde.org\/site\/wp-json\/wp\/v2\/pages\/11"}],"collection":[{"href":"http:\/\/www.unnouveaumonde.org\/site\/wp-json\/wp\/v2\/pages"}],"about":[{"href":"http:\/\/www.unnouveaumonde.org\/site\/wp-json\/wp\/v2\/types\/page"}],"author":[{"embeddable":true,"href":"http:\/\/www.unnouveaumonde.org\/site\/wp-json\/wp\/v2\/users\/1"}],"replies":[{"embeddable":true,"href":"http:\/\/www.unnouveaumonde.org\/site\/wp-json\/wp\/v2\/comments?post=11"}],"version-history":[{"count":1,"href":"http:\/\/www.unnouveaumonde.org\/site\/wp-json\/wp\/v2\/pages\/11\/revisions"}],"predecessor-version":[{"id":1825,"href":"http:\/\/www.unnouveaumonde.org\/site\/wp-json\/wp\/v2\/pages\/11\/revisions\/1825"}],"up":[{"embeddable":true,"href":"http:\/\/www.unnouveaumonde.org\/site\/wp-json\/wp\/v2\/pages\/332"}],"wp:attachment":[{"href":"http:\/\/www.unnouveaumonde.org\/site\/wp-json\/wp\/v2\/media?parent=11"}],"curies":[{"name":"wp","href":"https:\/\/api.w.org\/{rel}","templated":true}]}}