{"id":1067,"date":"2012-10-14T13:26:25","date_gmt":"2012-10-14T11:26:25","guid":{"rendered":"http:\/\/www.unnouveaumonde.org\/site\/?page_id=1067"},"modified":"2018-02-07T17:29:55","modified_gmt":"2018-02-07T15:29:55","slug":"cancer-10-octobre-2012-montpellier","status":"publish","type":"page","link":"http:\/\/www.unnouveaumonde.org\/site\/sante\/cancer-10-octobre-2012-montpellier\/","title":{"rendered":"Cancer : Colloque Montpellier"},"content":{"rendered":"<p style=\"text-align: center;\">\n<p style=\"text-align: center;\"><span style=\"font-size: large;\"><strong>Un Congr\u00e8s avec l\u2019Association \u00ab\u00a0Etincelle\u00a0\u00bb \u2026<\/strong><\/span><\/p>\n<p style=\"text-align: center;\"><span style=\"font-size: large;\"><strong>Et des mots qui y ont produit des \u00e9tincelles\u00a0!!!<\/strong><\/span><\/p>\n<p style=\"text-align: center;\">\n<p style=\"text-align: center;\"><img decoding=\"async\" loading=\"lazy\" class=\"size-full wp-image-1068   alignnone\" title=\"seins-\u00e9tincelles\" alt=\"seins-\u00e9tincelles\" src=\"http:\/\/www.unnouveaumonde.org\/site\/wp-content\/uploads\/seins-\u00e9tincelles.jpg\" width=\"331\" height=\"152\" srcset=\"http:\/\/www.unnouveaumonde.org\/site\/wp-content\/uploads\/seins-\u00e9tincelles.jpg 331w, http:\/\/www.unnouveaumonde.org\/site\/wp-content\/uploads\/seins-\u00e9tincelles-300x137.jpg 300w\" sizes=\"(max-width: 331px) 100vw, 331px\" \/><\/p>\n<p style=\"text-align: justify;\">Un v\u00e9ritable r\u00e9gal ce mercredi 10 Octobre 2012 au Centre Rabelais de Montpellier.<\/p>\n<p style=\"text-align: justify;\">Tant de congr\u00e8s au bla-bla-bla d\u00e9sesp\u00e9rant \u2026 C\u2019\u00e9tait inattendu\u00a0!<\/p>\n<p style=\"text-align: justify;\">Et pourtant vu la personnalit\u00e9 de Betty, Thierry, et du petit groupe de l\u2019Association \u00ab\u00a0Etincelle\u00a0\u00bb \u2026 j\u2019aurais d\u00fb le pr\u00e9voir.<\/p>\n<p style=\"text-align: center;\">\n<p style=\"text-align: justify;\">En France, pour l\u2019ann\u00e9e 2011, on a \u00e9valu\u00e9 \u00e0 environ 149 000 personnes qui sont d\u00e9c\u00e9d\u00e9es du cancer (84 000 hommes et 65 000 femmes).<\/p>\n<p style=\"text-align: justify;\">Le cancer du sein touche actuellement 1 femme sur 8. Seules 30% des femmes\u00a0 ayant eu une ablation d\u2019un ou des deux seins se font reconstruire malgr\u00e9 des techniques de pointe tout \u00e0 fait au point ! La peur, le manque d\u2019argent car c\u2019est rarement gratuit, le manque d\u2019information surtout, sont un s\u00e9rieux handicap \u00e0 cela. On vous renvoie souvent sur des proth\u00e8ses car, comme il faut les changer tous les 7-8 ans environ, ce commerce rapporte beaucoup plus qu\u2019une reconstruction d\u00e9finitive.<\/p>\n<p style=\"text-align: center;\"><img decoding=\"async\" loading=\"lazy\" class=\"size-medium wp-image-1074  aligncenter\" title=\"Etincelle1\" alt=\"Etincelle1\" src=\"http:\/\/www.unnouveaumonde.org\/site\/wp-content\/uploads\/Etincelle11-300x200.jpg\" width=\"300\" height=\"200\" srcset=\"http:\/\/www.unnouveaumonde.org\/site\/wp-content\/uploads\/Etincelle11-300x200.jpg 300w, http:\/\/www.unnouveaumonde.org\/site\/wp-content\/uploads\/Etincelle11.jpg 800w\" sizes=\"(max-width: 300px) 100vw, 300px\" \/><\/p>\n<ul style=\"text-align: center;\">\n<li style=\"text-align: justify;\">Quels regards face au cancer\u00a0?<\/li>\n<li style=\"text-align: justify;\">Quel parcours de vie alors\u00a0?<\/li>\n<li style=\"text-align: justify;\">Comment agir ensemble pour am\u00e9liorer la \u00ab\u00a0prise en charge\u00a0\u00bb\u00a0!!!<\/li>\n<li style=\"text-align: justify;\">Pardon, nous dirons d\u00e9sormais <strong>ACCOMPAGNEMENT.<\/strong><\/li>\n<\/ul>\n<p style=\"text-align: center;\">\n<p style=\"text-align: justify;\">En effet, nous avons ensemble \u00e9t\u00e9 d\u2019accord pour dire que ce mot de \u00ab\u00a0prise en charge\u00a0\u00bb n\u2019est pas vraiment g\u00e9nial. Il implique un renoncement \u00e0 se battre, un assistanat, de la mollesse &#8230; Or, nous avons pu constater, lors de cette journ\u00e9e, que la plupart des femmes ont v\u00e9ritablement envie d\u2019\u00eatre \u00ab\u00a0actrices\u00a0\u00bb de leur parcours de vie, de se l\u2019approprier avec l\u2019 \u00ab\u00a0accompagnement\u00a0\u00bb et le soutien de l\u2019entourage.<\/p>\n<p style=\"text-align: justify;\">Un parcours certes tr\u00e8s difficile, mais, tr\u00e8s important, car on ferme un livre pour en ouvrir un autre. On en sort totalement diff\u00e9rentes, de corps et d\u2019esprit, plus proche de la vraie vie, dans une prise de conscience lumineuse souvent.<\/p>\n<p style=\"text-align: center;\"><img decoding=\"async\" loading=\"lazy\" class=\"size-medium wp-image-1072   alignnone\" title=\"la cour\" alt=\"la cour\" src=\"http:\/\/www.unnouveaumonde.org\/site\/wp-content\/uploads\/la-cour-300x200.jpg\" width=\"300\" height=\"200\" srcset=\"http:\/\/www.unnouveaumonde.org\/site\/wp-content\/uploads\/la-cour-300x200.jpg 300w, http:\/\/www.unnouveaumonde.org\/site\/wp-content\/uploads\/la-cour.jpg 800w\" sizes=\"(max-width: 300px) 100vw, 300px\" \/><\/p>\n<ul style=\"text-align: center;\">\n<li style=\"text-align: justify;\">Comment am\u00e9liorer les conditions de l\u2019annonce\u00a0?<\/li>\n<li style=\"text-align: justify;\">Quels ressentis \u00e0 travers des t\u00e9moignages de malades\u00a0?<\/li>\n<li style=\"text-align: justify;\">Faut-il personnaliser l\u2019annonce et le soin\u00a0?<\/li>\n<\/ul>\n<p style=\"text-align: justify;\">Pas de langue de bois \u2026 des mots d\u00e9capants \u2026 Oui, dans ce congr\u00e8s, nous avons tous os\u00e9 \u00ab\u00a0parler vrai\u00a0\u00bb sur un sujet si d\u00e9licat, si difficile, qui met si mal \u00e0 l\u2019aise aussi bien le docteur que la malade.<\/p>\n<p style=\"text-align: justify;\">Il n\u2019y a qu\u2019ainsi que l\u2019on peut faire avancer les choses, et c\u2019est ce que nous avons v\u00e9cu tout au long de cette magnifique journ\u00e9e avec un corps m\u00e9dical qui s\u2019est interrog\u00e9 humblement, v\u00e9ritablement. Une fois n\u2019est pas coutume\u00a0 :-))) \u00a0 \u2026 Je plaisante \u2026<\/p>\n<p style=\"text-align: justify;\">Conclusion d\u2019une table ronde\u00a0: il faut d\u00e9sormais que le \u00ab\u00a0soignant\u00a0\u00bb accepte de mettre de c\u00f4t\u00e9 son \u00ab\u00a0savoir\u00a0\u00bb pour instaurer une \u00ab\u00a0vraie relation\u00a0\u00bb avec le \u00ab\u00a0soign\u00e9\u00a0\u00bb.<\/p>\n<p style=\"text-align: justify;\">\n<p style=\"text-align: justify;\">Une magnifique \u00ab\u00a0\u00e9tincelle\u00a0\u00bb nous a \u00e9t\u00e9 donn\u00e9e \u00e9galement par la troupe th\u00e9\u00e2trale du m\u00eame nom. Le jeu des com\u00e9diens a permis de mettre de l\u2019action sur des mots, avec un public qui s\u2019est aussi mobilis\u00e9 en s\u2019improvisant \u00ab\u00a0acteurs\u00a0\u00bb.<\/p>\n<p style=\"text-align: justify;\">Quelles belles synchronicit\u00e9s tout au long de cette journ\u00e9e ensoleill\u00e9e aussi bien par le temps que par nos c\u0153urs \u2026<\/p>\n<p style=\"text-align: justify;\">\n<p style=\"text-align: center;\"><strong>Bravo et Merci \u00e0 tous les organisateurs, \u00e0 Betty, Thierry, et le groupe de l\u2019Association \u00ab\u00a0Etincelle\u00a0\u00bb, \u00e0 toutes celles et tous ceux qui ont parrain\u00e9 et se sont impliqu\u00e9 dans cette journ\u00e9e, qui se sont donn\u00e9s corps et \u00e2me, pour la tr\u00e8s grande r\u00e9ussite de ce congr\u00e8s inoubliable o\u00f9 les paroles du c\u0153ur ont pris forme en \u00e9tincelles de vie.<\/strong><\/p>\n<p style=\"text-align: center;\">\n<p style=\"text-align: left;\">Kristo<\/p>\n<p style=\"text-align: left;\">\n<p style=\"text-align: left;\">Association Etincelle<\/p>\n<p style=\"text-align: left;\">Languedoc &#8211; Roussillon<\/p>\n<p style=\"text-align: left;\">9 Rue Gerhardt (entr\u00e9e 1 rue jean)<\/p>\n<p style=\"text-align: left;\">34000 Montpellier<\/p>\n<p style=\"text-align: left;\">04 67 58 94 23<\/p>\n<p style=\"text-align: left;\">http:\/\/www.etincelle-lr.com<\/p>\n","protected":false},"excerpt":{"rendered":"<p>Un Congr\u00e8s avec l\u2019Association \u00ab\u00a0Etincelle\u00a0\u00bb \u2026 Et des mots qui y ont produit des \u00e9tincelles\u00a0!!! Un v\u00e9ritable r\u00e9gal ce mercredi 10 Octobre 2012 au Centre Rabelais de Montpellier. Tant de <a class=\"more-link\" href=\"http:\/\/www.unnouveaumonde.org\/site\/sante\/cancer-10-octobre-2012-montpellier\/\">&#8230; Lire plus \u2192<\/a><\/p>\n","protected":false},"author":1,"featured_media":0,"parent":1771,"menu_order":0,"comment_status":"open","ping_status":"closed","template":"","meta":[],"_links":{"self":[{"href":"http:\/\/www.unnouveaumonde.org\/site\/wp-json\/wp\/v2\/pages\/1067"}],"collection":[{"href":"http:\/\/www.unnouveaumonde.org\/site\/wp-json\/wp\/v2\/pages"}],"about":[{"href":"http:\/\/www.unnouveaumonde.org\/site\/wp-json\/wp\/v2\/types\/page"}],"author":[{"embeddable":true,"href":"http:\/\/www.unnouveaumonde.org\/site\/wp-json\/wp\/v2\/users\/1"}],"replies":[{"embeddable":true,"href":"http:\/\/www.unnouveaumonde.org\/site\/wp-json\/wp\/v2\/comments?post=1067"}],"version-history":[{"count":0,"href":"http:\/\/www.unnouveaumonde.org\/site\/wp-json\/wp\/v2\/pages\/1067\/revisions"}],"up":[{"embeddable":true,"href":"http:\/\/www.unnouveaumonde.org\/site\/wp-json\/wp\/v2\/pages\/1771"}],"wp:attachment":[{"href":"http:\/\/www.unnouveaumonde.org\/site\/wp-json\/wp\/v2\/media?parent=1067"}],"curies":[{"name":"wp","href":"https:\/\/api.w.org\/{rel}","templated":true}]}}